{"id":1010,"date":"2025-01-29T18:06:19","date_gmt":"2025-01-29T17:06:19","guid":{"rendered":"https:\/\/www.fantinisrl.it\/?page_id=1010"},"modified":"2026-02-27T10:24:55","modified_gmt":"2026-02-27T09:24:55","slug":"produkte","status":"publish","type":"page","link":"https:\/\/www.fantiniworld.com\/de\/produkte\/","title":{"rendered":"Produkte"},"content":{"rendered":"<p>[et_pb_section fb_built=&#8220;1&#8243; custom_padding_last_edited=&#8220;on|phone&#8220; admin_label=&#8220;Header&#8220; _builder_version=&#8220;4.27.4&#8243; _module_preset=&#8220;default&#8220; overflow-x=&#8220;hidden&#8220; overflow-y=&#8220;hidden&#8220; custom_padding=&#8220;0px||0px||false|false&#8220; custom_padding_tablet=&#8220;|0px|0px|0px|false|true&#8220; custom_padding_phone=&#8220;|0px|0px|0px|false|true&#8220; collapsed=&#8220;on&#8220; global_colors_info=&#8220;{}&#8220;][et_pb_row custom_padding_last_edited=&#8220;on|desktop&#8220; _builder_version=&#8220;4.27.4&#8243; _module_preset=&#8220;default&#8220; module_alignment=&#8220;center&#8220; custom_margin=&#8220;0px||0px||false|false&#8220; custom_padding=&#8220;100px||50px||false|false&#8220; custom_padding_tablet=&#8220;70px||70px||true|false&#8220; custom_padding_phone=&#8220;50px||50px||true|false&#8220; global_colors_info=&#8220;{}&#8220;][et_pb_column type=&#8220;4_4&#8243; _builder_version=&#8220;4.22.0&#8243; _module_preset=&#8220;default&#8220; global_colors_info=&#8220;{}&#8220;][et_pb_text _builder_version=&#8220;4.27.4&#8243; _module_preset=&#8220;81619343-4e27-4319-baab-1ccc722fbe92&#8243; header_text_align=&#8220;center&#8220; custom_padding=&#8220;|40px||40px|false|true&#8220; header_text_align_tablet=&#8220;center&#8220; header_text_align_phone=&#8220;left&#8220; header_text_align_last_edited=&#8220;on|phone&#8220; header_font_size_tablet=&#8220;53px&#8220; header_font_size_phone=&#8220;34px&#8220; global_colors_info=&#8220;{}&#8220;]<\/p>\n<h1>Was wir f\u00fcr Sie produzieren.<\/h1>\n<p>[\/et_pb_text][\/et_pb_column][\/et_pb_row][\/et_pb_section][et_pb_section fb_built=&#8220;1&#8243; admin_label=&#8220;Feature&#8220; _builder_version=&#8220;4.27.4&#8243; _module_preset=&#8220;default&#8220; background_color=&#8220;#FCFCFC&#8220; custom_padding=&#8220;0px||||false|false&#8220; locked=&#8220;off&#8220; global_colors_info=&#8220;{}&#8220;][et_pb_row column_structure=&#8220;1_2,1_2&#8243; custom_padding_last_edited=&#8220;on|tablet&#8220; admin_label=&#8220;Linie&#8220; _builder_version=&#8220;4.27.4&#8243; _module_preset=&#8220;default&#8220; min_height=&#8220;240.2px&#8220; custom_margin=&#8220;|auto||auto|false|false&#8220; custom_padding=&#8220;5px||5px||false|true&#8220; custom_padding_tablet=&#8220;|40px|56px|40px|false|true&#8220; custom_padding_phone=&#8220;|40px|56px|40px|false|true&#8220; global_colors_info=&#8220;{}&#8220;][et_pb_column type=&#8220;1_2&#8243; _builder_version=&#8220;4.27.4&#8243; _module_preset=&#8220;default&#8220; custom_padding=&#8220;|40px||40px|false|false&#8220; custom_padding_tablet=&#8220;|0px||0px|false|false&#8220; custom_padding_phone=&#8220;|0px||0px|false|false&#8220; custom_padding_last_edited=&#8220;on|phone&#8220; global_colors_info=&#8220;{}&#8220;][et_pb_text _builder_version=&#8220;4.27.4&#8243; _module_preset=&#8220;17bafc8b-c438-4d8a-8c9e-d22aac3d9546&#8243; max_width_tablet=&#8220;&#8220; max_width_phone=&#8220;&#8220; max_width_last_edited=&#8220;on|phone&#8220; custom_margin=&#8220;||||false|false&#8220; custom_padding=&#8220;|||100px|false|false&#8220; custom_padding_tablet=&#8220;|||0px|false|false&#8220; custom_padding_phone=&#8220;|||0px|false|false&#8220; custom_padding_last_edited=&#8220;on|phone&#8220; header_2_font_size_tablet=&#8220;45px&#8220; header_2_font_size_phone=&#8220;25px&#8220; locked=&#8220;off&#8220; global_colors_info=&#8220;{}&#8220;]<\/p>\n<h2>Qualit\u00e4t, Zuverl\u00e4ssigkeit und Pr\u00e4zision<br \/>zu Ihren Diensten!<\/h2>\n<p>[\/et_pb_text][\/et_pb_column][et_pb_column type=&#8220;1_2&#8243; _builder_version=&#8220;4.27.4&#8243; _module_preset=&#8220;default&#8220; custom_padding=&#8220;|40px||40px|false|false&#8220; custom_padding_tablet=&#8220;|0px||0px|false|false&#8220; custom_padding_phone=&#8220;|0px||0px|false|false&#8220; custom_padding_last_edited=&#8220;on|phone&#8220; global_colors_info=&#8220;{}&#8220;][et_pb_text _builder_version=&#8220;4.27.4&#8243; _module_preset=&#8220;0343ab31-f259-4082-b1f3-5cabd33d9786&#8243; max_width=&#8220;643px&#8220; locked=&#8220;off&#8220; global_colors_info=&#8220;{}&#8220;]<\/p>\n<p>Seit mehr als f\u00fcnfzig Jahren zeichnet sich Fantini Italia durch die tadellose Qualit\u00e4t seiner Produkte aus, die das Ergebnis einer akribischen Liebe zum Detail und einer aufrichtigen Leidenschaft f\u00fcr Innovation sind. Jede L\u00f6sung, die wir anbieten, ist so konzipiert, dass sie maximale Effizienz und Nachhaltigkeit garantiert. <\/p>\n<p>[\/et_pb_text][\/et_pb_column][\/et_pb_row][et_pb_row _builder_version=&#8220;4.27.4&#8243; _module_preset=&#8220;default&#8220; background_enable_color=&#8220;off&#8220; use_background_color_gradient=&#8220;on&#8220; background_color_gradient_stops=&#8220;#110f00 0%|rgba(7,7,7,0) 100%&#8220; background_image=&#8220;https:\/\/www.fantiniworld.com\/wp-content\/uploads\/2025\/06\/foto-mais-campo-scaled.jpg&#8220; background_blend=&#8220;multiply&#8220; min_height=&#8220;634px&#8220; min_height_tablet=&#8220;500px&#8220; min_height_phone=&#8220;600px&#8220; min_height_last_edited=&#8220;on|phone&#8220; custom_margin=&#8220;0px|auto||auto|false|false&#8220; custom_padding=&#8220;||||false|false&#8220; scroll_fade_enable=&#8220;on&#8220; scroll_fade=&#8220;0|50|50|68|0|100|100&#8243; motion_trigger_start=&#8220;top&#8220; global_colors_info=&#8220;{}&#8220; background__hover_enabled=&#8220;off|hover&#8220; background_enable_color__hover=&#8220;off&#8220; background_blend__hover=&#8220;multiply&#8220; parallax__hover=&#8220;off&#8220;][et_pb_column type=&#8220;4_4&#8243; _builder_version=&#8220;4.27.4&#8243; _module_preset=&#8220;default&#8220; global_colors_info=&#8220;{}&#8220;][et_pb_heading title=&#8220;M\u00e4hdreschervors\u00e4tze&#8220; _builder_version=&#8220;4.27.4&#8243; _module_preset=&#8220;default&#8220; title_font=&#8220;|700|||||||&#8220; title_text_align=&#8220;center&#8220; title_text_color=&#8220;#F2AD00&#8243; title_font_size=&#8220;85px&#8220; max_width=&#8220;1800px&#8220; module_alignment=&#8220;center&#8220; custom_padding=&#8220;85px||||false|false&#8220; title_font_size_tablet=&#8220;70px&#8220; title_font_size_phone=&#8220;50px&#8220; title_font_size_last_edited=&#8220;on|desktop&#8220; global_colors_info=&#8220;{}&#8220;][\/et_pb_heading][et_pb_button button_url=&#8220;@ET-DC@eyJkeW5hbWljIjp0cnVlLCJjb250ZW50IjoicG9zdF9saW5rX3VybF9wYWdlIiwic2V0dGluZ3MiOnsicG9zdF9pZCI6IjIwODgiLCJlbmFibGVfaHRtbCI6Im9mZiJ9fQ==@&#8220; button_text=&#8220;Entdecken Sie die Produkte&#8220; button_alignment=&#8220;center&#8220; _builder_version=&#8220;4.27.4&#8243; _dynamic_attributes=&#8220;button_url&#8220; _module_preset=&#8220;default&#8220; custom_button=&#8220;on&#8220; button_text_size=&#8220;30px&#8220; global_colors_info=&#8220;{}&#8220; button_bg_color__hover_enabled=&#8220;on|desktop&#8220; button_bg_color__hover=&#8220;#F2AD00&#8243; button_bg_enable_color__hover=&#8220;on&#8220; button_text_color__hover_enabled=&#8220;on|desktop&#8220; button_text_color__hover=&#8220;#070707&#8243;][\/et_pb_button][\/et_pb_column][\/et_pb_row][et_pb_row _builder_version=&#8220;4.27.4&#8243; _module_preset=&#8220;default&#8220; background_enable_color=&#8220;off&#8220; use_background_color_gradient=&#8220;on&#8220; background_color_gradient_stops=&#8220;#110f00 0%|rgba(7,7,7,0) 100%&#8220; background_image=&#8220;https:\/\/www.fantiniworld.com\/wp-content\/uploads\/2025\/06\/DC01.jpg&#8220; background_blend=&#8220;multiply&#8220; min_height=&#8220;657px&#8220; min_height_tablet=&#8220;500px&#8220; min_height_phone=&#8220;600px&#8220; min_height_last_edited=&#8220;on|phone&#8220; custom_margin=&#8220;0px||||false|false&#8220; scroll_fade_enable=&#8220;on&#8220; motion_trigger_start=&#8220;top&#8220; global_colors_info=&#8220;{}&#8220; background_enable_color__hover=&#8220;off&#8220; background_blend__hover=&#8220;multiply&#8220; parallax__hover=&#8220;off&#8220; background__hover_enabled=&#8220;off|hover&#8220;][et_pb_column type=&#8220;4_4&#8243; _builder_version=&#8220;4.27.4&#8243; _module_preset=&#8220;default&#8220; global_colors_info=&#8220;{}&#8220;][et_pb_heading title=&#8220;M\u00e4hdreschervors\u00e4tze&#8220; _builder_version=&#8220;4.27.4&#8243; _module_preset=&#8220;default&#8220; title_font=&#8220;|700|||||||&#8220; title_text_align=&#8220;center&#8220; title_text_color=&#8220;#F2AD00&#8243; title_font_size=&#8220;80px&#8220; max_width=&#8220;1800px&#8220; max_width_tablet=&#8220;650px&#8220; max_width_phone=&#8220;650px&#8220; max_width_last_edited=&#8220;on|desktop&#8220; module_alignment=&#8220;center&#8220; custom_padding=&#8220;85px||0px||false|false&#8220; title_font_size_tablet=&#8220;70px&#8220; title_font_size_phone=&#8220;50px&#8220; title_font_size_last_edited=&#8220;on|phone&#8220; global_colors_info=&#8220;{}&#8220;][\/et_pb_heading][et_pb_button button_url=&#8220;@ET-DC@eyJkeW5hbWljIjp0cnVlLCJjb250ZW50IjoicG9zdF9saW5rX3VybF9wYWdlIiwic2V0dGluZ3MiOnsicG9zdF9pZCI6IjIwOTAiLCJlbmFibGVfaHRtbCI6Im9mZiJ9fQ==@&#8220; button_text=&#8220;Entdecken Sie die Produkte&#8220; button_alignment=&#8220;center&#8220; _builder_version=&#8220;4.27.4&#8243; _dynamic_attributes=&#8220;button_url&#8220; _module_preset=&#8220;default&#8220; custom_button=&#8220;on&#8220; button_text_size=&#8220;30px&#8220; global_colors_info=&#8220;{}&#8220; button_bg_color__hover_enabled=&#8220;on|desktop&#8220; button_bg_color__hover=&#8220;#F2AD00&#8243; button_bg_enable_color__hover=&#8220;on&#8220; button_text_color__hover_enabled=&#8220;on|desktop&#8220; button_text_color__hover=&#8220;#070707&#8243;][\/et_pb_button][\/et_pb_column][\/et_pb_row][et_pb_row custom_padding_last_edited=&#8220;on|phone&#8220; _builder_version=&#8220;4.27.4&#8243; _module_preset=&#8220;default&#8220; background_enable_color=&#8220;off&#8220; use_background_color_gradient=&#8220;on&#8220; background_color_gradient_stops=&#8220;#110f00 0%|rgba(7,7,7,0) 100%&#8220; background_image=&#8220;https:\/\/www.fantiniworld.com\/wp-content\/uploads\/2025\/06\/foto-gira-sole-campo-scaled.jpg&#8220; background_blend=&#8220;multiply&#8220; min_height=&#8220;570px&#8220; min_height_tablet=&#8220;500px&#8220; min_height_phone=&#8220;600px&#8220; min_height_last_edited=&#8220;on|phone&#8220; custom_padding=&#8220;||||false|false&#8220; custom_padding_tablet=&#8220;||||false|false&#8220; custom_padding_phone=&#8220;|20px||20px|false|true&#8220; scroll_fade_enable=&#8220;on&#8220; motion_trigger_start=&#8220;top&#8220; global_colors_info=&#8220;{}&#8220; background_enable_color__hover=&#8220;off&#8220; background_blend__hover=&#8220;normal&#8220; parallax__hover=&#8220;off&#8220; background__hover_enabled=&#8220;off|hover&#8220;][et_pb_column type=&#8220;4_4&#8243; _builder_version=&#8220;4.27.4&#8243; _module_preset=&#8220;default&#8220; global_colors_info=&#8220;{}&#8220;][et_pb_heading title=&#8220;Zubeh\u00f6r f\u00fcr Vors\u00e4tze&#8220; _builder_version=&#8220;4.27.4&#8243; _module_preset=&#8220;default&#8220; title_font=&#8220;|700|||||||&#8220; title_text_align=&#8220;center&#8220; title_text_color=&#8220;#F2AD00&#8243; title_font_size=&#8220;92px&#8220; max_width=&#8220;1800px&#8220; module_alignment=&#8220;center&#8220; custom_padding=&#8220;85px||||false|false&#8220; title_font_size_tablet=&#8220;70px&#8220; title_font_size_phone=&#8220;85px&#8220; title_font_size_last_edited=&#8220;on|desktop&#8220; global_colors_info=&#8220;{}&#8220;][\/et_pb_heading][et_pb_button button_url=&#8220;@ET-DC@eyJkeW5hbWljIjp0cnVlLCJjb250ZW50IjoicG9zdF9saW5rX3VybF9wYWdlIiwic2V0dGluZ3MiOnsicG9zdF9pZCI6IjIwOTIiLCJlbmFibGVfaHRtbCI6Im9mZiJ9fQ==@&#8220; button_text=&#8220;Entdecken Sie die Produkte&#8220; button_alignment=&#8220;center&#8220; _builder_version=&#8220;4.27.4&#8243; _dynamic_attributes=&#8220;button_url&#8220; _module_preset=&#8220;default&#8220; custom_button=&#8220;on&#8220; button_text_size=&#8220;30px&#8220; global_colors_info=&#8220;{}&#8220; button_bg_color__hover_enabled=&#8220;on|desktop&#8220; button_bg_color__hover=&#8220;#F2AD00&#8243; button_bg_enable_color__hover=&#8220;on&#8220; button_text_color__hover_enabled=&#8220;on|desktop&#8220; button_text_color__hover=&#8220;#070707&#8243;][\/et_pb_button][\/et_pb_column][\/et_pb_row][\/et_pb_section]<\/p>\n","protected":false},"excerpt":{"rendered":"<p>Was wir f\u00fcr Sie produzieren.Qualit\u00e4t, Zuverl\u00e4ssigkeit und Pr\u00e4zisionzu Ihren Diensten!Seit mehr als f\u00fcnfzig Jahren zeichnet sich Fantini Italia durch die tadellose Qualit\u00e4t seiner Produkte aus, die das Ergebnis einer akribischen Liebe zum Detail und einer aufrichtigen Leidenschaft f\u00fcr Innovation sind. Jede L\u00f6sung, die wir anbieten, ist so konzipiert, dass sie maximale Effizienz und Nachhaltigkeit garantiert.<\/p>\n","protected":false},"author":1,"featured_media":0,"parent":0,"menu_order":0,"comment_status":"closed","ping_status":"closed","template":"","meta":{"_et_pb_use_builder":"on","_et_pb_old_content":"","_et_gb_content_width":"","footnotes":""},"class_list":["post-1010","page","type-page","status-publish","hentry"],"yoast_head":"<!-- This site is optimized with the Yoast SEO plugin v26.7 - https:\/\/yoast.com\/wordpress\/plugins\/seo\/ -->\n<title>Fantini Italia Produkte f\u00fcr M\u00e4hdrescher<\/title>\n<meta name=\"description\" content=\"Entdecken Sie die Fantini-Produkte f\u00fcr M\u00e4hdrescher: Schneidwerke f\u00fcr Mais, Sonnenblumen, Sorghum und Schwaden, Synonym f\u00fcr Zuverl\u00e4ssigkeit und Innovation.\" \/>\n<meta name=\"robots\" content=\"index, follow, max-snippet:-1, max-image-preview:large, max-video-preview:-1\" \/>\n<link rel=\"canonical\" href=\"https:\/\/www.fantiniworld.com\/de\/produkte\/\" \/>\n<meta property=\"og:locale\" content=\"de_DE\" \/>\n<meta property=\"og:type\" content=\"article\" \/>\n<meta property=\"og:title\" content=\"Fantini Italia Produkte f\u00fcr M\u00e4hdrescher\" \/>\n<meta property=\"og:description\" content=\"Entdecken Sie die Fantini-Produkte f\u00fcr M\u00e4hdrescher: Schneidwerke f\u00fcr Mais, Sonnenblumen, Sorghum und Schwaden, Synonym f\u00fcr Zuverl\u00e4ssigkeit und Innovation.\" \/>\n<meta property=\"og:url\" content=\"https:\/\/www.fantiniworld.com\/de\/produkte\/\" \/>\n<meta property=\"og:site_name\" content=\"Fantini Italia\" \/>\n<meta property=\"article:publisher\" content=\"https:\/\/www.facebook.com\/FantiniHarvestingHeaders\/\" \/>\n<meta property=\"article:modified_time\" content=\"2026-02-27T09:24:55+00:00\" \/>\n<meta property=\"og:image\" content=\"https:\/\/www.fantiniworld.com\/wp-content\/uploads\/2025\/07\/fantini-website-image-1024x489.png\" \/>\n\t<meta property=\"og:image:width\" content=\"1024\" \/>\n\t<meta property=\"og:image:height\" content=\"489\" \/>\n\t<meta property=\"og:image:type\" content=\"image\/png\" \/>\n<meta name=\"twitter:card\" content=\"summary_large_image\" \/>\n<meta name=\"twitter:label1\" content=\"Gesch\u00e4tzte Lesezeit\" \/>\n\t<meta name=\"twitter:data1\" content=\"7\u00a0Minuten\" \/>\n<script type=\"application\/ld+json\" class=\"yoast-schema-graph\">{\"@context\":\"https:\/\/schema.org\",\"@graph\":[{\"@type\":\"WebPage\",\"@id\":\"https:\/\/www.fantiniworld.com\/de\/produkte\/\",\"url\":\"https:\/\/www.fantiniworld.com\/de\/produkte\/\",\"name\":\"Fantini Italia Produkte f\u00fcr M\u00e4hdrescher\",\"isPartOf\":{\"@id\":\"https:\/\/www.fantiniworld.com\/de\/?lang=hr\/#website\"},\"datePublished\":\"2025-01-29T17:06:19+00:00\",\"dateModified\":\"2026-02-27T09:24:55+00:00\",\"description\":\"Entdecken Sie die Fantini-Produkte f\u00fcr M\u00e4hdrescher: Schneidwerke f\u00fcr Mais, Sonnenblumen, Sorghum und Schwaden, Synonym f\u00fcr Zuverl\u00e4ssigkeit und Innovation.\",\"breadcrumb\":{\"@id\":\"https:\/\/www.fantiniworld.com\/de\/produkte\/#breadcrumb\"},\"inLanguage\":\"de\",\"potentialAction\":[{\"@type\":\"ReadAction\",\"target\":[\"https:\/\/www.fantiniworld.com\/de\/produkte\/\"]}]},{\"@type\":\"BreadcrumbList\",\"@id\":\"https:\/\/www.fantiniworld.com\/de\/produkte\/#breadcrumb\",\"itemListElement\":[{\"@type\":\"ListItem\",\"position\":1,\"name\":\"Home\",\"item\":\"https:\/\/www.fantiniworld.com\/de\/startseite\/\"},{\"@type\":\"ListItem\",\"position\":2,\"name\":\"Produkte\"}]},{\"@type\":\"WebSite\",\"@id\":\"https:\/\/www.fantiniworld.com\/de\/?lang=hr\/#website\",\"url\":\"https:\/\/www.fantiniworld.com\/de\/?lang=hr\/\",\"name\":\"Fantini Italia S.r.L\",\"description\":\"I migliori raccolti dal 1968\",\"publisher\":{\"@id\":\"https:\/\/www.fantiniworld.com\/de\/?lang=hr\/#organization\"},\"potentialAction\":[{\"@type\":\"SearchAction\",\"target\":{\"@type\":\"EntryPoint\",\"urlTemplate\":\"https:\/\/www.fantiniworld.com\/de\/?lang=hr\/?s={search_term_string}\"},\"query-input\":{\"@type\":\"PropertyValueSpecification\",\"valueRequired\":true,\"valueName\":\"search_term_string\"}}],\"inLanguage\":\"de\"},{\"@type\":\"Organization\",\"@id\":\"https:\/\/www.fantiniworld.com\/de\/?lang=hr\/#organization\",\"name\":\"Fantini Italia S.r.L\",\"alternateName\":\"Fantini Italia\",\"url\":\"https:\/\/www.fantiniworld.com\/de\/?lang=hr\/\",\"logo\":{\"@type\":\"ImageObject\",\"inLanguage\":\"de\",\"@id\":\"https:\/\/www.fantiniworld.com\/de\/?lang=hr\/#\/schema\/logo\/image\/\",\"url\":\"https:\/\/www.fantiniworld.com\/wp-content\/uploads\/2025\/06\/Risorsa-1logo.png\",\"contentUrl\":\"https:\/\/www.fantiniworld.com\/wp-content\/uploads\/2025\/06\/Risorsa-1logo.png\",\"width\":510,\"height\":167,\"caption\":\"Fantini Italia S.r.L\"},\"image\":{\"@id\":\"https:\/\/www.fantiniworld.com\/de\/?lang=hr\/#\/schema\/logo\/image\/\"},\"sameAs\":[\"https:\/\/www.facebook.com\/FantiniHarvestingHeaders\/\"]}]}<\/script>\n<!-- \/ Yoast SEO plugin. -->","yoast_head_json":{"title":"Fantini Italia Produkte f\u00fcr M\u00e4hdrescher","description":"Entdecken Sie die Fantini-Produkte f\u00fcr M\u00e4hdrescher: Schneidwerke f\u00fcr Mais, Sonnenblumen, Sorghum und Schwaden, Synonym f\u00fcr Zuverl\u00e4ssigkeit und Innovation.","robots":{"index":"index","follow":"follow","max-snippet":"max-snippet:-1","max-image-preview":"max-image-preview:large","max-video-preview":"max-video-preview:-1"},"canonical":"https:\/\/www.fantiniworld.com\/de\/produkte\/","og_locale":"de_DE","og_type":"article","og_title":"Fantini Italia Produkte f\u00fcr M\u00e4hdrescher","og_description":"Entdecken Sie die Fantini-Produkte f\u00fcr M\u00e4hdrescher: Schneidwerke f\u00fcr Mais, Sonnenblumen, Sorghum und Schwaden, Synonym f\u00fcr Zuverl\u00e4ssigkeit und Innovation.","og_url":"https:\/\/www.fantiniworld.com\/de\/produkte\/","og_site_name":"Fantini Italia","article_publisher":"https:\/\/www.facebook.com\/FantiniHarvestingHeaders\/","article_modified_time":"2026-02-27T09:24:55+00:00","og_image":[{"width":1024,"height":489,"url":"https:\/\/www.fantiniworld.com\/wp-content\/uploads\/2025\/07\/fantini-website-image-1024x489.png","type":"image\/png"}],"twitter_card":"summary_large_image","twitter_misc":{"Gesch\u00e4tzte Lesezeit":"7\u00a0Minuten"},"schema":{"@context":"https:\/\/schema.org","@graph":[{"@type":"WebPage","@id":"https:\/\/www.fantiniworld.com\/de\/produkte\/","url":"https:\/\/www.fantiniworld.com\/de\/produkte\/","name":"Fantini Italia Produkte f\u00fcr M\u00e4hdrescher","isPartOf":{"@id":"https:\/\/www.fantiniworld.com\/de\/?lang=hr\/#website"},"datePublished":"2025-01-29T17:06:19+00:00","dateModified":"2026-02-27T09:24:55+00:00","description":"Entdecken Sie die Fantini-Produkte f\u00fcr M\u00e4hdrescher: Schneidwerke f\u00fcr Mais, Sonnenblumen, Sorghum und Schwaden, Synonym f\u00fcr Zuverl\u00e4ssigkeit und Innovation.","breadcrumb":{"@id":"https:\/\/www.fantiniworld.com\/de\/produkte\/#breadcrumb"},"inLanguage":"de","potentialAction":[{"@type":"ReadAction","target":["https:\/\/www.fantiniworld.com\/de\/produkte\/"]}]},{"@type":"BreadcrumbList","@id":"https:\/\/www.fantiniworld.com\/de\/produkte\/#breadcrumb","itemListElement":[{"@type":"ListItem","position":1,"name":"Home","item":"https:\/\/www.fantiniworld.com\/de\/startseite\/"},{"@type":"ListItem","position":2,"name":"Produkte"}]},{"@type":"WebSite","@id":"https:\/\/www.fantiniworld.com\/de\/?lang=hr\/#website","url":"https:\/\/www.fantiniworld.com\/de\/?lang=hr\/","name":"Fantini Italia S.r.L","description":"I migliori raccolti dal 1968","publisher":{"@id":"https:\/\/www.fantiniworld.com\/de\/?lang=hr\/#organization"},"potentialAction":[{"@type":"SearchAction","target":{"@type":"EntryPoint","urlTemplate":"https:\/\/www.fantiniworld.com\/de\/?lang=hr\/?s={search_term_string}"},"query-input":{"@type":"PropertyValueSpecification","valueRequired":true,"valueName":"search_term_string"}}],"inLanguage":"de"},{"@type":"Organization","@id":"https:\/\/www.fantiniworld.com\/de\/?lang=hr\/#organization","name":"Fantini Italia S.r.L","alternateName":"Fantini Italia","url":"https:\/\/www.fantiniworld.com\/de\/?lang=hr\/","logo":{"@type":"ImageObject","inLanguage":"de","@id":"https:\/\/www.fantiniworld.com\/de\/?lang=hr\/#\/schema\/logo\/image\/","url":"https:\/\/www.fantiniworld.com\/wp-content\/uploads\/2025\/06\/Risorsa-1logo.png","contentUrl":"https:\/\/www.fantiniworld.com\/wp-content\/uploads\/2025\/06\/Risorsa-1logo.png","width":510,"height":167,"caption":"Fantini Italia S.r.L"},"image":{"@id":"https:\/\/www.fantiniworld.com\/de\/?lang=hr\/#\/schema\/logo\/image\/"},"sameAs":["https:\/\/www.facebook.com\/FantiniHarvestingHeaders\/"]}]}},"_links":{"self":[{"href":"https:\/\/www.fantiniworld.com\/de\/wp-json\/wp\/v2\/pages\/1010","targetHints":{"allow":["GET"]}}],"collection":[{"href":"https:\/\/www.fantiniworld.com\/de\/wp-json\/wp\/v2\/pages"}],"about":[{"href":"https:\/\/www.fantiniworld.com\/de\/wp-json\/wp\/v2\/types\/page"}],"author":[{"embeddable":true,"href":"https:\/\/www.fantiniworld.com\/de\/wp-json\/wp\/v2\/users\/1"}],"replies":[{"embeddable":true,"href":"https:\/\/www.fantiniworld.com\/de\/wp-json\/wp\/v2\/comments?post=1010"}],"version-history":[{"count":0,"href":"https:\/\/www.fantiniworld.com\/de\/wp-json\/wp\/v2\/pages\/1010\/revisions"}],"wp:attachment":[{"href":"https:\/\/www.fantiniworld.com\/de\/wp-json\/wp\/v2\/media?parent=1010"}],"curies":[{"name":"wp","href":"https:\/\/api.w.org\/{rel}","templated":true}]}}