{"id":1094,"date":"2025-01-29T18:06:19","date_gmt":"2025-01-29T17:06:19","guid":{"rendered":"https:\/\/www.fantinisrl.it\/?page_id=1094"},"modified":"2026-02-27T10:39:09","modified_gmt":"2026-02-27T09:39:09","slug":"kontakt","status":"publish","type":"page","link":"https:\/\/www.fantiniworld.com\/de\/kontakt\/","title":{"rendered":"Kontakt"},"content":{"rendered":"<p>[et_pb_section fb_built=&#8220;1&#8243; admin_label=&#8220;Header &#038; Contact&#8220; _builder_version=&#8220;4.27.4&#8243; _module_preset=&#8220;default&#8220; custom_margin=&#8220;||||false|false&#8220; custom_padding=&#8220;||0px||false|false&#8220; collapsed=&#8220;on&#8220; global_colors_info=&#8220;{}&#8220;][et_pb_row _builder_version=&#8220;4.22.0&#8243; _module_preset=&#8220;default&#8220; global_colors_info=&#8220;{}&#8220;][et_pb_column type=&#8220;4_4&#8243; _builder_version=&#8220;4.22.0&#8243; _module_preset=&#8220;default&#8220; global_colors_info=&#8220;{}&#8220;][et_pb_text _builder_version=&#8220;4.27.4&#8243; _module_preset=&#8220;2d08c62d-a189-4d0b-bbfa-b0011cf527e2&#8243; text_orientation=&#8220;center&#8220; global_colors_info=&#8220;{}&#8220;]<\/p>\n<h1>Kontaktieren Sie uns<\/h1>\n<p>[\/et_pb_text][\/et_pb_column][\/et_pb_row][et_pb_row column_structure=&#8220;1_2,1_2&#8243; make_equal=&#8220;on&#8220; _builder_version=&#8220;4.27.4&#8243; _module_preset=&#8220;default&#8220; custom_padding=&#8220;|50px||50px|false|true&#8220; global_colors_info=&#8220;{}&#8220;][et_pb_column type=&#8220;1_2&#8243; _builder_version=&#8220;4.24.0&#8243; _module_preset=&#8220;default&#8220; global_colors_info=&#8220;{}&#8220;][et_pb_image src=&#8220;https:\/\/www.fantiniworld.com\/wp-content\/uploads\/2025\/06\/assistence-2.jpg&#8220; alt=&#8220;Assistenz &#8211; Fantini Italien&#8220; title_text=&#8220;Assistenz &#8211; Fantini Italien&#8220; _builder_version=&#8220;4.27.4&#8243; _module_preset=&#8220;default&#8220; width=&#8220;79%&#8220; max_width=&#8220;100%&#8220; module_alignment=&#8220;center&#8220; global_colors_info=&#8220;{}&#8220;][\/et_pb_image][et_pb_text _builder_version=&#8220;4.27.4&#8243; _module_preset=&#8220;8a0f1850-b44a-4393-8617-449d523fde65&#8243; text_orientation=&#8220;center&#8220; width=&#8220;100%&#8220; min_height=&#8220;27px&#8220; custom_margin=&#8220;|30px||30px|false|true&#8220; custom_margin_tablet=&#8220;|30px||30px|false|true&#8220; custom_margin_phone=&#8220;|30px||30px|false|true&#8220; custom_margin_last_edited=&#8220;on|tablet&#8220; custom_padding=&#8220;|77px||||&#8220; header_3_font_size_phone=&#8220;24px&#8220; global_colors_info=&#8220;{}&#8220;]<\/p>\n<h3>Hinterlassen Sie Ihre Kontaktdaten, damit wir uns bei Ihnen melden k\u00f6nnen!<\/h3>\n<p>[\/et_pb_text][\/et_pb_column][et_pb_column type=&#8220;1_2&#8243; _builder_version=&#8220;4.22.0&#8243; _module_preset=&#8220;default&#8220; background_color=&#8220;gcid-a93f2103-1d8b-43bb-b21d-81d84bba8b15&#8243; custom_padding=&#8220;40px|40px|40px|40px|true|true&#8220; custom_padding_tablet=&#8220;30px|30px|30px|30px|true|true&#8220; custom_padding_phone=&#8220;20px|20px|20px|20px|true|true&#8220; custom_padding_last_edited=&#8220;on|desktop&#8220; border_radii=&#8220;on|30px|30px|30px|30px&#8220; global_colors_info=&#8220;{%22gcid-a93f2103-1d8b-43bb-b21d-81d84bba8b15%22:%91%22background_color%22%93}&#8220;][et_pb_text _builder_version=&#8220;4.27.4&#8243; _module_preset=&#8220;10b7994b-832b-4b6f-93a9-4150aed9475f&#8220; text_text_color=&#8220;#003976&#8243; text_font_size=&#8220;37px&#8220; text_line_height=&#8220;1.2em&#8220; custom_margin=&#8220;70px||||false|false&#8220; text_font_size_tablet=&#8220;37px&#8220; text_font_size_phone=&#8220;24px&#8220; text_font_size_last_edited=&#8220;on|phone&#8220; global_colors_info=&#8220;{}&#8220;]<\/p>\n<p>Die Qualit\u00e4t unseres Service zu Ihrer Verf\u00fcgung!<\/p>\n<p>[\/et_pb_text][et_pb_blurb title=&#8220;Adresse&#8220; use_icon=&#8220;on&#8220; font_icon=&#8220;&#xe081;||divi||400&#8243; image_icon_background_color=&#8220;#003976&#8243; _builder_version=&#8220;4.27.4&#8243; _module_preset=&#8220;9cd991c2-05d7-4342-8601-7377c95d8329&#8243; locked=&#8220;off&#8220; global_colors_info=&#8220;{%22gcid-779a3d53-700b-4950-9fae-611323b51b16%22:%91%22body_link_text_color%22,%22body_link_text_color%22%93}&#8220;]<\/p>\n<p>Via Brigoni 2\/6 &#8211; 46046 Medole, Mantua, Italien<\/p>\n<p>[\/et_pb_blurb][et_pb_blurb title=&#8220;Telefon&#8220; use_icon=&#8220;on&#8220; font_icon=&#8220;&#xf879;||fa||900&#8243; image_icon_background_color=&#8220;#003976&#8243; _builder_version=&#8220;4.27.4&#8243; _module_preset=&#8220;9cd991c2-05d7-4342-8601-7377c95d8329&#8243; locked=&#8220;off&#8220; global_colors_info=&#8220;{%22gcid-779a3d53-700b-4950-9fae-611323b51b16%22:%91%22body_link_text_color%22%93}&#8220;]<\/p>\n<p>+39 0376 868 202<\/p>\n<p>[\/et_pb_blurb][et_pb_blurb title=&#8220;E-Mail&#8220; use_icon=&#8220;on&#8220; font_icon=&#8220;&#xe076;||divi||400&#8243; image_icon_background_color=&#8220;#003976&#8243; _builder_version=&#8220;4.27.4&#8243; _module_preset=&#8220;9cd991c2-05d7-4342-8601-7377c95d8329&#8243; locked=&#8220;off&#8220; global_colors_info=&#8220;{%22gcid-779a3d53-700b-4950-9fae-611323b51b16%22:%91%22body_link_text_color%22,%22body_link_text_color%22,%22body_link_text_color%22%93}&#8220;]<\/p>\n<p><a href=\"info@fantiniworld.com\">info@fantiniworld.com<\/a><\/p>\n<p>[\/et_pb_blurb][\/et_pb_column][\/et_pb_row][\/et_pb_section]<\/p>\n","protected":false},"excerpt":{"rendered":"<p>Kontaktieren Sie unsHinterlassen Sie Ihre Kontaktdaten, damit wir uns bei Ihnen melden k\u00f6nnen!Die Qualit\u00e4t unseres Service zu Ihrer Verf\u00fcgung!Via Brigoni 2\/6 &#8211; 46046 Medole, Mantua, Italien+39 0376 868 202info@fantiniworld.com<\/p>\n","protected":false},"author":1,"featured_media":0,"parent":0,"menu_order":0,"comment_status":"closed","ping_status":"closed","template":"","meta":{"_et_pb_use_builder":"on","_et_pb_old_content":"","_et_gb_content_width":"","footnotes":""},"class_list":["post-1094","page","type-page","status-publish","hentry"],"yoast_head":"<!-- This site is optimized with the Yoast SEO plugin v26.7 - https:\/\/yoast.com\/wordpress\/plugins\/seo\/ -->\n<title>Kontakt - Fantini Italia<\/title>\n<meta name=\"description\" content=\"Fantini Italia ist weltweit durch ein Netz von Vertriebsh\u00e4ndlern vertreten, die sowohl den nationalen als auch den internationalen Markt abdecken.\" \/>\n<meta name=\"robots\" content=\"index, follow, max-snippet:-1, max-image-preview:large, max-video-preview:-1\" \/>\n<link rel=\"canonical\" href=\"https:\/\/www.fantiniworld.com\/de\/kontakt\/\" \/>\n<meta property=\"og:locale\" content=\"de_DE\" \/>\n<meta property=\"og:type\" content=\"article\" \/>\n<meta property=\"og:title\" content=\"Kontakt - Fantini Italia\" \/>\n<meta property=\"og:description\" content=\"Fantini Italia ist weltweit durch ein Netz von Vertriebsh\u00e4ndlern vertreten, die sowohl den nationalen als auch den internationalen Markt abdecken.\" \/>\n<meta property=\"og:url\" content=\"https:\/\/www.fantiniworld.com\/de\/kontakt\/\" \/>\n<meta property=\"og:site_name\" content=\"Fantini Italia\" \/>\n<meta property=\"article:publisher\" content=\"https:\/\/www.facebook.com\/FantiniHarvestingHeaders\/\" \/>\n<meta property=\"article:modified_time\" content=\"2026-02-27T09:39:09+00:00\" \/>\n<meta property=\"og:image\" content=\"https:\/\/www.fantiniworld.com\/wp-content\/uploads\/2025\/07\/fantini-website-image-1024x489.png\" \/>\n\t<meta property=\"og:image:width\" content=\"1024\" \/>\n\t<meta property=\"og:image:height\" content=\"489\" \/>\n\t<meta property=\"og:image:type\" content=\"image\/png\" \/>\n<meta name=\"twitter:card\" content=\"summary_large_image\" \/>\n<meta name=\"twitter:label1\" content=\"Gesch\u00e4tzte Lesezeit\" \/>\n\t<meta name=\"twitter:data1\" content=\"3\u00a0Minuten\" \/>\n<script type=\"application\/ld+json\" class=\"yoast-schema-graph\">{\"@context\":\"https:\/\/schema.org\",\"@graph\":[{\"@type\":\"WebPage\",\"@id\":\"https:\/\/www.fantiniworld.com\/de\/kontakt\/\",\"url\":\"https:\/\/www.fantiniworld.com\/de\/kontakt\/\",\"name\":\"Kontakt - Fantini Italia\",\"isPartOf\":{\"@id\":\"https:\/\/www.fantiniworld.com\/de\/?lang=hr\/#website\"},\"datePublished\":\"2025-01-29T17:06:19+00:00\",\"dateModified\":\"2026-02-27T09:39:09+00:00\",\"description\":\"Fantini Italia ist weltweit durch ein Netz von Vertriebsh\u00e4ndlern vertreten, die sowohl den nationalen als auch den internationalen Markt abdecken.\",\"breadcrumb\":{\"@id\":\"https:\/\/www.fantiniworld.com\/de\/kontakt\/#breadcrumb\"},\"inLanguage\":\"de\",\"potentialAction\":[{\"@type\":\"ReadAction\",\"target\":[\"https:\/\/www.fantiniworld.com\/de\/kontakt\/\"]}]},{\"@type\":\"BreadcrumbList\",\"@id\":\"https:\/\/www.fantiniworld.com\/de\/kontakt\/#breadcrumb\",\"itemListElement\":[{\"@type\":\"ListItem\",\"position\":1,\"name\":\"Home\",\"item\":\"https:\/\/www.fantiniworld.com\/de\/startseite\/\"},{\"@type\":\"ListItem\",\"position\":2,\"name\":\"Kontakt\"}]},{\"@type\":\"WebSite\",\"@id\":\"https:\/\/www.fantiniworld.com\/de\/?lang=hr\/#website\",\"url\":\"https:\/\/www.fantiniworld.com\/de\/?lang=hr\/\",\"name\":\"Fantini Italia S.r.L\",\"description\":\"I migliori raccolti dal 1968\",\"publisher\":{\"@id\":\"https:\/\/www.fantiniworld.com\/de\/?lang=hr\/#organization\"},\"potentialAction\":[{\"@type\":\"SearchAction\",\"target\":{\"@type\":\"EntryPoint\",\"urlTemplate\":\"https:\/\/www.fantiniworld.com\/de\/?lang=hr\/?s={search_term_string}\"},\"query-input\":{\"@type\":\"PropertyValueSpecification\",\"valueRequired\":true,\"valueName\":\"search_term_string\"}}],\"inLanguage\":\"de\"},{\"@type\":\"Organization\",\"@id\":\"https:\/\/www.fantiniworld.com\/de\/?lang=hr\/#organization\",\"name\":\"Fantini Italia S.r.L\",\"alternateName\":\"Fantini Italia\",\"url\":\"https:\/\/www.fantiniworld.com\/de\/?lang=hr\/\",\"logo\":{\"@type\":\"ImageObject\",\"inLanguage\":\"de\",\"@id\":\"https:\/\/www.fantiniworld.com\/de\/?lang=hr\/#\/schema\/logo\/image\/\",\"url\":\"https:\/\/www.fantiniworld.com\/wp-content\/uploads\/2025\/06\/Risorsa-1logo.png\",\"contentUrl\":\"https:\/\/www.fantiniworld.com\/wp-content\/uploads\/2025\/06\/Risorsa-1logo.png\",\"width\":510,\"height\":167,\"caption\":\"Fantini Italia S.r.L\"},\"image\":{\"@id\":\"https:\/\/www.fantiniworld.com\/de\/?lang=hr\/#\/schema\/logo\/image\/\"},\"sameAs\":[\"https:\/\/www.facebook.com\/FantiniHarvestingHeaders\/\"]}]}<\/script>\n<!-- \/ Yoast SEO plugin. -->","yoast_head_json":{"title":"Kontakt - Fantini Italia","description":"Fantini Italia ist weltweit durch ein Netz von Vertriebsh\u00e4ndlern vertreten, die sowohl den nationalen als auch den internationalen Markt abdecken.","robots":{"index":"index","follow":"follow","max-snippet":"max-snippet:-1","max-image-preview":"max-image-preview:large","max-video-preview":"max-video-preview:-1"},"canonical":"https:\/\/www.fantiniworld.com\/de\/kontakt\/","og_locale":"de_DE","og_type":"article","og_title":"Kontakt - Fantini Italia","og_description":"Fantini Italia ist weltweit durch ein Netz von Vertriebsh\u00e4ndlern vertreten, die sowohl den nationalen als auch den internationalen Markt abdecken.","og_url":"https:\/\/www.fantiniworld.com\/de\/kontakt\/","og_site_name":"Fantini Italia","article_publisher":"https:\/\/www.facebook.com\/FantiniHarvestingHeaders\/","article_modified_time":"2026-02-27T09:39:09+00:00","og_image":[{"width":1024,"height":489,"url":"https:\/\/www.fantiniworld.com\/wp-content\/uploads\/2025\/07\/fantini-website-image-1024x489.png","type":"image\/png"}],"twitter_card":"summary_large_image","twitter_misc":{"Gesch\u00e4tzte Lesezeit":"3\u00a0Minuten"},"schema":{"@context":"https:\/\/schema.org","@graph":[{"@type":"WebPage","@id":"https:\/\/www.fantiniworld.com\/de\/kontakt\/","url":"https:\/\/www.fantiniworld.com\/de\/kontakt\/","name":"Kontakt - Fantini Italia","isPartOf":{"@id":"https:\/\/www.fantiniworld.com\/de\/?lang=hr\/#website"},"datePublished":"2025-01-29T17:06:19+00:00","dateModified":"2026-02-27T09:39:09+00:00","description":"Fantini Italia ist weltweit durch ein Netz von Vertriebsh\u00e4ndlern vertreten, die sowohl den nationalen als auch den internationalen Markt abdecken.","breadcrumb":{"@id":"https:\/\/www.fantiniworld.com\/de\/kontakt\/#breadcrumb"},"inLanguage":"de","potentialAction":[{"@type":"ReadAction","target":["https:\/\/www.fantiniworld.com\/de\/kontakt\/"]}]},{"@type":"BreadcrumbList","@id":"https:\/\/www.fantiniworld.com\/de\/kontakt\/#breadcrumb","itemListElement":[{"@type":"ListItem","position":1,"name":"Home","item":"https:\/\/www.fantiniworld.com\/de\/startseite\/"},{"@type":"ListItem","position":2,"name":"Kontakt"}]},{"@type":"WebSite","@id":"https:\/\/www.fantiniworld.com\/de\/?lang=hr\/#website","url":"https:\/\/www.fantiniworld.com\/de\/?lang=hr\/","name":"Fantini Italia S.r.L","description":"I migliori raccolti dal 1968","publisher":{"@id":"https:\/\/www.fantiniworld.com\/de\/?lang=hr\/#organization"},"potentialAction":[{"@type":"SearchAction","target":{"@type":"EntryPoint","urlTemplate":"https:\/\/www.fantiniworld.com\/de\/?lang=hr\/?s={search_term_string}"},"query-input":{"@type":"PropertyValueSpecification","valueRequired":true,"valueName":"search_term_string"}}],"inLanguage":"de"},{"@type":"Organization","@id":"https:\/\/www.fantiniworld.com\/de\/?lang=hr\/#organization","name":"Fantini Italia S.r.L","alternateName":"Fantini Italia","url":"https:\/\/www.fantiniworld.com\/de\/?lang=hr\/","logo":{"@type":"ImageObject","inLanguage":"de","@id":"https:\/\/www.fantiniworld.com\/de\/?lang=hr\/#\/schema\/logo\/image\/","url":"https:\/\/www.fantiniworld.com\/wp-content\/uploads\/2025\/06\/Risorsa-1logo.png","contentUrl":"https:\/\/www.fantiniworld.com\/wp-content\/uploads\/2025\/06\/Risorsa-1logo.png","width":510,"height":167,"caption":"Fantini Italia S.r.L"},"image":{"@id":"https:\/\/www.fantiniworld.com\/de\/?lang=hr\/#\/schema\/logo\/image\/"},"sameAs":["https:\/\/www.facebook.com\/FantiniHarvestingHeaders\/"]}]}},"_links":{"self":[{"href":"https:\/\/www.fantiniworld.com\/de\/wp-json\/wp\/v2\/pages\/1094","targetHints":{"allow":["GET"]}}],"collection":[{"href":"https:\/\/www.fantiniworld.com\/de\/wp-json\/wp\/v2\/pages"}],"about":[{"href":"https:\/\/www.fantiniworld.com\/de\/wp-json\/wp\/v2\/types\/page"}],"author":[{"embeddable":true,"href":"https:\/\/www.fantiniworld.com\/de\/wp-json\/wp\/v2\/users\/1"}],"replies":[{"embeddable":true,"href":"https:\/\/www.fantiniworld.com\/de\/wp-json\/wp\/v2\/comments?post=1094"}],"version-history":[{"count":0,"href":"https:\/\/www.fantiniworld.com\/de\/wp-json\/wp\/v2\/pages\/1094\/revisions"}],"wp:attachment":[{"href":"https:\/\/www.fantiniworld.com\/de\/wp-json\/wp\/v2\/media?parent=1094"}],"curies":[{"name":"wp","href":"https:\/\/api.w.org\/{rel}","templated":true}]}}