{"id":2307,"date":"2025-05-13T14:41:53","date_gmt":"2025-05-13T12:41:53","guid":{"rendered":"https:\/\/www.fantinisrl.it\/produkte\/zubehoer\/"},"modified":"2025-12-17T09:11:17","modified_gmt":"2025-12-17T08:11:17","slug":"zubehoer","status":"publish","type":"page","link":"https:\/\/www.fantiniworld.com\/de\/produkte\/zubehoer\/","title":{"rendered":"Zubeh\u00f6r"},"content":{"rendered":"<p>[et_pb_section fb_built=&#8220;1&#8243; _builder_version=&#8220;4.27.4&#8243; _module_preset=&#8220;default&#8220; background_enable_image=&#8220;off&#8220; parallax=&#8220;on&#8220; custom_padding=&#8220;0px|||||&#8220; hover_enabled=&#8220;0&#8243; locked=&#8220;off&#8220; global_colors_info=&#8220;{}&#8220; sticky_enabled=&#8220;0&#8243;][et_pb_row _builder_version=&#8220;4.27.4&#8243; _module_preset=&#8220;default&#8220; custom_margin=&#8220;||100px||false|false&#8220; custom_margin_tablet=&#8220;||50px||false|false&#8220; custom_margin_phone=&#8220;||50px||false|false&#8220; custom_margin_last_edited=&#8220;on|tablet&#8220; custom_padding=&#8220;100px||100px||false|false&#8220; hover_enabled=&#8220;0&#8243; global_colors_info=&#8220;{}&#8220; alt=&#8220;Accessori &#8211; Fantini italia&#8220; title_text=&#8220;Accessori &#8211; Fantini italia&#8220; background_image=&#8220;https:\/\/www.fantiniworld.com\/wp-content\/uploads\/2025\/07\/carrello_testata-scaled.jpg&#8220; sticky_enabled=&#8220;0&#8243;][et_pb_column type=&#8220;4_4&#8243; _builder_version=&#8220;4.27.4&#8243; _module_preset=&#8220;default&#8220; hover_enabled=&#8220;0&#8243; global_colors_info=&#8220;{}&#8220; sticky_enabled=&#8220;0&#8243;][et_pb_text _builder_version=&#8220;4.27.4&#8243; _module_preset=&#8220;f350a3c8-387a-4560-8809-bd98f681dd18&#8243; text_text_color=&#8220;#FCFCFC&#8220; header_font=&#8220;Inter|800|||||||&#8220; header_text_color=&#8220;#003976&#8243; header_font_size=&#8220;100px&#8220; text_orientation=&#8220;center&#8220; module_alignment=&#8220;center&#8220; custom_margin=&#8220;||20px||false|false&#8220; custom_padding_tablet=&#8220;&#8220; custom_padding_phone=&#8220;|20px||20px|false|true&#8220; custom_padding_last_edited=&#8220;on|phone&#8220; hover_enabled=&#8220;0&#8243; header_font_size_tablet=&#8220;80px&#8220; header_font_size_phone=&#8220;55px&#8220; header_font_size_last_edited=&#8220;on|phone&#8220; locked=&#8220;off&#8220; global_colors_info=&#8220;{}&#8220; header_letter_spacing__hover_enabled=&#8220;on|desktop&#8220; sticky_enabled=&#8220;0&#8243;]<\/p>\n<h1>Zubeh\u00f6r f\u00fcr Header<\/h1>\n<p>[\/et_pb_text][\/et_pb_column][\/et_pb_row][et_pb_row column_structure=&#8220;1_3,1_3,1_3&#8243; make_equal=&#8220;on&#8220; custom_padding_last_edited=&#8220;on|tablet&#8220; _builder_version=&#8220;4.27.4&#8243; _module_preset=&#8220;default&#8220; custom_margin=&#8220;|auto||auto|false|false&#8220; custom_padding=&#8220;|40px||40px|false|true&#8220; custom_padding_tablet=&#8220;|20px||20px|false|true&#8220; custom_padding_phone=&#8220;|20px||20px|false|true&#8220; locked=&#8220;off&#8220; global_colors_info=&#8220;{}&#8220;][et_pb_column type=&#8220;1_3&#8243; _builder_version=&#8220;4.27.4&#8243; _module_preset=&#8220;default&#8220; custom_padding_tablet=&#8220;||100px||false|false&#8220; custom_padding_phone=&#8220;||100px||false|false&#8220; custom_padding_last_edited=&#8220;on|desktop&#8220; global_colors_info=&#8220;{}&#8220;][et_pb_text _builder_version=&#8220;4.27.4&#8243; _module_preset=&#8220;aff0df58-08d0-493c-a906-94ea2aab1db9&#8243; header_2_font_size=&#8220;48px&#8220; header_3_font_size=&#8220;55px&#8220; custom_margin=&#8220;||14px||false|false&#8220; header_3_font_size_phone=&#8220;21px&#8220; global_colors_info=&#8220;{}&#8220;]<\/p>\n<h3>Das Zubeh\u00f6r der Fantini-Linie, um Ihre Ernte zu optimieren.<\/h3>\n<p>[\/et_pb_text][et_pb_text _builder_version=&#8220;4.27.4&#8243; _module_preset=&#8220;aff0df58-08d0-493c-a906-94ea2aab1db9&#8243; header_2_font_size=&#8220;48px&#8220; header_3_font=&#8220;Inter||||||||&#8220; header_3_font_size=&#8220;23px&#8220; custom_margin=&#8220;||14px||false|false&#8220; global_colors_info=&#8220;{}&#8220;]<\/p>\n<h3>Spezialisiert auf die Ernte und die Verarbeitung verschiedener Arten von Feldfr\u00fcchten, garantiert die Zubeh\u00f6rlinie f\u00fcr die Schneidwerke die Effektivit\u00e4t und die bekannten Leistungen der Fantini-Produkte.<\/h3>\n<p>[\/et_pb_text][et_pb_button button_url=&#8220;@ET-DC@eyJkeW5hbWljIjp0cnVlLCJjb250ZW50IjoicG9zdF9saW5rX3VybF9wYWdlIiwic2V0dGluZ3MiOnsicG9zdF9pZCI6IjQxIiwiZW5hYmxlX2h0bWwiOiJvZmYifX0=@&#8220; button_text=&#8220;Informationen anfordern&#8220; button_alignment_tablet=&#8220;&#8220; button_alignment_phone=&#8220;center&#8220; button_alignment_last_edited=&#8220;on|phone&#8220; _builder_version=&#8220;4.27.4&#8243; _dynamic_attributes=&#8220;button_url&#8220; _module_preset=&#8220;92d4cd12-12ff-43b2-b1aa-08759a0e0ebb&#8220; global_colors_info=&#8220;{}&#8220; button_text_color__hover_enabled=&#8220;on|desktop&#8220; button_text_color__hover=&#8220;#003976&#8243; button_bg_color__hover_enabled=&#8220;on|desktop&#8220; button_bg_color__hover=&#8220;#FCFCFC&#8220; button_bg_enable_color__hover=&#8220;on&#8220; button_border_color__hover_enabled=&#8220;on|desktop&#8220; button_border_color__hover=&#8220;#003976&#8243;][\/et_pb_button][\/et_pb_column][et_pb_column type=&#8220;1_3&#8243; _builder_version=&#8220;4.24.0&#8243; _module_preset=&#8220;default&#8220; custom_padding=&#8220;30px|30px|30px|30px|true|true&#8220; border_radii=&#8220;on|30px|30px|30px|30px&#8220; border_width_all=&#8220;2px&#8220; border_color_all=&#8220;rgba(0,0,0,0.12)&#8220; global_colors_info=&#8220;{}&#8220;][et_pb_text _builder_version=&#8220;4.27.4&#8243; _module_preset=&#8220;1fb1b074-c260-470e-a823-4339da8423b5&#8243; custom_margin=&#8220;||0px||false|false&#8220; header_5_font_size_phone=&#8220;18px&#8220; global_colors_info=&#8220;{}&#8220;]<\/p>\n<h5>Schredder f\u00fcr Sonnenblumenk\u00f6pfe<\/h5>\n<p>[\/et_pb_text][et_pb_text _builder_version=&#8220;4.27.4&#8243; _module_preset=&#8220;c233261e-9b1d-4983-9f25-dd026450b3a9&#8243; global_colors_info=&#8220;{}&#8220;]<\/p>\n<p>Wir k\u00f6nnen den St\u00e4ngelschneider f\u00fcr Ihre Sonnenblumenk\u00f6pfe f\u00fcr Reihenkulturen (G03) oder freie Ernte (GP) liefern. Pr\u00fcfen Sie, ob das, was Sie brauchen, verf\u00fcgbar ist!   <\/p>\n<p>[\/et_pb_text][et_pb_image src=&#8220;https:\/\/www.fantiniworld.com\/wp-content\/uploads\/2025\/06\/TRincia-03-scaled.png&#8220; alt=&#8220;Schredder&#8220; title_text=&#8220;Schredder&#8220; _builder_version=&#8220;4.27.4&#8243; _module_preset=&#8220;default&#8220; custom_margin=&#8220;-10px||||false|false&#8220; global_colors_info=&#8220;{}&#8220;][\/et_pb_image][\/et_pb_column][et_pb_column type=&#8220;1_3&#8243; admin_label=&#8220;S\u00e4ule&#8220; _builder_version=&#8220;4.24.0&#8243; _module_preset=&#8220;default&#8220; custom_padding=&#8220;30px|30px|30px|30px|true|true&#8220; border_radii=&#8220;on|30px|30px|30px|30px&#8220; border_width_all=&#8220;2px&#8220; border_color_all=&#8220;rgba(0,0,0,0.12)&#8220; global_colors_info=&#8220;{}&#8220;][et_pb_text _builder_version=&#8220;4.27.4&#8243; _module_preset=&#8220;1fb1b074-c260-470e-a823-4339da8423b5&#8243; custom_margin=&#8220;||0px||false|false&#8220; header_5_font_size_phone=&#8220;18px&#8220; global_colors_info=&#8220;{}&#8220;]<\/p>\n<h5>Bar-Wagen<\/h5>\n<p>[\/et_pb_text][et_pb_text _builder_version=&#8220;4.27.4&#8243; _module_preset=&#8220;c233261e-9b1d-4983-9f25-dd026450b3a9&#8243; global_colors_info=&#8220;{}&#8220;]<\/p>\n<p>Wir k\u00f6nnen sowohl f\u00fcr Ihr Direktschnittger\u00e4t (DC01) als auch f\u00fcr alle anderen Mais- oder Sonnenblumenger\u00e4te Schneidwerke liefern. Es gibt viele Modelle mit unterschiedlichen Kapazit\u00e4ten: Fragen Sie uns nach Informationen und wir helfen Ihnen gerne weiter! <\/p>\n<p>[\/et_pb_text][et_pb_image src=&#8220;https:\/\/www.fantiniworld.com\/wp-content\/uploads\/2025\/06\/carelli.png&#8220; alt=&#8220;Trolley&#8220; title_text=&#8220;Trolley&#8220; force_fullwidth=&#8220;on&#8220; _builder_version=&#8220;4.27.4&#8243; _module_preset=&#8220;default&#8220; min_height=&#8220;264.6px&#8220; custom_margin=&#8220;-100px||||false|false&#8220; custom_margin_tablet=&#8220;||-100px||false|false&#8220; custom_margin_phone=&#8220;-50px||-50px||false|false&#8220; custom_margin_last_edited=&#8220;on|desktop&#8220; custom_padding=&#8220;0px||0px||false|false&#8220; global_colors_info=&#8220;{}&#8220;][\/et_pb_image][\/et_pb_column][\/et_pb_row][et_pb_row column_structure=&#8220;1_2,1_2&#8243; make_equal=&#8220;on&#8220; custom_padding_last_edited=&#8220;on|phone&#8220; _builder_version=&#8220;4.27.4&#8243; _module_preset=&#8220;default&#8220; custom_padding=&#8220;|40px||40px|false|true&#8220; custom_padding_tablet=&#8220;|20px||20px|false|true&#8220; custom_padding_phone=&#8220;|20px||20px|false|true&#8220; locked=&#8220;off&#8220; global_colors_info=&#8220;{}&#8220;][et_pb_column type=&#8220;1_2&#8243; admin_label=&#8220;S\u00e4ule&#8220; _builder_version=&#8220;4.27.4&#8243; _module_preset=&#8220;default&#8220; custom_padding=&#8220;30px|30px|30px|30px|true|true&#8220; border_radii=&#8220;on|30px|30px|30px|30px&#8220; border_width_all=&#8220;2px&#8220; border_color_all=&#8220;rgba(0,0,0,0.12)&#8220; global_colors_info=&#8220;{}&#8220;][et_pb_text _builder_version=&#8220;4.27.4&#8243; _module_preset=&#8220;1fb1b074-c260-470e-a823-4339da8423b5&#8243; custom_margin=&#8220;||0px||false|false&#8220; header_5_font_size_phone=&#8220;18px&#8220; global_colors_info=&#8220;{}&#8220;]<\/p>\n<h5>Schredder-Adapter<\/h5>\n<p>[\/et_pb_text][et_pb_text _builder_version=&#8220;4.27.4&#8243; _module_preset=&#8220;c233261e-9b1d-4983-9f25-dd026450b3a9&#8243; global_colors_info=&#8220;{}&#8220;]<\/p>\n<p>Der Adapter, auch &#8222;Hals&#8220; genannt, wird verwendet, um Ihren Fantini-Harvester mit dem Mulcher zu verbinden. Dazu m\u00fcssen Sie den urspr\u00fcnglichen Anbaurahmen demontieren und den neuen Adapter montieren. Es gibt verschiedene Modelle, schauen Sie nach, ob Sie das finden, was Sie brauchen, ansonsten fragen Sie uns nach Informationen und wir helfen Ihnen gerne weiter.  <\/p>\n<p>[\/et_pb_text][et_pb_image src=&#8220;https:\/\/www.fantiniworld.com\/wp-content\/uploads\/2025\/06\/kit_accessori.png&#8220; alt=&#8220;Adapter f\u00fcr Mulchger\u00e4te&#8220; title_text=&#8220;Adapter f\u00fcr Mulchger\u00e4te&#8220; align=&#8220;center&#8220; _builder_version=&#8220;4.27.4&#8243; _module_preset=&#8220;default&#8220; module_alignment=&#8220;center&#8220; max_height=&#8220;436px&#8220; max_height_tablet=&#8220;436px&#8220; max_height_phone=&#8220;436px&#8220; max_height_last_edited=&#8220;on|tablet&#8220; global_colors_info=&#8220;{}&#8220;][\/et_pb_image][\/et_pb_column][et_pb_column type=&#8220;1_2&#8243; admin_label=&#8220;S\u00e4ule&#8220; disabled_on=&#8220;on|on|off&#8220; _builder_version=&#8220;4.27.4&#8243; _module_preset=&#8220;default&#8220; background_enable_image=&#8220;off&#8220; background_size=&#8220;contain&#8220; custom_padding=&#8220;30px|30px|30px|30px|true|true&#8220; border_radii=&#8220;on|30px|30px|30px|30px&#8220; border_color_all=&#8220;rgba(0,0,0,0.12)&#8220; global_colors_info=&#8220;{}&#8220;][et_pb_image src=&#8220;https:\/\/www.fantiniworld.com\/wp-content\/uploads\/2025\/06\/accessori_testate-scaled.jpg&#8220; alt=&#8220;Zubeh\u00f6r f\u00fcr Fantini Italia Zylinderk\u00f6pfe&#8220; title_text=&#8220;Zubeh\u00f6r f\u00fcr Header&#8220; _builder_version=&#8220;4.27.4&#8243; _module_preset=&#8220;default&#8220; custom_margin=&#8220;70px||||false|false&#8220; custom_margin_tablet=&#8220;0px||||false|false&#8220; custom_margin_phone=&#8220;0px||||false|false&#8220; custom_margin_last_edited=&#8220;on|phone&#8220; border_radii=&#8220;on|25px|25px|25px|25px&#8220; global_colors_info=&#8220;{}&#8220;][\/et_pb_image][\/et_pb_column][\/et_pb_row][\/et_pb_section]<\/p>\n","protected":false},"excerpt":{"rendered":"<p>Zubeh\u00f6r f\u00fcr HeaderDas Zubeh\u00f6r der Fantini-Linie, um Ihre Ernte zu optimieren.Spezialisiert auf die Ernte und die Verarbeitung verschiedener Arten von Feldfr\u00fcchten, garantiert die Zubeh\u00f6rlinie f\u00fcr die Schneidwerke die Effektivit\u00e4t und die bekannten Leistungen der Fantini-Produkte.Schredder f\u00fcr Sonnenblumenk\u00f6pfeWir k\u00f6nnen den St\u00e4ngelschneider f\u00fcr Ihre Sonnenblumenk\u00f6pfe f\u00fcr Reihenkulturen (G03) oder freie Ernte (GP) liefern. Pr\u00fcfen Sie, ob das, [&hellip;]<\/p>\n","protected":false},"author":1,"featured_media":0,"parent":1010,"menu_order":0,"comment_status":"closed","ping_status":"closed","template":"","meta":{"_et_pb_use_builder":"on","_et_pb_old_content":"","_et_gb_content_width":"","footnotes":""},"class_list":["post-2307","page","type-page","status-publish","hentry"],"yoast_head":"<!-- This site is optimized with the Yoast SEO plugin v26.7 - https:\/\/yoast.com\/wordpress\/plugins\/seo\/ -->\n<title>Zubeh\u00f6r - Fantini Italia<\/title>\n<meta name=\"description\" content=\"Entdecken Sie das Zubeh\u00f6r f\u00fcr die Fantini-Hebeb\u00fchnen: Beleuchtungss\u00e4tze, R\u00e4der, Wagen und spezielle L\u00f6sungen, um die Leistung und den Transport im Feld zu optimieren.\" \/>\n<meta name=\"robots\" content=\"index, follow, max-snippet:-1, max-image-preview:large, max-video-preview:-1\" \/>\n<link rel=\"canonical\" href=\"https:\/\/www.fantiniworld.com\/de\/produkte\/zubehoer\/\" \/>\n<meta property=\"og:locale\" content=\"de_DE\" \/>\n<meta property=\"og:type\" content=\"article\" \/>\n<meta property=\"og:title\" content=\"Zubeh\u00f6r - Fantini Italia\" \/>\n<meta property=\"og:description\" content=\"Entdecken Sie das Zubeh\u00f6r f\u00fcr die Fantini-Hebeb\u00fchnen: Beleuchtungss\u00e4tze, R\u00e4der, Wagen und spezielle L\u00f6sungen, um die Leistung und den Transport im Feld zu optimieren.\" \/>\n<meta property=\"og:url\" content=\"https:\/\/www.fantiniworld.com\/de\/produkte\/zubehoer\/\" \/>\n<meta property=\"og:site_name\" content=\"Fantini Italia\" \/>\n<meta property=\"article:publisher\" content=\"https:\/\/www.facebook.com\/FantiniHarvestingHeaders\/\" \/>\n<meta property=\"article:modified_time\" content=\"2025-12-17T08:11:17+00:00\" \/>\n<meta property=\"og:image\" content=\"https:\/\/www.fantiniworld.com\/wp-content\/uploads\/2025\/07\/fantini-website-image-1024x489.png\" \/>\n\t<meta property=\"og:image:width\" content=\"1024\" \/>\n\t<meta property=\"og:image:height\" content=\"489\" \/>\n\t<meta property=\"og:image:type\" content=\"image\/png\" \/>\n<meta name=\"twitter:card\" content=\"summary_large_image\" \/>\n<meta name=\"twitter:label1\" content=\"Gesch\u00e4tzte Lesezeit\" \/>\n\t<meta name=\"twitter:data1\" content=\"6\u00a0Minuten\" \/>\n<script type=\"application\/ld+json\" class=\"yoast-schema-graph\">{\"@context\":\"https:\/\/schema.org\",\"@graph\":[{\"@type\":\"WebPage\",\"@id\":\"https:\/\/www.fantiniworld.com\/de\/produkte\/zubehoer\/\",\"url\":\"https:\/\/www.fantiniworld.com\/de\/produkte\/zubehoer\/\",\"name\":\"Zubeh\u00f6r - Fantini Italia\",\"isPartOf\":{\"@id\":\"https:\/\/www.fantiniworld.com\/de\/?lang=hr\/#website\"},\"datePublished\":\"2025-05-13T12:41:53+00:00\",\"dateModified\":\"2025-12-17T08:11:17+00:00\",\"description\":\"Entdecken Sie das Zubeh\u00f6r f\u00fcr die Fantini-Hebeb\u00fchnen: Beleuchtungss\u00e4tze, R\u00e4der, Wagen und spezielle L\u00f6sungen, um die Leistung und den Transport im Feld zu optimieren.\",\"breadcrumb\":{\"@id\":\"https:\/\/www.fantiniworld.com\/de\/produkte\/zubehoer\/#breadcrumb\"},\"inLanguage\":\"de\",\"potentialAction\":[{\"@type\":\"ReadAction\",\"target\":[\"https:\/\/www.fantiniworld.com\/de\/produkte\/zubehoer\/\"]}]},{\"@type\":\"BreadcrumbList\",\"@id\":\"https:\/\/www.fantiniworld.com\/de\/produkte\/zubehoer\/#breadcrumb\",\"itemListElement\":[{\"@type\":\"ListItem\",\"position\":1,\"name\":\"Home\",\"item\":\"https:\/\/www.fantiniworld.com\/de\/startseite\/\"},{\"@type\":\"ListItem\",\"position\":2,\"name\":\"Produkte\",\"item\":\"https:\/\/www.fantiniworld.com\/de\/produkte\/\"},{\"@type\":\"ListItem\",\"position\":3,\"name\":\"Zubeh\u00f6r\"}]},{\"@type\":\"WebSite\",\"@id\":\"https:\/\/www.fantiniworld.com\/de\/?lang=hr\/#website\",\"url\":\"https:\/\/www.fantiniworld.com\/de\/?lang=hr\/\",\"name\":\"Fantini Italia S.r.L\",\"description\":\"I migliori raccolti dal 1968\",\"publisher\":{\"@id\":\"https:\/\/www.fantiniworld.com\/de\/?lang=hr\/#organization\"},\"potentialAction\":[{\"@type\":\"SearchAction\",\"target\":{\"@type\":\"EntryPoint\",\"urlTemplate\":\"https:\/\/www.fantiniworld.com\/de\/?lang=hr\/?s={search_term_string}\"},\"query-input\":{\"@type\":\"PropertyValueSpecification\",\"valueRequired\":true,\"valueName\":\"search_term_string\"}}],\"inLanguage\":\"de\"},{\"@type\":\"Organization\",\"@id\":\"https:\/\/www.fantiniworld.com\/de\/?lang=hr\/#organization\",\"name\":\"Fantini Italia S.r.L\",\"alternateName\":\"Fantini Italia\",\"url\":\"https:\/\/www.fantiniworld.com\/de\/?lang=hr\/\",\"logo\":{\"@type\":\"ImageObject\",\"inLanguage\":\"de\",\"@id\":\"https:\/\/www.fantiniworld.com\/de\/?lang=hr\/#\/schema\/logo\/image\/\",\"url\":\"https:\/\/www.fantiniworld.com\/wp-content\/uploads\/2025\/06\/Risorsa-1logo.png\",\"contentUrl\":\"https:\/\/www.fantiniworld.com\/wp-content\/uploads\/2025\/06\/Risorsa-1logo.png\",\"width\":510,\"height\":167,\"caption\":\"Fantini Italia S.r.L\"},\"image\":{\"@id\":\"https:\/\/www.fantiniworld.com\/de\/?lang=hr\/#\/schema\/logo\/image\/\"},\"sameAs\":[\"https:\/\/www.facebook.com\/FantiniHarvestingHeaders\/\"]}]}<\/script>\n<!-- \/ Yoast SEO plugin. -->","yoast_head_json":{"title":"Zubeh\u00f6r - Fantini Italia","description":"Entdecken Sie das Zubeh\u00f6r f\u00fcr die Fantini-Hebeb\u00fchnen: Beleuchtungss\u00e4tze, R\u00e4der, Wagen und spezielle L\u00f6sungen, um die Leistung und den Transport im Feld zu optimieren.","robots":{"index":"index","follow":"follow","max-snippet":"max-snippet:-1","max-image-preview":"max-image-preview:large","max-video-preview":"max-video-preview:-1"},"canonical":"https:\/\/www.fantiniworld.com\/de\/produkte\/zubehoer\/","og_locale":"de_DE","og_type":"article","og_title":"Zubeh\u00f6r - Fantini Italia","og_description":"Entdecken Sie das Zubeh\u00f6r f\u00fcr die Fantini-Hebeb\u00fchnen: Beleuchtungss\u00e4tze, R\u00e4der, Wagen und spezielle L\u00f6sungen, um die Leistung und den Transport im Feld zu optimieren.","og_url":"https:\/\/www.fantiniworld.com\/de\/produkte\/zubehoer\/","og_site_name":"Fantini Italia","article_publisher":"https:\/\/www.facebook.com\/FantiniHarvestingHeaders\/","article_modified_time":"2025-12-17T08:11:17+00:00","og_image":[{"width":1024,"height":489,"url":"https:\/\/www.fantiniworld.com\/wp-content\/uploads\/2025\/07\/fantini-website-image-1024x489.png","type":"image\/png"}],"twitter_card":"summary_large_image","twitter_misc":{"Gesch\u00e4tzte Lesezeit":"6\u00a0Minuten"},"schema":{"@context":"https:\/\/schema.org","@graph":[{"@type":"WebPage","@id":"https:\/\/www.fantiniworld.com\/de\/produkte\/zubehoer\/","url":"https:\/\/www.fantiniworld.com\/de\/produkte\/zubehoer\/","name":"Zubeh\u00f6r - Fantini Italia","isPartOf":{"@id":"https:\/\/www.fantiniworld.com\/de\/?lang=hr\/#website"},"datePublished":"2025-05-13T12:41:53+00:00","dateModified":"2025-12-17T08:11:17+00:00","description":"Entdecken Sie das Zubeh\u00f6r f\u00fcr die Fantini-Hebeb\u00fchnen: Beleuchtungss\u00e4tze, R\u00e4der, Wagen und spezielle L\u00f6sungen, um die Leistung und den Transport im Feld zu optimieren.","breadcrumb":{"@id":"https:\/\/www.fantiniworld.com\/de\/produkte\/zubehoer\/#breadcrumb"},"inLanguage":"de","potentialAction":[{"@type":"ReadAction","target":["https:\/\/www.fantiniworld.com\/de\/produkte\/zubehoer\/"]}]},{"@type":"BreadcrumbList","@id":"https:\/\/www.fantiniworld.com\/de\/produkte\/zubehoer\/#breadcrumb","itemListElement":[{"@type":"ListItem","position":1,"name":"Home","item":"https:\/\/www.fantiniworld.com\/de\/startseite\/"},{"@type":"ListItem","position":2,"name":"Produkte","item":"https:\/\/www.fantiniworld.com\/de\/produkte\/"},{"@type":"ListItem","position":3,"name":"Zubeh\u00f6r"}]},{"@type":"WebSite","@id":"https:\/\/www.fantiniworld.com\/de\/?lang=hr\/#website","url":"https:\/\/www.fantiniworld.com\/de\/?lang=hr\/","name":"Fantini Italia S.r.L","description":"I migliori raccolti dal 1968","publisher":{"@id":"https:\/\/www.fantiniworld.com\/de\/?lang=hr\/#organization"},"potentialAction":[{"@type":"SearchAction","target":{"@type":"EntryPoint","urlTemplate":"https:\/\/www.fantiniworld.com\/de\/?lang=hr\/?s={search_term_string}"},"query-input":{"@type":"PropertyValueSpecification","valueRequired":true,"valueName":"search_term_string"}}],"inLanguage":"de"},{"@type":"Organization","@id":"https:\/\/www.fantiniworld.com\/de\/?lang=hr\/#organization","name":"Fantini Italia S.r.L","alternateName":"Fantini Italia","url":"https:\/\/www.fantiniworld.com\/de\/?lang=hr\/","logo":{"@type":"ImageObject","inLanguage":"de","@id":"https:\/\/www.fantiniworld.com\/de\/?lang=hr\/#\/schema\/logo\/image\/","url":"https:\/\/www.fantiniworld.com\/wp-content\/uploads\/2025\/06\/Risorsa-1logo.png","contentUrl":"https:\/\/www.fantiniworld.com\/wp-content\/uploads\/2025\/06\/Risorsa-1logo.png","width":510,"height":167,"caption":"Fantini Italia S.r.L"},"image":{"@id":"https:\/\/www.fantiniworld.com\/de\/?lang=hr\/#\/schema\/logo\/image\/"},"sameAs":["https:\/\/www.facebook.com\/FantiniHarvestingHeaders\/"]}]}},"_links":{"self":[{"href":"https:\/\/www.fantiniworld.com\/de\/wp-json\/wp\/v2\/pages\/2307","targetHints":{"allow":["GET"]}}],"collection":[{"href":"https:\/\/www.fantiniworld.com\/de\/wp-json\/wp\/v2\/pages"}],"about":[{"href":"https:\/\/www.fantiniworld.com\/de\/wp-json\/wp\/v2\/types\/page"}],"author":[{"embeddable":true,"href":"https:\/\/www.fantiniworld.com\/de\/wp-json\/wp\/v2\/users\/1"}],"replies":[{"embeddable":true,"href":"https:\/\/www.fantiniworld.com\/de\/wp-json\/wp\/v2\/comments?post=2307"}],"version-history":[{"count":0,"href":"https:\/\/www.fantiniworld.com\/de\/wp-json\/wp\/v2\/pages\/2307\/revisions"}],"up":[{"embeddable":true,"href":"https:\/\/www.fantiniworld.com\/de\/wp-json\/wp\/v2\/pages\/1010"}],"wp:attachment":[{"href":"https:\/\/www.fantiniworld.com\/de\/wp-json\/wp\/v2\/media?parent=2307"}],"curies":[{"name":"wp","href":"https:\/\/api.w.org\/{rel}","templated":true}]}}