{"id":2310,"date":"2025-05-13T14:41:08","date_gmt":"2025-05-13T12:41:08","guid":{"rendered":"https:\/\/www.fantinisrl.it\/produkte\/maehdrescher\/"},"modified":"2025-12-17T09:24:55","modified_gmt":"2025-12-17T08:24:55","slug":"maehdrescher","status":"publish","type":"page","link":"https:\/\/www.fantiniworld.com\/de\/produkte\/maehdrescher\/","title":{"rendered":"M\u00e4hdrescher"},"content":{"rendered":"<p>[et_pb_section fb_built=&#8220;1&#8243; admin_label=&#8220;Sezione&#8220; _builder_version=&#8220;4.27.4&#8243; _module_preset=&#8220;default&#8220; background_enable_image=&#8220;off&#8220; parallax=&#8220;on&#8220; background_blend=&#8220;multiply&#8220; max_width=&#8220;100%&#8220; module_alignment=&#8220;center&#8220; custom_padding=&#8220;0px|||||&#8220; module_alignment_tablet=&#8220;center&#8220; module_alignment_phone=&#8220;center&#8220; module_alignment_last_edited=&#8220;on|desktop&#8220; global_colors_info=&#8220;{}&#8220;][et_pb_row _builder_version=&#8220;4.27.4&#8243; _module_preset=&#8220;default&#8220; background_image=&#8220;https:\/\/www.fantiniworld.com\/wp-content\/uploads\/2025\/02\/servizi-bg.jpg&#8220; max_width=&#8220;100%&#8220; module_alignment=&#8220;center&#8220; custom_margin=&#8220;||100px||false|false&#8220; custom_margin_tablet=&#8220;||50px||false|false&#8220; custom_margin_phone=&#8220;||50px||false|false&#8220; custom_margin_last_edited=&#8220;on|tablet&#8220; custom_padding=&#8220;100px|10px|100px|10px|false|true&#8220; module_alignment_tablet=&#8220;center&#8220; module_alignment_phone=&#8220;center&#8220; module_alignment_last_edited=&#8220;on|phone&#8220; global_colors_info=&#8220;{}&#8220;][et_pb_column type=&#8220;4_4&#8243; _builder_version=&#8220;4.27.4&#8243; _module_preset=&#8220;default&#8220; global_colors_info=&#8220;{}&#8220;][et_pb_text _builder_version=&#8220;4.27.4&#8243; _module_preset=&#8220;f350a3c8-387a-4560-8809-bd98f681dd18&#8243; text_text_color=&#8220;#003976&#8243; header_font=&#8220;Inter|800|||||||&#8220; header_text_align=&#8220;center&#8220; header_text_color=&#8220;#003976&#8243; header_font_size=&#8220;100px&#8220; text_orientation=&#8220;center&#8220; module_alignment=&#8220;center&#8220; custom_margin=&#8220;||20px||false|false&#8220; header_text_align_tablet=&#8220;center&#8220; header_text_align_phone=&#8220;center&#8220; header_text_align_last_edited=&#8220;on|phone&#8220; header_font_size_tablet=&#8220;80px&#8220; header_font_size_phone=&#8220;40px&#8220; header_font_size_last_edited=&#8220;on|phone&#8220; locked=&#8220;off&#8220; global_colors_info=&#8220;{}&#8220; header_letter_spacing__hover_enabled=&#8220;on|desktop&#8220;]<\/p>\n<h1>M\u00e4hdrescherk\u00f6pfe<\/h1>\n<p>[\/et_pb_text][\/et_pb_column][\/et_pb_row][et_pb_row column_structure=&#8220;1_3,1_3,1_3&#8243; make_equal=&#8220;on&#8220; custom_padding_last_edited=&#8220;on|phone&#8220; _builder_version=&#8220;4.27.4&#8243; _module_preset=&#8220;default&#8220; custom_margin=&#8220;|auto||auto|false|false&#8220; custom_padding=&#8220;|40px||40px|false|true&#8220; custom_padding_tablet=&#8220;|20px||20px|false|true&#8220; custom_padding_phone=&#8220;|20px||20px|false|true&#8220; locked=&#8220;off&#8220; global_colors_info=&#8220;{}&#8220;][et_pb_column type=&#8220;1_3&#8243; _builder_version=&#8220;4.27.4&#8243; _module_preset=&#8220;default&#8220; custom_padding_tablet=&#8220;||100px||false|false&#8220; custom_padding_phone=&#8220;||100px||false|false&#8220; custom_padding_last_edited=&#8220;on|tablet&#8220; global_colors_info=&#8220;{}&#8220;][et_pb_text _builder_version=&#8220;4.27.4&#8243; _module_preset=&#8220;aff0df58-08d0-493c-a906-94ea2aab1db9&#8243; header_2_font_size=&#8220;48px&#8220; header_3_font_size=&#8220;55px&#8220; custom_margin=&#8220;||14px||false|false&#8220; header_3_font_size_phone=&#8220;21px&#8220; global_colors_info=&#8220;{}&#8220;]<\/p>\n<h3>Fantini&#8217;s Produkte f\u00fcr Ihren M\u00e4hdrescher.<\/h3>\n<p>[\/et_pb_text][et_pb_text _builder_version=&#8220;4.27.4&#8243; _module_preset=&#8220;aff0df58-08d0-493c-a906-94ea2aab1db9&#8243; header_2_font_size=&#8220;48px&#8220; header_3_font=&#8220;Inter||||||||&#8220; header_3_font_size=&#8220;23px&#8220; custom_margin=&#8220;||14px||false|false&#8220; global_colors_info=&#8220;{}&#8220;]<\/p>\n<h3 style=\"text-align: justify;\">Ob Sie nun ein gro\u00dfer Lohnunternehmer oder ein passionierter Landwirt sind, Sie haben es verdient, Ihre Ernte schnell und ohne Verluste zu dreschen: Mais, Sonnenblumen, Sorghum, Rizinus, usw. Wir haben immer die Qualit\u00e4tsl\u00f6sung, die Sie brauchen.  <\/h3>\n<p>[\/et_pb_text][et_pb_button button_url=&#8220;@ET-DC@eyJkeW5hbWljIjp0cnVlLCJjb250ZW50IjoicG9zdF9saW5rX3VybF9wYWdlIiwic2V0dGluZ3MiOnsicG9zdF9pZCI6IjQxIiwiZW5hYmxlX2h0bWwiOiJvZmYifX0=@&#8220; button_text=&#8220;Informationen anfordern&#8220; button_alignment=&#8220;left&#8220; button_alignment_tablet=&#8220;left&#8220; button_alignment_phone=&#8220;center&#8220; button_alignment_last_edited=&#8220;on|phone&#8220; _builder_version=&#8220;4.27.4&#8243; _dynamic_attributes=&#8220;button_url&#8220; _module_preset=&#8220;92d4cd12-12ff-43b2-b1aa-08759a0e0ebb&#8220; global_colors_info=&#8220;{}&#8220; button_text_color__hover_enabled=&#8220;on|desktop&#8220; button_text_color__hover=&#8220;#003976&#8243; button_bg_color__hover_enabled=&#8220;on|desktop&#8220; button_bg_color__hover=&#8220;#FCFCFC&#8220; button_bg_enable_color__hover=&#8220;on&#8220; button_border_color__hover_enabled=&#8220;on|desktop&#8220; button_border_color__hover=&#8220;#003976&#8243;][\/et_pb_button][\/et_pb_column][et_pb_column type=&#8220;1_3&#8243; _builder_version=&#8220;4.24.0&#8243; _module_preset=&#8220;default&#8220; custom_padding=&#8220;30px|30px|30px|30px|true|true&#8220; border_radii=&#8220;on|30px|30px|30px|30px&#8220; border_width_all=&#8220;2px&#8220; border_color_all=&#8220;rgba(0,0,0,0.12)&#8220; global_colors_info=&#8220;{}&#8220;][et_pb_text _builder_version=&#8220;4.27.4&#8243; _module_preset=&#8220;1fb1b074-c260-470e-a823-4339da8423b5&#8243; custom_margin=&#8220;||0px||false|false&#8220; header_5_font_size_phone=&#8220;18px&#8220; global_colors_info=&#8220;{}&#8220;]<\/p>\n<h5>Sonnenblumenernte<\/h5>\n<p>[\/et_pb_text][et_pb_text _builder_version=&#8220;4.27.4&#8243; _module_preset=&#8220;c233261e-9b1d-4983-9f25-dd026450b3a9&#8243; global_colors_info=&#8220;{}&#8220;]<\/p>\n<p style=\"text-align: justify;\">Wir sind die weltweiten Spezialisten f\u00fcr die Sonnenblumenernte. Fast keine Verluste, hohe Erntegeschwindigkeiten, geringer Verbrauch. Seit den fr\u00fchen 1980er Jahren ein Spitzenprodukt, das viele versucht haben, uns zu kopieren.  <\/p>\n<p style=\"text-align: justify;\">Was brauchen Sie? Dateikopf oder freie Sammlung? BIOlogisch oder traditionell? 2-reihig oder 18-reihig? 45 cm oder 100 cm? Fest oder faltbar? Lassen Sie uns wissen, was wir f\u00fcr Sie bauen k\u00f6nnen.      <\/p>\n<p style=\"text-align: justify;\">Wie wollen Sie es haben? Gelb Fantini und CNH, Gr\u00fcn Claas, Gr\u00fcn JD, Rot Case? Mit Gummiz\u00e4hnen oder mit Antiinfektionsriemen? Lassen Sie uns wissen, was wir f\u00fcr Sie bauen k\u00f6nnen.   <\/p>\n<p>[\/et_pb_text][et_pb_button button_url=&#8220;@ET-DC@eyJkeW5hbWljIjp0cnVlLCJjb250ZW50IjoicG9zdF9saW5rX3VybF9wYWdlIiwic2V0dGluZ3MiOnsicG9zdF9pZCI6IjMzNiIsImVuYWJsZV9odG1sIjoib2ZmIn19@&#8220; button_text=&#8220;Entdecken Sie die L\u00f6sung f\u00fcr SIE&#8220; _builder_version=&#8220;4.27.4&#8243; _dynamic_attributes=&#8220;button_url&#8220; _module_preset=&#8220;403dde90-327b-404b-8b7b-dceacd047bc7&#8243; custom_button=&#8220;off&#8220; locked=&#8220;off&#8220; global_colors_info=&#8220;{}&#8220;][\/et_pb_button][et_pb_image src=&#8220;https:\/\/www.fantiniworld.com\/wp-content\/uploads\/2025\/06\/girasole-964&#215;542-1.png&#8220; alt=&#8220;Fantini Italia &#8211; Sonnenblumen- und Sorghumvorsatz f\u00fcr M\u00e4hdrescher&#8220; title_text=&#8220;Fantini Italia &#8211; Sonnenblumen- und Sorghumvorsatz f\u00fcr M\u00e4hdrescher&#8220; _builder_version=&#8220;4.27.4&#8243; _module_preset=&#8220;default&#8220; global_colors_info=&#8220;{}&#8220;][\/et_pb_image][\/et_pb_column][et_pb_column type=&#8220;1_3&#8243; admin_label=&#8220;S\u00e4ule&#8220; _builder_version=&#8220;4.24.0&#8243; _module_preset=&#8220;default&#8220; custom_padding=&#8220;30px|30px|30px|30px|true|true&#8220; border_radii=&#8220;on|30px|30px|30px|30px&#8220; border_width_all=&#8220;2px&#8220; border_color_all=&#8220;rgba(0,0,0,0.12)&#8220; global_colors_info=&#8220;{}&#8220;][et_pb_text _builder_version=&#8220;4.27.4&#8243; _module_preset=&#8220;1fb1b074-c260-470e-a823-4339da8423b5&#8243; custom_margin=&#8220;||0px||false|false&#8220; header_5_font_size_phone=&#8220;18px&#8220; global_colors_info=&#8220;{}&#8220;]<\/p>\n<h5>Maisernte<\/h5>\n<p>[\/et_pb_text][et_pb_text _builder_version=&#8220;4.27.4&#8243; _module_preset=&#8220;c233261e-9b1d-4983-9f25-dd026450b3a9&#8243; global_colors_info=&#8220;{}&#8220;]<\/p>\n<p style=\"text-align: justify;\">Seit 1968 stellen wir die besten Schneidwerke f\u00fcr die Maisernte her. Schauen Sie sich auf den Feldern um: welche Marke sind die \u00e4ltesten M\u00e4hdrescher, die noch funktionieren? Fantini stellt nur Qualit\u00e4tsmaschinen her, die jahrzehntelang halten, wartungsarm, schnell und ohne Verluste.  <\/p>\n<p style=\"text-align: justify;\">Was brauchen Sie? Festes oder klappbares Schneidwerk? Welchen Grad der Stoppelzerkleinerung brauchen Sie? In 2 oder 18 Reihen? 45 cm oder 100 cm?      <\/p>\n<p style=\"text-align: justify;\">Wie wollen Sie es haben? Fantini und CNH gelb, Claas gr\u00fcn, JD gr\u00fcn, Case rot? Motorhauben aus technischem Polyethylen oder aus Stahl? Mit 1 oder 2 Schnecken oder ohne? Mit Brechern? Lassen Sie uns wissen, was wir f\u00fcr Sie bauen k\u00f6nnen.       <\/p>\n<p>[\/et_pb_text][et_pb_button button_url=&#8220;@ET-DC@eyJkeW5hbWljIjp0cnVlLCJjb250ZW50IjoicG9zdF9saW5rX3VybF9wYWdlIiwic2V0dGluZ3MiOnsicG9zdF9pZCI6IjUzMSIsImVuYWJsZV9odG1sIjoib2ZmIn19@&#8220; button_text=&#8220;Entdecken Sie die L\u00f6sung f\u00fcr SIE&#8220; _builder_version=&#8220;4.27.4&#8243; _dynamic_attributes=&#8220;button_url&#8220; _module_preset=&#8220;403dde90-327b-404b-8b7b-dceacd047bc7&#8243; custom_button=&#8220;off&#8220; locked=&#8220;off&#8220; global_colors_info=&#8220;{}&#8220;][\/et_pb_button][et_pb_image src=&#8220;https:\/\/www.fantiniworld.com\/wp-content\/uploads\/2025\/03\/L03-main-img-3.png&#8220; alt=&#8220;Fantini Italia &#8211; Kopfzeile L03&#8243; title_text=&#8220;Fantini Italia &#8211; Kopfzeile L03&#8243; _builder_version=&#8220;4.27.4&#8243; _module_preset=&#8220;default&#8220; global_colors_info=&#8220;{}&#8220;][\/et_pb_image][\/et_pb_column][\/et_pb_row][et_pb_row column_structure=&#8220;1_3,1_3,1_3&#8243; make_equal=&#8220;on&#8220; custom_padding_last_edited=&#8220;on|phone&#8220; _builder_version=&#8220;4.27.4&#8243; _module_preset=&#8220;default&#8220; custom_padding=&#8220;|40px||40px|false|true&#8220; custom_padding_tablet=&#8220;|20px||20px|false|true&#8220; custom_padding_phone=&#8220;|20px||20px|false|true&#8220; locked=&#8220;off&#8220; global_colors_info=&#8220;{}&#8220;][et_pb_column type=&#8220;1_3&#8243; admin_label=&#8220;S\u00e4ule&#8220; _builder_version=&#8220;4.24.0&#8243; _module_preset=&#8220;default&#8220; custom_padding=&#8220;30px|30px|30px|30px|true|true&#8220; border_radii=&#8220;on|30px|30px|30px|30px&#8220; border_width_all=&#8220;2px&#8220; border_color_all=&#8220;rgba(0,0,0,0.12)&#8220; global_colors_info=&#8220;{}&#8220;][et_pb_text _builder_version=&#8220;4.27.4&#8243; _module_preset=&#8220;1fb1b074-c260-470e-a823-4339da8423b5&#8243; custom_margin=&#8220;||0px||false|false&#8220; header_5_font_size_phone=&#8220;18px&#8220; global_colors_info=&#8220;{}&#8220;]<\/p>\n<h5>Ernte der Andana-Kulturen<\/h5>\n<p>[\/et_pb_text][et_pb_text _builder_version=&#8220;4.27.4&#8243; _module_preset=&#8220;c233261e-9b1d-4983-9f25-dd026450b3a9&#8243; global_colors_info=&#8220;{}&#8220;]<\/p>\n<p style=\"text-align: justify;\">Die Fantini-Sammelk\u00f6pfe sind f\u00fcr eine unvergleichliche Effizienz konzipiert, die jede Ernte zu einer einfachen und produktiven Erfahrung macht, ohne Zeitverluste. Breite Matten, hydraulische oder mechanische \u00dcbertragung, von 3,00 bis 6,00 m. <\/p>\n<p>[\/et_pb_text][et_pb_button button_url=&#8220;@ET-DC@eyJkeW5hbWljIjp0cnVlLCJjb250ZW50IjoicG9zdF9saW5rX3VybF9wYWdlIiwic2V0dGluZ3MiOnsicG9zdF9pZCI6IjU0NiIsImVuYWJsZV9odG1sIjoib2ZmIn19@&#8220; button_text=&#8220;Entdecken Sie die L\u00f6sung f\u00fcr SIE&#8220; _builder_version=&#8220;4.27.4&#8243; _dynamic_attributes=&#8220;button_url&#8220; _module_preset=&#8220;403dde90-327b-404b-8b7b-dceacd047bc7&#8243; custom_button=&#8220;off&#8220; locked=&#8220;off&#8220; global_colors_info=&#8220;{}&#8220;][\/et_pb_button][et_pb_image src=&#8220;https:\/\/www.fantiniworld.com\/wp-content\/uploads\/2025\/03\/PICKUP-main-img-3.png&#8220; alt=&#8220;Fantini Italien &#8211; Abholung&#8220; title_text=&#8220;Fantini Italien &#8211; Abholung&#8220; _builder_version=&#8220;4.27.4&#8243; _module_preset=&#8220;default&#8220; global_colors_info=&#8220;{}&#8220;][\/et_pb_image][\/et_pb_column][et_pb_column type=&#8220;1_3&#8243; admin_label=&#8220;S\u00e4ule&#8220; _builder_version=&#8220;4.24.0&#8243; _module_preset=&#8220;default&#8220; custom_padding=&#8220;30px|30px|30px|30px|true|true&#8220; border_radii=&#8220;on|30px|30px|30px|30px&#8220; border_width_all=&#8220;2px&#8220; border_color_all=&#8220;rgba(0,0,0,0.12)&#8220; global_colors_info=&#8220;{}&#8220;][et_pb_text _builder_version=&#8220;4.27.4&#8243; _module_preset=&#8220;1fb1b074-c260-470e-a823-4339da8423b5&#8243; custom_margin=&#8220;||0px||false|false&#8220; header_5_font_size_phone=&#8220;18px&#8220; global_colors_info=&#8220;{}&#8220;]<\/p>\n<h5>Ernte und Verarbeitung von Rizinusbohnen<\/h5>\n<p>[\/et_pb_text][et_pb_text _builder_version=&#8220;4.27.4&#8243; _module_preset=&#8220;c233261e-9b1d-4983-9f25-dd026450b3a9&#8243; global_colors_info=&#8220;{}&#8220;]<\/p>\n<p style=\"text-align: justify;\">Seit mehr als 10 Jahren sind wir der f\u00fchrende Hersteller von Maschinen f\u00fcr die Ernte und Verarbeitung von Rizinus (castor &#8211; mamona). Zuverl\u00e4ssige Tests, sehr geringe Verluste, hohe Erntegeschwindigkeit unterscheiden Fantini von seinen Konkurrenten. Wir bieten technische und agronomische Beratung auf dem Feld, und auch andere Maschinen sind f\u00fcr Ihre komplette Anlage verf\u00fcgbar, wie der Dekortikator, die Trommel zur Trennung der Korngr\u00f6\u00dfen und die S\u00e4maschine.  <\/p>\n<p>[\/et_pb_text][et_pb_image src=&#8220;https:\/\/www.fantiniworld.com\/wp-content\/uploads\/2025\/06\/Ricino.png&#8220; alt=&#8220;Rizinus\u00f6lanlage&#8220; title_text=&#8220;Rizinus\u00f6lanlage&#8220; _builder_version=&#8220;4.27.4&#8243; _module_preset=&#8220;default&#8220; custom_margin=&#8220;||||false|false&#8220; custom_margin_tablet=&#8220;-90px||||false|false&#8220; custom_margin_phone=&#8220;0px||||false|false&#8220; custom_margin_last_edited=&#8220;on|phone&#8220; global_colors_info=&#8220;{}&#8220;][\/et_pb_image][\/et_pb_column][et_pb_column type=&#8220;1_3&#8243; admin_label=&#8220;S\u00e4ule&#8220; disabled_on=&#8220;on|on|off&#8220; _builder_version=&#8220;4.27.4&#8243; _module_preset=&#8220;default&#8220; background_image=&#8220;https:\/\/www.fantiniworld.com\/wp-content\/uploads\/2025\/02\/hero-bg.jpg&#8220; background_size=&#8220;custom&#8220; background_image_width=&#8220;0%&#8220; background_image_height=&#8220;0%&#8220; custom_padding=&#8220;30px|30px|30px|30px|true|true&#8220; border_radii=&#8220;on|30px|30px|30px|30px&#8220; border_color_all=&#8220;rgba(0,0,0,0.12)&#8220; global_colors_info=&#8220;{}&#8220;][\/et_pb_column][\/et_pb_row][\/et_pb_section]<\/p>\n","protected":false},"excerpt":{"rendered":"<p>M\u00e4hdrescherk\u00f6pfeFantini&#8217;s Produkte f\u00fcr Ihren M\u00e4hdrescher.Ob Sie nun ein gro\u00dfer Lohnunternehmer oder ein passionierter Landwirt sind, Sie haben es verdient, Ihre Ernte schnell und ohne Verluste zu dreschen: Mais, Sonnenblumen, Sorghum, Rizinus, usw. Wir haben immer die Qualit\u00e4tsl\u00f6sung, die Sie brauchen. SonnenblumenernteWir sind die weltweiten Spezialisten f\u00fcr die Sonnenblumenernte. Fast keine Verluste, hohe Erntegeschwindigkeiten, geringer Verbrauch. [&hellip;]<\/p>\n","protected":false},"author":1,"featured_media":0,"parent":1010,"menu_order":0,"comment_status":"closed","ping_status":"closed","template":"","meta":{"_et_pb_use_builder":"on","_et_pb_old_content":"","_et_gb_content_width":"","footnotes":""},"class_list":["post-2310","page","type-page","status-publish","hentry"],"yoast_head":"<!-- This site is optimized with the Yoast SEO plugin v26.7 - https:\/\/yoast.com\/wordpress\/plugins\/seo\/ -->\n<title>M\u00e4hdrescher - Fantini Italia<\/title>\n<meta name=\"description\" content=\"Fantini-Schneidwerke f\u00fcr M\u00e4hdrescher: Sie sind mit allen gro\u00dfen Marken kompatibel und garantieren hohe Leistung und Zuverl\u00e4ssigkeit auf dem Feld.\" \/>\n<meta name=\"robots\" content=\"index, follow, max-snippet:-1, max-image-preview:large, max-video-preview:-1\" \/>\n<link rel=\"canonical\" href=\"https:\/\/www.fantiniworld.com\/de\/produkte\/maehdrescher\/\" \/>\n<meta property=\"og:locale\" content=\"de_DE\" \/>\n<meta property=\"og:type\" content=\"article\" \/>\n<meta property=\"og:title\" content=\"M\u00e4hdrescher - Fantini Italia\" \/>\n<meta property=\"og:description\" content=\"Fantini-Schneidwerke f\u00fcr M\u00e4hdrescher: Sie sind mit allen gro\u00dfen Marken kompatibel und garantieren hohe Leistung und Zuverl\u00e4ssigkeit auf dem Feld.\" \/>\n<meta property=\"og:url\" content=\"https:\/\/www.fantiniworld.com\/de\/produkte\/maehdrescher\/\" \/>\n<meta property=\"og:site_name\" content=\"Fantini Italia\" \/>\n<meta property=\"article:publisher\" content=\"https:\/\/www.facebook.com\/FantiniHarvestingHeaders\/\" \/>\n<meta property=\"article:modified_time\" content=\"2025-12-17T08:24:55+00:00\" \/>\n<meta property=\"og:image\" content=\"https:\/\/www.fantiniworld.com\/wp-content\/uploads\/2025\/07\/fantini-website-image-1024x489.png\" \/>\n\t<meta property=\"og:image:width\" content=\"1024\" \/>\n\t<meta property=\"og:image:height\" content=\"489\" \/>\n\t<meta property=\"og:image:type\" content=\"image\/png\" \/>\n<meta name=\"twitter:card\" content=\"summary_large_image\" \/>\n<meta name=\"twitter:label1\" content=\"Gesch\u00e4tzte Lesezeit\" \/>\n\t<meta name=\"twitter:data1\" content=\"9\u00a0Minuten\" \/>\n<script type=\"application\/ld+json\" class=\"yoast-schema-graph\">{\"@context\":\"https:\/\/schema.org\",\"@graph\":[{\"@type\":\"WebPage\",\"@id\":\"https:\/\/www.fantiniworld.com\/de\/produkte\/maehdrescher\/\",\"url\":\"https:\/\/www.fantiniworld.com\/de\/produkte\/maehdrescher\/\",\"name\":\"M\u00e4hdrescher - Fantini Italia\",\"isPartOf\":{\"@id\":\"https:\/\/www.fantiniworld.com\/de\/?lang=hr\/#website\"},\"datePublished\":\"2025-05-13T12:41:08+00:00\",\"dateModified\":\"2025-12-17T08:24:55+00:00\",\"description\":\"Fantini-Schneidwerke f\u00fcr M\u00e4hdrescher: Sie sind mit allen gro\u00dfen Marken kompatibel und garantieren hohe Leistung und Zuverl\u00e4ssigkeit auf dem Feld.\",\"breadcrumb\":{\"@id\":\"https:\/\/www.fantiniworld.com\/de\/produkte\/maehdrescher\/#breadcrumb\"},\"inLanguage\":\"de\",\"potentialAction\":[{\"@type\":\"ReadAction\",\"target\":[\"https:\/\/www.fantiniworld.com\/de\/produkte\/maehdrescher\/\"]}]},{\"@type\":\"BreadcrumbList\",\"@id\":\"https:\/\/www.fantiniworld.com\/de\/produkte\/maehdrescher\/#breadcrumb\",\"itemListElement\":[{\"@type\":\"ListItem\",\"position\":1,\"name\":\"Home\",\"item\":\"https:\/\/www.fantiniworld.com\/de\/startseite\/\"},{\"@type\":\"ListItem\",\"position\":2,\"name\":\"Produkte\",\"item\":\"https:\/\/www.fantiniworld.com\/de\/produkte\/\"},{\"@type\":\"ListItem\",\"position\":3,\"name\":\"M\u00e4hdrescher\"}]},{\"@type\":\"WebSite\",\"@id\":\"https:\/\/www.fantiniworld.com\/de\/?lang=hr\/#website\",\"url\":\"https:\/\/www.fantiniworld.com\/de\/?lang=hr\/\",\"name\":\"Fantini Italia S.r.L\",\"description\":\"I migliori raccolti dal 1968\",\"publisher\":{\"@id\":\"https:\/\/www.fantiniworld.com\/de\/?lang=hr\/#organization\"},\"potentialAction\":[{\"@type\":\"SearchAction\",\"target\":{\"@type\":\"EntryPoint\",\"urlTemplate\":\"https:\/\/www.fantiniworld.com\/de\/?lang=hr\/?s={search_term_string}\"},\"query-input\":{\"@type\":\"PropertyValueSpecification\",\"valueRequired\":true,\"valueName\":\"search_term_string\"}}],\"inLanguage\":\"de\"},{\"@type\":\"Organization\",\"@id\":\"https:\/\/www.fantiniworld.com\/de\/?lang=hr\/#organization\",\"name\":\"Fantini Italia S.r.L\",\"alternateName\":\"Fantini Italia\",\"url\":\"https:\/\/www.fantiniworld.com\/de\/?lang=hr\/\",\"logo\":{\"@type\":\"ImageObject\",\"inLanguage\":\"de\",\"@id\":\"https:\/\/www.fantiniworld.com\/de\/?lang=hr\/#\/schema\/logo\/image\/\",\"url\":\"https:\/\/www.fantiniworld.com\/wp-content\/uploads\/2025\/06\/Risorsa-1logo.png\",\"contentUrl\":\"https:\/\/www.fantiniworld.com\/wp-content\/uploads\/2025\/06\/Risorsa-1logo.png\",\"width\":510,\"height\":167,\"caption\":\"Fantini Italia S.r.L\"},\"image\":{\"@id\":\"https:\/\/www.fantiniworld.com\/de\/?lang=hr\/#\/schema\/logo\/image\/\"},\"sameAs\":[\"https:\/\/www.facebook.com\/FantiniHarvestingHeaders\/\"]}]}<\/script>\n<!-- \/ Yoast SEO plugin. -->","yoast_head_json":{"title":"M\u00e4hdrescher - Fantini Italia","description":"Fantini-Schneidwerke f\u00fcr M\u00e4hdrescher: Sie sind mit allen gro\u00dfen Marken kompatibel und garantieren hohe Leistung und Zuverl\u00e4ssigkeit auf dem Feld.","robots":{"index":"index","follow":"follow","max-snippet":"max-snippet:-1","max-image-preview":"max-image-preview:large","max-video-preview":"max-video-preview:-1"},"canonical":"https:\/\/www.fantiniworld.com\/de\/produkte\/maehdrescher\/","og_locale":"de_DE","og_type":"article","og_title":"M\u00e4hdrescher - Fantini Italia","og_description":"Fantini-Schneidwerke f\u00fcr M\u00e4hdrescher: Sie sind mit allen gro\u00dfen Marken kompatibel und garantieren hohe Leistung und Zuverl\u00e4ssigkeit auf dem Feld.","og_url":"https:\/\/www.fantiniworld.com\/de\/produkte\/maehdrescher\/","og_site_name":"Fantini Italia","article_publisher":"https:\/\/www.facebook.com\/FantiniHarvestingHeaders\/","article_modified_time":"2025-12-17T08:24:55+00:00","og_image":[{"width":1024,"height":489,"url":"https:\/\/www.fantiniworld.com\/wp-content\/uploads\/2025\/07\/fantini-website-image-1024x489.png","type":"image\/png"}],"twitter_card":"summary_large_image","twitter_misc":{"Gesch\u00e4tzte Lesezeit":"9\u00a0Minuten"},"schema":{"@context":"https:\/\/schema.org","@graph":[{"@type":"WebPage","@id":"https:\/\/www.fantiniworld.com\/de\/produkte\/maehdrescher\/","url":"https:\/\/www.fantiniworld.com\/de\/produkte\/maehdrescher\/","name":"M\u00e4hdrescher - Fantini Italia","isPartOf":{"@id":"https:\/\/www.fantiniworld.com\/de\/?lang=hr\/#website"},"datePublished":"2025-05-13T12:41:08+00:00","dateModified":"2025-12-17T08:24:55+00:00","description":"Fantini-Schneidwerke f\u00fcr M\u00e4hdrescher: Sie sind mit allen gro\u00dfen Marken kompatibel und garantieren hohe Leistung und Zuverl\u00e4ssigkeit auf dem Feld.","breadcrumb":{"@id":"https:\/\/www.fantiniworld.com\/de\/produkte\/maehdrescher\/#breadcrumb"},"inLanguage":"de","potentialAction":[{"@type":"ReadAction","target":["https:\/\/www.fantiniworld.com\/de\/produkte\/maehdrescher\/"]}]},{"@type":"BreadcrumbList","@id":"https:\/\/www.fantiniworld.com\/de\/produkte\/maehdrescher\/#breadcrumb","itemListElement":[{"@type":"ListItem","position":1,"name":"Home","item":"https:\/\/www.fantiniworld.com\/de\/startseite\/"},{"@type":"ListItem","position":2,"name":"Produkte","item":"https:\/\/www.fantiniworld.com\/de\/produkte\/"},{"@type":"ListItem","position":3,"name":"M\u00e4hdrescher"}]},{"@type":"WebSite","@id":"https:\/\/www.fantiniworld.com\/de\/?lang=hr\/#website","url":"https:\/\/www.fantiniworld.com\/de\/?lang=hr\/","name":"Fantini Italia S.r.L","description":"I migliori raccolti dal 1968","publisher":{"@id":"https:\/\/www.fantiniworld.com\/de\/?lang=hr\/#organization"},"potentialAction":[{"@type":"SearchAction","target":{"@type":"EntryPoint","urlTemplate":"https:\/\/www.fantiniworld.com\/de\/?lang=hr\/?s={search_term_string}"},"query-input":{"@type":"PropertyValueSpecification","valueRequired":true,"valueName":"search_term_string"}}],"inLanguage":"de"},{"@type":"Organization","@id":"https:\/\/www.fantiniworld.com\/de\/?lang=hr\/#organization","name":"Fantini Italia S.r.L","alternateName":"Fantini Italia","url":"https:\/\/www.fantiniworld.com\/de\/?lang=hr\/","logo":{"@type":"ImageObject","inLanguage":"de","@id":"https:\/\/www.fantiniworld.com\/de\/?lang=hr\/#\/schema\/logo\/image\/","url":"https:\/\/www.fantiniworld.com\/wp-content\/uploads\/2025\/06\/Risorsa-1logo.png","contentUrl":"https:\/\/www.fantiniworld.com\/wp-content\/uploads\/2025\/06\/Risorsa-1logo.png","width":510,"height":167,"caption":"Fantini Italia S.r.L"},"image":{"@id":"https:\/\/www.fantiniworld.com\/de\/?lang=hr\/#\/schema\/logo\/image\/"},"sameAs":["https:\/\/www.facebook.com\/FantiniHarvestingHeaders\/"]}]}},"_links":{"self":[{"href":"https:\/\/www.fantiniworld.com\/de\/wp-json\/wp\/v2\/pages\/2310","targetHints":{"allow":["GET"]}}],"collection":[{"href":"https:\/\/www.fantiniworld.com\/de\/wp-json\/wp\/v2\/pages"}],"about":[{"href":"https:\/\/www.fantiniworld.com\/de\/wp-json\/wp\/v2\/types\/page"}],"author":[{"embeddable":true,"href":"https:\/\/www.fantiniworld.com\/de\/wp-json\/wp\/v2\/users\/1"}],"replies":[{"embeddable":true,"href":"https:\/\/www.fantiniworld.com\/de\/wp-json\/wp\/v2\/comments?post=2310"}],"version-history":[{"count":0,"href":"https:\/\/www.fantiniworld.com\/de\/wp-json\/wp\/v2\/pages\/2310\/revisions"}],"up":[{"embeddable":true,"href":"https:\/\/www.fantiniworld.com\/de\/wp-json\/wp\/v2\/pages\/1010"}],"wp:attachment":[{"href":"https:\/\/www.fantiniworld.com\/de\/wp-json\/wp\/v2\/media?parent=2310"}],"curies":[{"name":"wp","href":"https:\/\/api.w.org\/{rel}","templated":true}]}}