{"id":2325,"date":"2025-05-13T14:41:29","date_gmt":"2025-05-13T12:41:29","guid":{"rendered":"https:\/\/www.fantinisrl.it\/produkte\/feldhaecksler\/"},"modified":"2025-12-17T09:51:06","modified_gmt":"2025-12-17T08:51:06","slug":"feldhaecksler","status":"publish","type":"page","link":"https:\/\/www.fantiniworld.com\/de\/produkte\/feldhaecksler\/","title":{"rendered":"Gr\u00e4ben"},"content":{"rendered":"<p>[et_pb_section fb_built=&#8220;1&#8243; _builder_version=&#8220;4.27.4&#8243; _module_preset=&#8220;default&#8220; background_enable_image=&#8220;off&#8220; parallax=&#8220;on&#8220; custom_padding=&#8220;0px|||||&#8220; locked=&#8220;off&#8220; global_colors_info=&#8220;{}&#8220;][et_pb_row _builder_version=&#8220;4.27.4&#8243; _module_preset=&#8220;default&#8220; background_image=&#8220;https:\/\/www.fantiniworld.com\/wp-content\/uploads\/2025\/06\/DC01.jpg&#8220; max_width=&#8220;100%&#8220; max_width_tablet=&#8220;100%&#8220; max_width_phone=&#8220;100%&#8220; max_width_last_edited=&#8220;on|phone&#8220; module_alignment=&#8220;center&#8220; custom_margin=&#8220;||100px||false|false&#8220; custom_margin_tablet=&#8220;||50px||false|false&#8220; custom_margin_phone=&#8220;||50px||false|false&#8220; custom_margin_last_edited=&#8220;on|tablet&#8220; custom_padding=&#8220;100px||100px||false|false&#8220; global_colors_info=&#8220;{}&#8220;][et_pb_column type=&#8220;4_4&#8243; _builder_version=&#8220;4.27.4&#8243; _module_preset=&#8220;default&#8220; global_colors_info=&#8220;{}&#8220;][et_pb_text _builder_version=&#8220;4.27.4&#8243; _module_preset=&#8220;f350a3c8-387a-4560-8809-bd98f681dd18&#8243; text_text_color=&#8220;#003976&#8243; header_font=&#8220;Inter|800|||||||&#8220; header_text_color=&#8220;#003976&#8243; header_font_size=&#8220;100px&#8220; text_orientation=&#8220;center&#8220; width_tablet=&#8220;&#8220; width_phone=&#8220;&#8220; width_last_edited=&#8220;on|phone&#8220; module_alignment=&#8220;center&#8220; custom_margin=&#8220;||20px||false|false&#8220; header_font_size_tablet=&#8220;150px&#8220; header_font_size_phone=&#8220;57px&#8220; header_font_size_last_edited=&#8220;on|phone&#8220; locked=&#8220;off&#8220; global_colors_info=&#8220;{}&#8220; header_letter_spacing__hover_enabled=&#8220;on|desktop&#8220;]<\/p>\n<h1>Vorsatzger\u00e4te f\u00fcr Feldh\u00e4cksler<\/h1>\n<p>[\/et_pb_text][\/et_pb_column][\/et_pb_row][et_pb_row column_structure=&#8220;1_3,1_3,1_3&#8243; make_equal=&#8220;on&#8220; custom_padding_last_edited=&#8220;on|tablet&#8220; _builder_version=&#8220;4.27.4&#8243; _module_preset=&#8220;default&#8220; custom_margin=&#8220;|auto||auto|false|false&#8220; custom_padding=&#8220;|40px||40px|false|true&#8220; custom_padding_tablet=&#8220;|20px||20px|false|true&#8220; custom_padding_phone=&#8220;|20px||20px|false|true&#8220; locked=&#8220;off&#8220; global_colors_info=&#8220;{}&#8220;][et_pb_column type=&#8220;1_3&#8243; _builder_version=&#8220;4.27.4&#8243; _module_preset=&#8220;default&#8220; custom_padding_tablet=&#8220;||100px||false|false&#8220; custom_padding_phone=&#8220;||100px||false|false&#8220; custom_padding_last_edited=&#8220;on|tablet&#8220; global_colors_info=&#8220;{}&#8220;][et_pb_text _builder_version=&#8220;4.27.4&#8243; _module_preset=&#8220;aff0df58-08d0-493c-a906-94ea2aab1db9&#8243; header_2_font_size=&#8220;48px&#8220; header_3_font_size=&#8220;55px&#8220; custom_margin=&#8220;||14px||false|false&#8220; header_3_font_size_phone=&#8220;21px&#8220; global_colors_info=&#8220;{}&#8220;]<\/p>\n<h3>Fantinis Produkte f\u00fcr Ihre Futter- und Biogasproduktion.<\/h3>\n<p>[\/et_pb_text][et_pb_text _builder_version=&#8220;4.27.4&#8243; _module_preset=&#8220;aff0df58-08d0-493c-a906-94ea2aab1db9&#8243; header_2_font_size=&#8220;48px&#8220; header_3_font=&#8220;Inter||||||||&#8220; header_3_font_size=&#8220;23px&#8220; custom_margin=&#8220;||14px||false|false&#8220; global_colors_info=&#8220;{}&#8220;]<\/p>\n<h3>Ob Sie nun ein gro\u00dfer Lohnunternehmer oder ein leidenschaftlicher Landwirt sind, Sie verdienen es, schnell und ohne Unterbrechung zu h\u00e4ckseln: Sorghum, Triticale, Lojetto, Luzerne, Bohnen, Mais, Weizen, Mischkulturen, usw. Wir haben immer die Qualit\u00e4tsl\u00f6sung, die Sie brauchen. <\/h3>\n<p>[\/et_pb_text][et_pb_button button_url=&#8220;@ET-DC@eyJkeW5hbWljIjp0cnVlLCJjb250ZW50IjoicG9zdF9saW5rX3VybF9wYWdlIiwic2V0dGluZ3MiOnsicG9zdF9pZCI6IjQxIiwiZW5hYmxlX2h0bWwiOiJvZmYifX0=@&#8220; button_text=&#8220;Informationen anfordern&#8220; button_alignment_tablet=&#8220;&#8220; button_alignment_phone=&#8220;center&#8220; button_alignment_last_edited=&#8220;on|phone&#8220; _builder_version=&#8220;4.27.4&#8243; _dynamic_attributes=&#8220;button_url&#8220; _module_preset=&#8220;92d4cd12-12ff-43b2-b1aa-08759a0e0ebb&#8220; global_colors_info=&#8220;{}&#8220; button_text_color__hover_enabled=&#8220;on|desktop&#8220; button_text_color__hover=&#8220;#003976&#8243; button_bg_color__hover_enabled=&#8220;on|desktop&#8220; button_bg_color__hover=&#8220;#FCFCFC&#8220; button_bg_enable_color__hover=&#8220;on&#8220; button_border_color__hover_enabled=&#8220;on|desktop&#8220; button_border_color__hover=&#8220;#003976&#8243;][\/et_pb_button][\/et_pb_column][et_pb_column type=&#8220;1_3&#8243; _builder_version=&#8220;4.24.0&#8243; _module_preset=&#8220;default&#8220; custom_padding=&#8220;30px|30px|30px|30px|true|true&#8220; border_radii=&#8220;on|30px|30px|30px|30px&#8220; border_width_all=&#8220;2px&#8220; border_color_all=&#8220;rgba(0,0,0,0.12)&#8220; global_colors_info=&#8220;{}&#8220;][et_pb_text _builder_version=&#8220;4.27.4&#8243; _module_preset=&#8220;1fb1b074-c260-470e-a823-4339da8423b5&#8243; custom_margin=&#8220;||0px||false|false&#8220; header_5_font_size_phone=&#8220;18px&#8220; global_colors_info=&#8220;{}&#8220;]<\/p>\n<h5>Direktschnitt fest DC01<\/h5>\n<p>[\/et_pb_text][et_pb_text _builder_version=&#8220;4.27.4&#8243; _module_preset=&#8220;c233261e-9b1d-4983-9f25-dd026450b3a9&#8243; global_colors_info=&#8220;{}&#8220;]<\/p>\n<p>Das beste Direktschnittger\u00e4t auf dem Markt: leicht, geringe Leistungsaufnahme, schnell und wartungsfreundlich. Entwickelt f\u00fcr die Futterernte in der Viehzucht oder f\u00fcr die Biogaserzeugung, hat es die h\u00f6chste Leistung auf dem Markt; auch mit Schnellkupplung zur Zapfwelle erh\u00e4ltlich, mit einer Arbeitsbreite von 5,20 oder 6,10 Metern. <\/p>\n<p>Wie m\u00f6chten Sie es haben? Gelb Fantini &#8211; CNH? Gr\u00fcn Claas oder JD oder Krone? Rot?   <\/p>\n<p>Mit oder ohne Wagen?<\/p>\n<p>&nbsp;<\/p>\n<p>[\/et_pb_text][et_pb_button button_url=&#8220;@ET-DC@eyJkeW5hbWljIjp0cnVlLCJjb250ZW50IjoicG9zdF9saW5rX3VybF9wYWdlIiwic2V0dGluZ3MiOnsicG9zdF9pZCI6IjIwOTQiLCJlbmFibGVfaHRtbCI6Im9mZiJ9fQ==@&#8220; button_text=&#8220;Entdecken Sie die L\u00f6sung f\u00fcr sich&#8220; _builder_version=&#8220;4.27.4&#8243; _dynamic_attributes=&#8220;button_url&#8220; _module_preset=&#8220;403dde90-327b-404b-8b7b-dceacd047bc7&#8243; custom_button=&#8220;off&#8220; locked=&#8220;off&#8220; global_colors_info=&#8220;{}&#8220;][\/et_pb_button][et_pb_image src=&#8220;https:\/\/www.fantiniworld.com\/wp-content\/uploads\/2025\/03\/DC01-3.png&#8220; alt=&#8220;Fantini Italia &#8211; Kopf DC01-520&#8243; title_text=&#8220;DC01&#8243; _builder_version=&#8220;4.27.4&#8243; _module_preset=&#8220;default&#8220; global_colors_info=&#8220;{}&#8220;][\/et_pb_image][\/et_pb_column][et_pb_column type=&#8220;1_3&#8243; _builder_version=&#8220;4.24.0&#8243; _module_preset=&#8220;default&#8220; custom_padding=&#8220;30px|30px|30px|30px|true|true&#8220; border_radii=&#8220;on|30px|30px|30px|30px&#8220; border_width_all=&#8220;2px&#8220; border_color_all=&#8220;rgba(0,0,0,0.12)&#8220; global_colors_info=&#8220;{}&#8220;][et_pb_text _builder_version=&#8220;4.27.4&#8243; _module_preset=&#8220;1fb1b074-c260-470e-a823-4339da8423b5&#8243; custom_margin=&#8220;||0px||false|false&#8220; header_5_font_size_phone=&#8220;18px&#8220; global_colors_info=&#8220;{}&#8220;]<\/p>\n<h5>Direktschnitt-Faltung DCH1<\/h5>\n<p>[\/et_pb_text][et_pb_text _builder_version=&#8220;4.27.4&#8243; _module_preset=&#8220;c233261e-9b1d-4983-9f25-dd026450b3a9&#8243; global_colors_info=&#8220;{}&#8220;]<\/p>\n<p>Nur wir haben sie! Patentiertes Klappsystem, das maximale Sicht erm\u00f6glicht und den Einsatz eines Wagens und Traktors \u00fcberfl\u00fcssig macht; sehr hohe Schnittgeschwindigkeit, mit einer Arbeitsbreite von 5,20 m oder 6,10 m. <\/p>\n<p>Entwickelt f\u00fcr die Ernte von Futter und Feldfr\u00fcchten f\u00fcr die Biogaserzeugung in Verg\u00e4rungsanlagen.<\/p>\n<p>Wie m\u00f6chten Sie es haben? Gelb Fantini &#8211; CNH? Gr\u00fcn Claas oder JD oder Krone? Rot? <\/p>\n<p>&nbsp;<\/p>\n<p>[\/et_pb_text][et_pb_button button_url=&#8220;@ET-DC@eyJkeW5hbWljIjp0cnVlLCJjb250ZW50IjoicG9zdF9saW5rX3VybF9wYWdlIiwic2V0dGluZ3MiOnsicG9zdF9pZCI6IjIwOTQiLCJlbmFibGVfaHRtbCI6Im9mZiJ9fQ==@&#8220; button_text=&#8220;Entdecken Sie die L\u00f6sung f\u00fcr sich&#8220; _builder_version=&#8220;4.27.4&#8243; _dynamic_attributes=&#8220;button_url&#8220; _module_preset=&#8220;403dde90-327b-404b-8b7b-dceacd047bc7&#8243; custom_button=&#8220;off&#8220; locked=&#8220;off&#8220; global_colors_info=&#8220;{}&#8220;][\/et_pb_button][et_pb_image src=&#8220;https:\/\/www.fantiniworld.com\/wp-content\/uploads\/2025\/10\/DCH1-scaled.png&#8220; alt=&#8220;DCH1 &#8211; Fantini Italien&#8220; title_text=&#8220;DCH1&#8243; _builder_version=&#8220;4.27.4&#8243; _module_preset=&#8220;default&#8220; hover_enabled=&#8220;0&#8243; global_colors_info=&#8220;{}&#8220; sticky_enabled=&#8220;0&#8243;][\/et_pb_image][\/et_pb_column][\/et_pb_row][\/et_pb_section]<\/p>\n","protected":false},"excerpt":{"rendered":"<p>Vorsatzger\u00e4te f\u00fcr Feldh\u00e4ckslerFantinis Produkte f\u00fcr Ihre Futter- und Biogasproduktion.Ob Sie nun ein gro\u00dfer Lohnunternehmer oder ein leidenschaftlicher Landwirt sind, Sie verdienen es, schnell und ohne Unterbrechung zu h\u00e4ckseln: Sorghum, Triticale, Lojetto, Luzerne, Bohnen, Mais, Weizen, Mischkulturen, usw. Wir haben immer die Qualit\u00e4tsl\u00f6sung, die Sie brauchen. Direktschnitt fest DC01Das beste Direktschnittger\u00e4t auf dem Markt: leicht, geringe [&hellip;]<\/p>\n","protected":false},"author":1,"featured_media":0,"parent":1010,"menu_order":0,"comment_status":"closed","ping_status":"closed","template":"","meta":{"_et_pb_use_builder":"on","_et_pb_old_content":"","_et_gb_content_width":"","footnotes":""},"class_list":["post-2325","page","type-page","status-publish","hentry"],"yoast_head":"<!-- This site is optimized with the Yoast SEO plugin v26.7 - https:\/\/yoast.com\/wordpress\/plugins\/seo\/ -->\n<title>Gr\u00e4ben - Fantini Italia<\/title>\n<meta name=\"description\" content=\"Fantini Italia Vorsatzger\u00e4te f\u00fcr Feldh\u00e4cksler: hohe Leistung, Kompatibilit\u00e4t mit f\u00fchrenden Modellen und effiziente Maisernte.\" \/>\n<meta name=\"robots\" content=\"index, follow, max-snippet:-1, max-image-preview:large, max-video-preview:-1\" \/>\n<link rel=\"canonical\" href=\"https:\/\/www.fantiniworld.com\/de\/produkte\/feldhaecksler\/\" \/>\n<meta property=\"og:locale\" content=\"de_DE\" \/>\n<meta property=\"og:type\" content=\"article\" \/>\n<meta property=\"og:title\" content=\"Gr\u00e4ben - Fantini Italia\" \/>\n<meta property=\"og:description\" content=\"Fantini Italia Vorsatzger\u00e4te f\u00fcr Feldh\u00e4cksler: hohe Leistung, Kompatibilit\u00e4t mit f\u00fchrenden Modellen und effiziente Maisernte.\" \/>\n<meta property=\"og:url\" content=\"https:\/\/www.fantiniworld.com\/de\/produkte\/feldhaecksler\/\" \/>\n<meta property=\"og:site_name\" content=\"Fantini Italia\" \/>\n<meta property=\"article:publisher\" content=\"https:\/\/www.facebook.com\/FantiniHarvestingHeaders\/\" \/>\n<meta property=\"article:modified_time\" content=\"2025-12-17T08:51:06+00:00\" \/>\n<meta property=\"og:image\" content=\"https:\/\/www.fantiniworld.com\/wp-content\/uploads\/2025\/07\/fantini-website-image-1024x489.png\" \/>\n\t<meta property=\"og:image:width\" content=\"1024\" \/>\n\t<meta property=\"og:image:height\" content=\"489\" \/>\n\t<meta property=\"og:image:type\" content=\"image\/png\" \/>\n<meta name=\"twitter:card\" content=\"summary_large_image\" \/>\n<meta name=\"twitter:label1\" content=\"Gesch\u00e4tzte Lesezeit\" \/>\n\t<meta name=\"twitter:data1\" content=\"5\u00a0Minuten\" \/>\n<script type=\"application\/ld+json\" class=\"yoast-schema-graph\">{\"@context\":\"https:\/\/schema.org\",\"@graph\":[{\"@type\":\"WebPage\",\"@id\":\"https:\/\/www.fantiniworld.com\/de\/produkte\/feldhaecksler\/\",\"url\":\"https:\/\/www.fantiniworld.com\/de\/produkte\/feldhaecksler\/\",\"name\":\"Gr\u00e4ben - Fantini Italia\",\"isPartOf\":{\"@id\":\"https:\/\/www.fantiniworld.com\/de\/?lang=hr\/#website\"},\"datePublished\":\"2025-05-13T12:41:29+00:00\",\"dateModified\":\"2025-12-17T08:51:06+00:00\",\"description\":\"Fantini Italia Vorsatzger\u00e4te f\u00fcr Feldh\u00e4cksler: hohe Leistung, Kompatibilit\u00e4t mit f\u00fchrenden Modellen und effiziente Maisernte.\",\"breadcrumb\":{\"@id\":\"https:\/\/www.fantiniworld.com\/de\/produkte\/feldhaecksler\/#breadcrumb\"},\"inLanguage\":\"de\",\"potentialAction\":[{\"@type\":\"ReadAction\",\"target\":[\"https:\/\/www.fantiniworld.com\/de\/produkte\/feldhaecksler\/\"]}]},{\"@type\":\"BreadcrumbList\",\"@id\":\"https:\/\/www.fantiniworld.com\/de\/produkte\/feldhaecksler\/#breadcrumb\",\"itemListElement\":[{\"@type\":\"ListItem\",\"position\":1,\"name\":\"Home\",\"item\":\"https:\/\/www.fantiniworld.com\/de\/startseite\/\"},{\"@type\":\"ListItem\",\"position\":2,\"name\":\"Produkte\",\"item\":\"https:\/\/www.fantiniworld.com\/de\/produkte\/\"},{\"@type\":\"ListItem\",\"position\":3,\"name\":\"Gr\u00e4ben\"}]},{\"@type\":\"WebSite\",\"@id\":\"https:\/\/www.fantiniworld.com\/de\/?lang=hr\/#website\",\"url\":\"https:\/\/www.fantiniworld.com\/de\/?lang=hr\/\",\"name\":\"Fantini Italia S.r.L\",\"description\":\"I migliori raccolti dal 1968\",\"publisher\":{\"@id\":\"https:\/\/www.fantiniworld.com\/de\/?lang=hr\/#organization\"},\"potentialAction\":[{\"@type\":\"SearchAction\",\"target\":{\"@type\":\"EntryPoint\",\"urlTemplate\":\"https:\/\/www.fantiniworld.com\/de\/?lang=hr\/?s={search_term_string}\"},\"query-input\":{\"@type\":\"PropertyValueSpecification\",\"valueRequired\":true,\"valueName\":\"search_term_string\"}}],\"inLanguage\":\"de\"},{\"@type\":\"Organization\",\"@id\":\"https:\/\/www.fantiniworld.com\/de\/?lang=hr\/#organization\",\"name\":\"Fantini Italia S.r.L\",\"alternateName\":\"Fantini Italia\",\"url\":\"https:\/\/www.fantiniworld.com\/de\/?lang=hr\/\",\"logo\":{\"@type\":\"ImageObject\",\"inLanguage\":\"de\",\"@id\":\"https:\/\/www.fantiniworld.com\/de\/?lang=hr\/#\/schema\/logo\/image\/\",\"url\":\"https:\/\/www.fantiniworld.com\/wp-content\/uploads\/2025\/06\/Risorsa-1logo.png\",\"contentUrl\":\"https:\/\/www.fantiniworld.com\/wp-content\/uploads\/2025\/06\/Risorsa-1logo.png\",\"width\":510,\"height\":167,\"caption\":\"Fantini Italia S.r.L\"},\"image\":{\"@id\":\"https:\/\/www.fantiniworld.com\/de\/?lang=hr\/#\/schema\/logo\/image\/\"},\"sameAs\":[\"https:\/\/www.facebook.com\/FantiniHarvestingHeaders\/\"]}]}<\/script>\n<!-- \/ Yoast SEO plugin. -->","yoast_head_json":{"title":"Gr\u00e4ben - Fantini Italia","description":"Fantini Italia Vorsatzger\u00e4te f\u00fcr Feldh\u00e4cksler: hohe Leistung, Kompatibilit\u00e4t mit f\u00fchrenden Modellen und effiziente Maisernte.","robots":{"index":"index","follow":"follow","max-snippet":"max-snippet:-1","max-image-preview":"max-image-preview:large","max-video-preview":"max-video-preview:-1"},"canonical":"https:\/\/www.fantiniworld.com\/de\/produkte\/feldhaecksler\/","og_locale":"de_DE","og_type":"article","og_title":"Gr\u00e4ben - Fantini Italia","og_description":"Fantini Italia Vorsatzger\u00e4te f\u00fcr Feldh\u00e4cksler: hohe Leistung, Kompatibilit\u00e4t mit f\u00fchrenden Modellen und effiziente Maisernte.","og_url":"https:\/\/www.fantiniworld.com\/de\/produkte\/feldhaecksler\/","og_site_name":"Fantini Italia","article_publisher":"https:\/\/www.facebook.com\/FantiniHarvestingHeaders\/","article_modified_time":"2025-12-17T08:51:06+00:00","og_image":[{"width":1024,"height":489,"url":"https:\/\/www.fantiniworld.com\/wp-content\/uploads\/2025\/07\/fantini-website-image-1024x489.png","type":"image\/png"}],"twitter_card":"summary_large_image","twitter_misc":{"Gesch\u00e4tzte Lesezeit":"5\u00a0Minuten"},"schema":{"@context":"https:\/\/schema.org","@graph":[{"@type":"WebPage","@id":"https:\/\/www.fantiniworld.com\/de\/produkte\/feldhaecksler\/","url":"https:\/\/www.fantiniworld.com\/de\/produkte\/feldhaecksler\/","name":"Gr\u00e4ben - Fantini Italia","isPartOf":{"@id":"https:\/\/www.fantiniworld.com\/de\/?lang=hr\/#website"},"datePublished":"2025-05-13T12:41:29+00:00","dateModified":"2025-12-17T08:51:06+00:00","description":"Fantini Italia Vorsatzger\u00e4te f\u00fcr Feldh\u00e4cksler: hohe Leistung, Kompatibilit\u00e4t mit f\u00fchrenden Modellen und effiziente Maisernte.","breadcrumb":{"@id":"https:\/\/www.fantiniworld.com\/de\/produkte\/feldhaecksler\/#breadcrumb"},"inLanguage":"de","potentialAction":[{"@type":"ReadAction","target":["https:\/\/www.fantiniworld.com\/de\/produkte\/feldhaecksler\/"]}]},{"@type":"BreadcrumbList","@id":"https:\/\/www.fantiniworld.com\/de\/produkte\/feldhaecksler\/#breadcrumb","itemListElement":[{"@type":"ListItem","position":1,"name":"Home","item":"https:\/\/www.fantiniworld.com\/de\/startseite\/"},{"@type":"ListItem","position":2,"name":"Produkte","item":"https:\/\/www.fantiniworld.com\/de\/produkte\/"},{"@type":"ListItem","position":3,"name":"Gr\u00e4ben"}]},{"@type":"WebSite","@id":"https:\/\/www.fantiniworld.com\/de\/?lang=hr\/#website","url":"https:\/\/www.fantiniworld.com\/de\/?lang=hr\/","name":"Fantini Italia S.r.L","description":"I migliori raccolti dal 1968","publisher":{"@id":"https:\/\/www.fantiniworld.com\/de\/?lang=hr\/#organization"},"potentialAction":[{"@type":"SearchAction","target":{"@type":"EntryPoint","urlTemplate":"https:\/\/www.fantiniworld.com\/de\/?lang=hr\/?s={search_term_string}"},"query-input":{"@type":"PropertyValueSpecification","valueRequired":true,"valueName":"search_term_string"}}],"inLanguage":"de"},{"@type":"Organization","@id":"https:\/\/www.fantiniworld.com\/de\/?lang=hr\/#organization","name":"Fantini Italia S.r.L","alternateName":"Fantini Italia","url":"https:\/\/www.fantiniworld.com\/de\/?lang=hr\/","logo":{"@type":"ImageObject","inLanguage":"de","@id":"https:\/\/www.fantiniworld.com\/de\/?lang=hr\/#\/schema\/logo\/image\/","url":"https:\/\/www.fantiniworld.com\/wp-content\/uploads\/2025\/06\/Risorsa-1logo.png","contentUrl":"https:\/\/www.fantiniworld.com\/wp-content\/uploads\/2025\/06\/Risorsa-1logo.png","width":510,"height":167,"caption":"Fantini Italia S.r.L"},"image":{"@id":"https:\/\/www.fantiniworld.com\/de\/?lang=hr\/#\/schema\/logo\/image\/"},"sameAs":["https:\/\/www.facebook.com\/FantiniHarvestingHeaders\/"]}]}},"_links":{"self":[{"href":"https:\/\/www.fantiniworld.com\/de\/wp-json\/wp\/v2\/pages\/2325","targetHints":{"allow":["GET"]}}],"collection":[{"href":"https:\/\/www.fantiniworld.com\/de\/wp-json\/wp\/v2\/pages"}],"about":[{"href":"https:\/\/www.fantiniworld.com\/de\/wp-json\/wp\/v2\/types\/page"}],"author":[{"embeddable":true,"href":"https:\/\/www.fantiniworld.com\/de\/wp-json\/wp\/v2\/users\/1"}],"replies":[{"embeddable":true,"href":"https:\/\/www.fantiniworld.com\/de\/wp-json\/wp\/v2\/comments?post=2325"}],"version-history":[{"count":0,"href":"https:\/\/www.fantiniworld.com\/de\/wp-json\/wp\/v2\/pages\/2325\/revisions"}],"up":[{"embeddable":true,"href":"https:\/\/www.fantiniworld.com\/de\/wp-json\/wp\/v2\/pages\/1010"}],"wp:attachment":[{"href":"https:\/\/www.fantiniworld.com\/de\/wp-json\/wp\/v2\/media?parent=2325"}],"curies":[{"name":"wp","href":"https:\/\/api.w.org\/{rel}","templated":true}]}}