{"id":871,"date":"2025-02-13T12:56:23","date_gmt":"2025-02-13T11:56:23","guid":{"rendered":"https:\/\/www.fantinisrl.it\/?page_id=871"},"modified":"2026-02-27T10:52:01","modified_gmt":"2026-02-27T09:52:01","slug":"pickup-kopfhoerer","status":"publish","type":"page","link":"https:\/\/www.fantiniworld.com\/de\/produkte\/maehdrescher\/pickup-kopfhoerer\/","title":{"rendered":"Andana-Kulturen"},"content":{"rendered":"<p>[et_pb_section fb_built=&#8220;1&#8243; disabled_on=&#8220;off|off|off&#8220; admin_label=&#8220;Header&#8220; _builder_version=&#8220;4.27.4&#8243; _module_preset=&#8220;default&#8220; background_enable_color=&#8220;off&#8220; use_background_color_gradient=&#8220;on&#8220; background_color_gradient_stops=&#8220;rgba(7,7,7,0.92) 0%|rgba(7,7,7,0) 97%&#8220; background_color_gradient_overlays_image=&#8220;on&#8220; background_image=&#8220;https:\/\/www.fantiniworld.com\/wp-content\/uploads\/2025\/06\/Foto-di-campo-per-sfondo-andana-2.jpg&#8220; min_height=&#8220;1144.3px&#8220; custom_padding=&#8220;8vh||4vh||false|false&#8220; border_radii=&#8220;off|||3vw|3vw&#8220; locked=&#8220;off&#8220; collapsed=&#8220;on&#8220; global_colors_info=&#8220;{}&#8220;][et_pb_row column_structure=&#8220;1_2,1_2&#8243; custom_padding_last_edited=&#8220;on|tablet&#8220; admin_label=&#8220;Linie&#8220; _builder_version=&#8220;4.27.4&#8243; _module_preset=&#8220;default&#8220; background_enable_color=&#8220;off&#8220; max_width=&#8220;1800px&#8220; custom_padding=&#8220;|30px||30px|false|true&#8220; custom_padding_tablet=&#8220;|0px||0px|false|true&#8220; custom_padding_phone=&#8220;|0px||0px|false|true&#8220; custom_css_free_form=&#8220;#colonna-home{||  clip-path: polygon(0px 30%, 100% 0%, 100% 100%, 0% 100%);||}&#8220; global_colors_info=&#8220;{}&#8220;][et_pb_column type=&#8220;1_2&#8243; _builder_version=&#8220;4.22.0&#8243; _module_preset=&#8220;default&#8220; global_colors_info=&#8220;{}&#8220;][et_pb_image src=&#8220;https:\/\/www.fantiniworld.com\/wp-content\/uploads\/2025\/03\/PICKUP-main-img-3.png&#8220; alt=&#8220;Jockeys Italien &#8211; Abholung &#8211; Schwadkulturen&#8220; title_text=&#8220;Jockeys Italien &#8211; Abholung &#8211; Schwadkulturen&#8220; admin_label=&#8220;Immagine&#8220; _builder_version=&#8220;4.27.4&#8243; _module_preset=&#8220;default&#8220; background_enable_color=&#8220;off&#8220; use_background_color_gradient=&#8220;on&#8220; background_color_gradient_type=&#8220;elliptical&#8220; background_color_gradient_stops=&#8220;#f2ad00 29%|rgba(242,173,0,0) 72%&#8220; global_colors_info=&#8220;{}&#8220;][\/et_pb_image][et_pb_text _builder_version=&#8220;4.27.4&#8243; _module_preset=&#8220;f350a3c8-387a-4560-8809-bd98f681dd18&#8243; header_text_color=&#8220;#FCFCFC&#8220; header_font_size=&#8220;150px&#8220; max_width=&#8220;1440px&#8220; custom_margin=&#8220;||||false|false&#8220; custom_padding=&#8220;|||0px|false|false&#8220; custom_padding_tablet=&#8220;|30px||30px|false|true&#8220; custom_padding_phone=&#8220;|30px||30px|false|true&#8220; custom_padding_last_edited=&#8220;on|tablet&#8220; header_font_size_tablet=&#8220;150px&#8220; header_font_size_phone=&#8220;57px&#8220; header_font_size_last_edited=&#8220;on|phone&#8220; global_colors_info=&#8220;{}&#8220;]<\/p>\n<h1>Pickup-Kopfh\u00f6rer<\/h1>\n<p>[\/et_pb_text][et_pb_button button_url=&#8220;@ET-DC@eyJkeW5hbWljIjp0cnVlLCJjb250ZW50IjoicG9zdF9saW5rX3VybF9wcm9qZWN0Iiwic2V0dGluZ3MiOnsicG9zdF9pZCI6IjM3OCIsImVuYWJsZV9odG1sIjoib2ZmIn19@&#8220; button_text=&#8220;ENTDECKEN&#8220; disabled_on=&#8220;on|on|on&#8220; _builder_version=&#8220;4.27.4&#8243; _dynamic_attributes=&#8220;button_url&#8220; _module_preset=&#8220;default&#8220; custom_button=&#8220;on&#8220; button_text_size=&#8220;28px&#8220; button_text_color=&#8220;#003976&#8243; button_bg_color=&#8220;#F2AD00&#8243; button_border_width=&#8220;2px&#8220; button_border_color=&#8220;#F2AD00&#8243; button_use_icon=&#8220;off&#8220; custom_padding=&#8220;|30px||30px|false|true&#8220; disabled=&#8220;on&#8220; global_colors_info=&#8220;{}&#8220; button_bg_color__hover_enabled=&#8220;on|desktop&#8220; button_bg_color__hover=&#8220;#003976&#8243; button_bg_enable_color__hover=&#8220;on&#8220; button_text_color__hover_enabled=&#8220;on|desktop&#8220; button_text_color__hover=&#8220;#F2AD00&#8243; button_text_size__hover_enabled=&#8220;on|desktop&#8220; button_text_size__hover=&#8220;30px&#8220;][\/et_pb_button][\/et_pb_column][et_pb_column type=&#8220;1_2&#8243; _builder_version=&#8220;4.27.4&#8243; _module_preset=&#8220;default&#8220; background_color=&#8220;#003976&#8243; custom_padding=&#8220;300px|20px|100px|20px|false|true&#8220; custom_padding_tablet=&#8220;50px|0px|50px|0px|false|true&#8220; custom_padding_phone=&#8220;|20px||20px|false|true&#8220; custom_padding_last_edited=&#8220;on|phone&#8220; border_radii=&#8220;on|3px|3px|3px|3px&#8220; global_colors_info=&#8220;{}&#8220;][et_pb_text _builder_version=&#8220;4.27.4&#8243; _module_preset=&#8220;default&#8220; text_text_color=&#8220;#FCFCFC&#8220; text_font_size=&#8220;20px&#8220; text_line_height=&#8220;1.4em&#8220; text_orientation=&#8220;justified&#8220; custom_padding=&#8220;|100px||100px|false|true&#8220; custom_padding_tablet=&#8220;|50px||50px|false|true&#8220; custom_padding_phone=&#8220;|10px||10px|false|true&#8220; custom_padding_last_edited=&#8220;on|phone&#8220; text_font_size_tablet=&#8220;20px&#8220; text_font_size_phone=&#8220;20px&#8220; text_font_size_last_edited=&#8220;on|tablet&#8220; global_colors_info=&#8220;{}&#8220;]<\/p>\n<p>Fantini garantiert die Verf\u00fcgbarkeit von Original-Ersatzteilen und kontinuierliche technische Unterst\u00fctzung f\u00fcr H\u00e4ndler und Kunden dank der langj\u00e4hrigen Erfahrung seiner spezialisierten Techniker<\/p>\n<p>[\/et_pb_text][et_pb_image src=&#8220;https:\/\/www.fantiniworld.com\/wp-content\/uploads\/2025\/06\/pickup_in_campo-scaled.jpg&#8220; alt=&#8220;Abholung auf dem Feld &#8211; Fantini Italia&#8220; title_text=&#8220;Abholung auf dem Feld &#8211; Fantini Italia&#8220; admin_label=&#8220;Immagine&#8220; _builder_version=&#8220;4.27.4&#8243; _module_preset=&#8220;default&#8220; custom_margin=&#8220;||||false|false&#8220; custom_padding=&#8220;|100px||100px|false|true&#8220; custom_padding_tablet=&#8220;|50px||50px|false|true&#8220; custom_padding_phone=&#8220;|10px||10px|false|true&#8220; custom_padding_last_edited=&#8220;on|tablet&#8220; border_radii=&#8220;on|20px|20px|20px|20px&#8220; border_width_all=&#8220;2px&#8220; border_color_all=&#8220;#F2AD00&#8243; border_style_all=&#8220;groove&#8220; global_colors_info=&#8220;{}&#8220;][\/et_pb_image][\/et_pb_column][\/et_pb_row][\/et_pb_section][et_pb_section fb_built=&#8220;1&#8243; _builder_version=&#8220;4.27.4&#8243; _module_preset=&#8220;default&#8220; background_color=&#8220;#F2AD00&#8243; min_height=&#8220;643.6px&#8220; custom_margin=&#8220;||||false|false&#8220; custom_padding=&#8220;||1px|||&#8220; global_colors_info=&#8220;{}&#8220;][et_pb_row column_structure=&#8220;1_2,1_2&#8243; custom_padding_last_edited=&#8220;on|tablet&#8220; admin_label=&#8220;Linie&#8220; _builder_version=&#8220;4.27.4&#8243; _module_preset=&#8220;default&#8220; background_enable_color=&#8220;off&#8220; max_width=&#8220;1800px&#8220; custom_padding_tablet=&#8220;|50px||50px|false|true&#8220; custom_padding_phone=&#8220;|30px||30px|false|true&#8220; global_colors_info=&#8220;{}&#8220;][et_pb_column type=&#8220;1_2&#8243; _builder_version=&#8220;4.27.4&#8243; _module_preset=&#8220;default&#8220; custom_padding_tablet=&#8220;&#8220; custom_padding_phone=&#8220;|0px||0px|false|true&#8220; custom_padding_last_edited=&#8220;on|phone&#8220; global_colors_info=&#8220;{}&#8220;][et_pb_text _builder_version=&#8220;4.27.4&#8243; _module_preset=&#8220;fded0ccd-9934-4b21-b8a2-be0c998c7df6&#8243; header_text_align=&#8220;left&#8220; text_orientation=&#8220;center&#8220; custom_margin=&#8220;||30px|30px|false|false&#8220; custom_margin_tablet=&#8220;|||0px|false|false&#8220; custom_margin_phone=&#8220;||30px|0px|false|false&#8220; custom_margin_last_edited=&#8220;on|desktop&#8220; global_colors_info=&#8220;{}&#8220;]<\/p>\n<h1>Pickup-K\u00f6pfe<\/h1>\n<p>[\/et_pb_text][et_pb_text _builder_version=&#8220;4.27.4&#8243; _module_preset=&#8220;0343ab31-f259-4082-b1f3-5cabd33d9786&#8243; custom_margin=&#8220;|||30px|false|false&#8220; custom_margin_tablet=&#8220;|||0px|false|false&#8220; custom_margin_phone=&#8220;|||0px|false|false&#8220; custom_margin_last_edited=&#8220;on|desktop&#8220; locked=&#8220;off&#8220; global_colors_info=&#8220;{}&#8220;]<\/p>\n<p><span>Die Pickup Bar ist mit mechanischem oder hydraulischem Antrieb erh\u00e4ltlich, falls der M\u00e4hdrescher nicht \u00fcber eine Hydraulik verf\u00fcgt, und kann an alle M\u00e4hdrescher montiert werden. Die einstellbare 650-mm-Zuf\u00fchrschnecke mit Kupplung ist mit einziehbaren Fingern ausgestattet. Das Ernteband ist 1 m breit und hat eine Gesamtnutzl\u00e4nge von 3 bis 6 m.    <\/span><\/p>\n<p>[\/et_pb_text][et_pb_button button_url=&#8220;https:\/\/www.myfantini.cloud\/doc\/7b7070cf20c6d27a7bfb0d65daff7c1e&#8220; url_new_window=&#8220;on&#8220; button_text=&#8220;Brosch\u00fcren \u2193&#8220; disabled_on=&#8220;off|off|off&#8220; _builder_version=&#8220;4.27.4&#8243; _module_preset=&#8220;default&#8220; custom_button=&#8220;on&#8220; button_text_size=&#8220;22px&#8220; button_text_color=&#8220;#003976&#8243; button_use_icon=&#8220;off&#8220; custom_margin=&#8220;|||30px|false|false&#8220; custom_margin_tablet=&#8220;|||0px|false|false&#8220; custom_margin_phone=&#8220;|||0px|false|false&#8220; custom_margin_last_edited=&#8220;on|desktop&#8220; hover_enabled=&#8220;0&#8243; locked=&#8220;off&#8220; global_colors_info=&#8220;{}&#8220; button_bg_color__hover_enabled=&#8220;on|desktop&#8220; button_bg_color__hover=&#8220;#003976&#8243; button_bg_enable_color__hover=&#8220;on&#8220; button_text_color__hover_enabled=&#8220;on|desktop&#8220; button_text_color__hover=&#8220;#FCFCFC&#8220; button_border_radius__hover_enabled=&#8220;on|hover&#8220; button_border_radius__hover=&#8220;3px&#8220; sticky_enabled=&#8220;0&#8243;][\/et_pb_button][inftnc_dual_buttons button_left_text=&#8220;Scopri di pi\u00f9&#8220; button_right_text=&#8220;Brochure \u2193&#8220; button_url_left=&#8220;https:\/\/www.fantiniworld.com\/project\/testata-girasole-g03\/&#8220; button_url_right=&#8220;https:\/\/www.myfantini.cloud\/doc\/64991ea23a357434ad98b1cdf982fb84&#8243; button_url_left_new_window=&#8220;1&#8243; button_url_right_new_window=&#8220;on&#8220; button_alignment=&#8220;left&#8220; button_gap=&#8220;10px&#8220; disabled_on=&#8220;on|on|on&#8220; _builder_version=&#8220;4.27.4&#8243; _module_preset=&#8220;default&#8220; custom_button_left=&#8220;on&#8220; button_left_text_size=&#8220;20px&#8220; button_left_text_color=&#8220;#FCFCFC&#8220; button_left_bg_color=&#8220;#003976&#8243; button_left_border_color=&#8220;#003976&#8243; button_left_use_icon=&#8220;off&#8220; custom_button_right=&#8220;on&#8220; button_right_text_color=&#8220;#003976&#8243; button_right_bg_color=&#8220;RGBA(255,255,255,0)&#8220; button_right_border_color=&#8220;#003976&#8243; button_right_use_icon=&#8220;off&#8220; custom_padding=&#8220;||||false|false&#8220; disabled=&#8220;on&#8220; locked=&#8220;off&#8220; global_colors_info=&#8220;{}&#8220; button_left_text_color__hover_enabled=&#8220;on|desktop&#8220; button_left_text_color__hover=&#8220;#003976&#8243; button_left_bg_color__hover_enabled=&#8220;on|desktop&#8220; button_left_bg_color__hover=&#8220;#F2AD00&#8243; button_left_bg_enable_color__hover=&#8220;on&#8220; button_left_border_color__hover_enabled=&#8220;on|desktop&#8220; button_right_text_color__hover_enabled=&#8220;on|desktop&#8220; button_right_text_color__hover=&#8220;#F2AD00&#8243; button_right_bg_color__hover_enabled=&#8220;on|desktop&#8220; button_right_bg_color__hover=&#8220;#003976&#8243; button_right_bg_enable_color__hover=&#8220;on&#8220; button_left_border_color__hover=&#8220;#003976&#8243;][\/inftnc_dual_buttons][\/et_pb_column][et_pb_column type=&#8220;1_2&#8243; _builder_version=&#8220;4.22.0&#8243; _module_preset=&#8220;default&#8220; global_colors_info=&#8220;{}&#8220;][et_pb_image src=&#8220;https:\/\/www.fantiniworld.com\/wp-content\/uploads\/2025\/03\/PICKUP-main-img-3.png&#8220; alt=&#8220;Fantini Italien &#8211; Abholung&#8220; title_text=&#8220;Fantini Italien &#8211; Abholung&#8220; _builder_version=&#8220;4.27.4&#8243; _module_preset=&#8220;default&#8220; global_colors_info=&#8220;{}&#8220;][\/et_pb_image][\/et_pb_column][\/et_pb_row][\/et_pb_section]<\/p>\n","protected":false},"excerpt":{"rendered":"<p>Pickup-Kopfh\u00f6rerFantini garantiert die Verf\u00fcgbarkeit von Original-Ersatzteilen und kontinuierliche technische Unterst\u00fctzung f\u00fcr H\u00e4ndler und Kunden dank der langj\u00e4hrigen Erfahrung seiner spezialisierten TechnikerPickup-K\u00f6pfeDie Pickup Bar ist mit mechanischem oder hydraulischem Antrieb erh\u00e4ltlich, falls der M\u00e4hdrescher nicht \u00fcber eine Hydraulik verf\u00fcgt, und kann an alle M\u00e4hdrescher montiert werden. Die einstellbare 650-mm-Zuf\u00fchrschnecke mit Kupplung ist mit einziehbaren Fingern ausgestattet. [&hellip;]<\/p>\n","protected":false},"author":1,"featured_media":0,"parent":2310,"menu_order":0,"comment_status":"closed","ping_status":"closed","template":"","meta":{"_et_pb_use_builder":"on","_et_pb_old_content":"","_et_gb_content_width":"","footnotes":""},"class_list":["post-871","page","type-page","status-publish","hentry"],"yoast_head":"<!-- This site is optimized with the Yoast SEO plugin v26.7 - https:\/\/yoast.com\/wordpress\/plugins\/seo\/ -->\n<title>Andana-Kulturen - Fantini Italia<\/title>\n<meta name=\"description\" content=\"Pickup-K\u00f6pfe f\u00fcr die Ernte von Schwadgut Fantini: 3 bis 5 m, mechanische oder hydraulische \u00dcbertragung, kompatibel mit allen M\u00e4hdreschern.\" \/>\n<meta name=\"robots\" content=\"index, follow, max-snippet:-1, max-image-preview:large, max-video-preview:-1\" \/>\n<link rel=\"canonical\" href=\"https:\/\/www.fantiniworld.com\/de\/produkte\/maehdrescher\/pickup-kopfhoerer\/\" \/>\n<meta property=\"og:locale\" content=\"de_DE\" \/>\n<meta property=\"og:type\" content=\"article\" \/>\n<meta property=\"og:title\" content=\"Andana-Kulturen - Fantini Italia\" \/>\n<meta property=\"og:description\" content=\"Pickup-K\u00f6pfe f\u00fcr die Ernte von Schwadgut Fantini: 3 bis 5 m, mechanische oder hydraulische \u00dcbertragung, kompatibel mit allen M\u00e4hdreschern.\" \/>\n<meta property=\"og:url\" content=\"https:\/\/www.fantiniworld.com\/de\/produkte\/maehdrescher\/pickup-kopfhoerer\/\" \/>\n<meta property=\"og:site_name\" content=\"Fantini Italia\" \/>\n<meta property=\"article:publisher\" content=\"https:\/\/www.facebook.com\/FantiniHarvestingHeaders\/\" \/>\n<meta property=\"article:modified_time\" content=\"2026-02-27T09:52:01+00:00\" \/>\n<meta property=\"og:image\" content=\"https:\/\/www.fantiniworld.com\/wp-content\/uploads\/2025\/07\/fantini-website-image-1024x489.png\" \/>\n\t<meta property=\"og:image:width\" content=\"1024\" \/>\n\t<meta property=\"og:image:height\" content=\"489\" \/>\n\t<meta property=\"og:image:type\" content=\"image\/png\" \/>\n<meta name=\"twitter:card\" content=\"summary_large_image\" \/>\n<meta name=\"twitter:label1\" content=\"Gesch\u00e4tzte Lesezeit\" \/>\n\t<meta name=\"twitter:data1\" content=\"7\u00a0Minuten\" \/>\n<script type=\"application\/ld+json\" class=\"yoast-schema-graph\">{\"@context\":\"https:\/\/schema.org\",\"@graph\":[{\"@type\":\"WebPage\",\"@id\":\"https:\/\/www.fantiniworld.com\/de\/produkte\/maehdrescher\/pickup-kopfhoerer\/\",\"url\":\"https:\/\/www.fantiniworld.com\/de\/produkte\/maehdrescher\/pickup-kopfhoerer\/\",\"name\":\"Andana-Kulturen - Fantini Italia\",\"isPartOf\":{\"@id\":\"https:\/\/www.fantiniworld.com\/de\/?lang=hr\/#website\"},\"datePublished\":\"2025-02-13T11:56:23+00:00\",\"dateModified\":\"2026-02-27T09:52:01+00:00\",\"description\":\"Pickup-K\u00f6pfe f\u00fcr die Ernte von Schwadgut Fantini: 3 bis 5 m, mechanische oder hydraulische \u00dcbertragung, kompatibel mit allen M\u00e4hdreschern.\",\"breadcrumb\":{\"@id\":\"https:\/\/www.fantiniworld.com\/de\/produkte\/maehdrescher\/pickup-kopfhoerer\/#breadcrumb\"},\"inLanguage\":\"de\",\"potentialAction\":[{\"@type\":\"ReadAction\",\"target\":[\"https:\/\/www.fantiniworld.com\/de\/produkte\/maehdrescher\/pickup-kopfhoerer\/\"]}]},{\"@type\":\"BreadcrumbList\",\"@id\":\"https:\/\/www.fantiniworld.com\/de\/produkte\/maehdrescher\/pickup-kopfhoerer\/#breadcrumb\",\"itemListElement\":[{\"@type\":\"ListItem\",\"position\":1,\"name\":\"Home\",\"item\":\"https:\/\/www.fantiniworld.com\/de\/startseite\/\"},{\"@type\":\"ListItem\",\"position\":2,\"name\":\"Produkte\",\"item\":\"https:\/\/www.fantiniworld.com\/de\/produkte\/\"},{\"@type\":\"ListItem\",\"position\":3,\"name\":\"M\u00e4hdrescher\",\"item\":\"https:\/\/www.fantiniworld.com\/de\/produkte\/maehdrescher\/\"},{\"@type\":\"ListItem\",\"position\":4,\"name\":\"Andana-Kulturen\"}]},{\"@type\":\"WebSite\",\"@id\":\"https:\/\/www.fantiniworld.com\/de\/?lang=hr\/#website\",\"url\":\"https:\/\/www.fantiniworld.com\/de\/?lang=hr\/\",\"name\":\"Fantini Italia S.r.L\",\"description\":\"I migliori raccolti dal 1968\",\"publisher\":{\"@id\":\"https:\/\/www.fantiniworld.com\/de\/?lang=hr\/#organization\"},\"potentialAction\":[{\"@type\":\"SearchAction\",\"target\":{\"@type\":\"EntryPoint\",\"urlTemplate\":\"https:\/\/www.fantiniworld.com\/de\/?lang=hr\/?s={search_term_string}\"},\"query-input\":{\"@type\":\"PropertyValueSpecification\",\"valueRequired\":true,\"valueName\":\"search_term_string\"}}],\"inLanguage\":\"de\"},{\"@type\":\"Organization\",\"@id\":\"https:\/\/www.fantiniworld.com\/de\/?lang=hr\/#organization\",\"name\":\"Fantini Italia S.r.L\",\"alternateName\":\"Fantini Italia\",\"url\":\"https:\/\/www.fantiniworld.com\/de\/?lang=hr\/\",\"logo\":{\"@type\":\"ImageObject\",\"inLanguage\":\"de\",\"@id\":\"https:\/\/www.fantiniworld.com\/de\/?lang=hr\/#\/schema\/logo\/image\/\",\"url\":\"https:\/\/www.fantiniworld.com\/wp-content\/uploads\/2025\/06\/Risorsa-1logo.png\",\"contentUrl\":\"https:\/\/www.fantiniworld.com\/wp-content\/uploads\/2025\/06\/Risorsa-1logo.png\",\"width\":510,\"height\":167,\"caption\":\"Fantini Italia S.r.L\"},\"image\":{\"@id\":\"https:\/\/www.fantiniworld.com\/de\/?lang=hr\/#\/schema\/logo\/image\/\"},\"sameAs\":[\"https:\/\/www.facebook.com\/FantiniHarvestingHeaders\/\"]}]}<\/script>\n<!-- \/ Yoast SEO plugin. -->","yoast_head_json":{"title":"Andana-Kulturen - Fantini Italia","description":"Pickup-K\u00f6pfe f\u00fcr die Ernte von Schwadgut Fantini: 3 bis 5 m, mechanische oder hydraulische \u00dcbertragung, kompatibel mit allen M\u00e4hdreschern.","robots":{"index":"index","follow":"follow","max-snippet":"max-snippet:-1","max-image-preview":"max-image-preview:large","max-video-preview":"max-video-preview:-1"},"canonical":"https:\/\/www.fantiniworld.com\/de\/produkte\/maehdrescher\/pickup-kopfhoerer\/","og_locale":"de_DE","og_type":"article","og_title":"Andana-Kulturen - Fantini Italia","og_description":"Pickup-K\u00f6pfe f\u00fcr die Ernte von Schwadgut Fantini: 3 bis 5 m, mechanische oder hydraulische \u00dcbertragung, kompatibel mit allen M\u00e4hdreschern.","og_url":"https:\/\/www.fantiniworld.com\/de\/produkte\/maehdrescher\/pickup-kopfhoerer\/","og_site_name":"Fantini Italia","article_publisher":"https:\/\/www.facebook.com\/FantiniHarvestingHeaders\/","article_modified_time":"2026-02-27T09:52:01+00:00","og_image":[{"width":1024,"height":489,"url":"https:\/\/www.fantiniworld.com\/wp-content\/uploads\/2025\/07\/fantini-website-image-1024x489.png","type":"image\/png"}],"twitter_card":"summary_large_image","twitter_misc":{"Gesch\u00e4tzte Lesezeit":"7\u00a0Minuten"},"schema":{"@context":"https:\/\/schema.org","@graph":[{"@type":"WebPage","@id":"https:\/\/www.fantiniworld.com\/de\/produkte\/maehdrescher\/pickup-kopfhoerer\/","url":"https:\/\/www.fantiniworld.com\/de\/produkte\/maehdrescher\/pickup-kopfhoerer\/","name":"Andana-Kulturen - Fantini Italia","isPartOf":{"@id":"https:\/\/www.fantiniworld.com\/de\/?lang=hr\/#website"},"datePublished":"2025-02-13T11:56:23+00:00","dateModified":"2026-02-27T09:52:01+00:00","description":"Pickup-K\u00f6pfe f\u00fcr die Ernte von Schwadgut Fantini: 3 bis 5 m, mechanische oder hydraulische \u00dcbertragung, kompatibel mit allen M\u00e4hdreschern.","breadcrumb":{"@id":"https:\/\/www.fantiniworld.com\/de\/produkte\/maehdrescher\/pickup-kopfhoerer\/#breadcrumb"},"inLanguage":"de","potentialAction":[{"@type":"ReadAction","target":["https:\/\/www.fantiniworld.com\/de\/produkte\/maehdrescher\/pickup-kopfhoerer\/"]}]},{"@type":"BreadcrumbList","@id":"https:\/\/www.fantiniworld.com\/de\/produkte\/maehdrescher\/pickup-kopfhoerer\/#breadcrumb","itemListElement":[{"@type":"ListItem","position":1,"name":"Home","item":"https:\/\/www.fantiniworld.com\/de\/startseite\/"},{"@type":"ListItem","position":2,"name":"Produkte","item":"https:\/\/www.fantiniworld.com\/de\/produkte\/"},{"@type":"ListItem","position":3,"name":"M\u00e4hdrescher","item":"https:\/\/www.fantiniworld.com\/de\/produkte\/maehdrescher\/"},{"@type":"ListItem","position":4,"name":"Andana-Kulturen"}]},{"@type":"WebSite","@id":"https:\/\/www.fantiniworld.com\/de\/?lang=hr\/#website","url":"https:\/\/www.fantiniworld.com\/de\/?lang=hr\/","name":"Fantini Italia S.r.L","description":"I migliori raccolti dal 1968","publisher":{"@id":"https:\/\/www.fantiniworld.com\/de\/?lang=hr\/#organization"},"potentialAction":[{"@type":"SearchAction","target":{"@type":"EntryPoint","urlTemplate":"https:\/\/www.fantiniworld.com\/de\/?lang=hr\/?s={search_term_string}"},"query-input":{"@type":"PropertyValueSpecification","valueRequired":true,"valueName":"search_term_string"}}],"inLanguage":"de"},{"@type":"Organization","@id":"https:\/\/www.fantiniworld.com\/de\/?lang=hr\/#organization","name":"Fantini Italia S.r.L","alternateName":"Fantini Italia","url":"https:\/\/www.fantiniworld.com\/de\/?lang=hr\/","logo":{"@type":"ImageObject","inLanguage":"de","@id":"https:\/\/www.fantiniworld.com\/de\/?lang=hr\/#\/schema\/logo\/image\/","url":"https:\/\/www.fantiniworld.com\/wp-content\/uploads\/2025\/06\/Risorsa-1logo.png","contentUrl":"https:\/\/www.fantiniworld.com\/wp-content\/uploads\/2025\/06\/Risorsa-1logo.png","width":510,"height":167,"caption":"Fantini Italia S.r.L"},"image":{"@id":"https:\/\/www.fantiniworld.com\/de\/?lang=hr\/#\/schema\/logo\/image\/"},"sameAs":["https:\/\/www.facebook.com\/FantiniHarvestingHeaders\/"]}]}},"_links":{"self":[{"href":"https:\/\/www.fantiniworld.com\/de\/wp-json\/wp\/v2\/pages\/871","targetHints":{"allow":["GET"]}}],"collection":[{"href":"https:\/\/www.fantiniworld.com\/de\/wp-json\/wp\/v2\/pages"}],"about":[{"href":"https:\/\/www.fantiniworld.com\/de\/wp-json\/wp\/v2\/types\/page"}],"author":[{"embeddable":true,"href":"https:\/\/www.fantiniworld.com\/de\/wp-json\/wp\/v2\/users\/1"}],"replies":[{"embeddable":true,"href":"https:\/\/www.fantiniworld.com\/de\/wp-json\/wp\/v2\/comments?post=871"}],"version-history":[{"count":0,"href":"https:\/\/www.fantiniworld.com\/de\/wp-json\/wp\/v2\/pages\/871\/revisions"}],"up":[{"embeddable":true,"href":"https:\/\/www.fantiniworld.com\/de\/wp-json\/wp\/v2\/pages\/2310"}],"wp:attachment":[{"href":"https:\/\/www.fantiniworld.com\/de\/wp-json\/wp\/v2\/media?parent=871"}],"curies":[{"name":"wp","href":"https:\/\/api.w.org\/{rel}","templated":true}]}}