{"id":1114,"date":"2025-01-29T18:06:19","date_gmt":"2025-01-29T17:06:19","guid":{"rendered":"https:\/\/www.fantinisrl.it\/?page_id=1114"},"modified":"2025-07-07T17:47:01","modified_gmt":"2025-07-07T15:47:01","slug":"contact","status":"publish","type":"page","link":"https:\/\/www.fantiniworld.com\/fr\/contact\/","title":{"rendered":"Contact"},"content":{"rendered":"<p>[et_pb_section fb_built=\u00a0\u00bb1&Prime; admin_label=\u00a0\u00bbHeader &#038; Contact\u00a0\u00bb _builder_version=\u00a0\u00bb4.27.4&Prime; _module_preset=\u00a0\u00bbdefault\u00a0\u00bb custom_margin=\u00a0\u00bb||||false|false\u00a0\u00bb custom_padding=\u00a0\u00bb||0px||false|false\u00a0\u00bb collapsed=\u00a0\u00bbon\u00a0\u00bb global_colors_info=\u00a0\u00bb{}\u00a0\u00bb][et_pb_row _builder_version=\u00a0\u00bb4.22.0&Prime; _module_preset=\u00a0\u00bbdefault\u00a0\u00bb global_colors_info=\u00a0\u00bb{}\u00a0\u00bb][et_pb_column type=\u00a0\u00bb4_4&Prime; _builder_version=\u00a0\u00bb4.22.0&Prime; _module_preset=\u00a0\u00bbdefault\u00a0\u00bb global_colors_info=\u00a0\u00bb{}\u00a0\u00bb][et_pb_text _builder_version=\u00a0\u00bb4.27.4&Prime; _module_preset=\u00a0\u00bb2d08c62d-a189-4d0b-bbfa-b0011cf527e2&Prime; text_orientation=\u00a0\u00bbcenter\u00a0\u00bb global_colors_info=\u00a0\u00bb{}\u00a0\u00bb]<\/p>\n<h1>Contactez nous<\/h1>\n<p>[\/et_pb_text][\/et_pb_column][\/et_pb_row][et_pb_row column_structure=\u00a0\u00bb3_5,2_5&Prime; make_equal=\u00a0\u00bbon\u00a0\u00bb custom_padding_last_edited=\u00a0\u00bbon|desktop\u00a0\u00bb _builder_version=\u00a0\u00bb4.27.4&Prime; _module_preset=\u00a0\u00bbdefault\u00a0\u00bb custom_margin=\u00a0\u00bb||||false\u00a0\u00bb custom_padding=\u00a0\u00bb|50px||50px|false|true\u00a0\u00bb custom_padding_tablet=\u00a0\u00bb|40px|100px|40px|false|true\u00a0\u00bb custom_padding_phone=\u00a0\u00bb|20px|100px|20px|false|true\u00a0\u00bb global_colors_info=\u00a0\u00bb{}\u00a0\u00bb][et_pb_column type=\u00a0\u00bb3_5&Prime; _builder_version=\u00a0\u00bb4.24.0&Prime; _module_preset=\u00a0\u00bbdefault\u00a0\u00bb global_colors_info=\u00a0\u00bb{}\u00a0\u00bb][et_pb_image src=\u00a0\u00bbhttps:\/\/www.fantiniworld.com\/wp-content\/uploads\/2025\/06\/assistence-2.jpg\u00a0\u00bb alt=\u00a0\u00bbAssistance &#8211; Fantini Italia\u00a0\u00bb title_text=\u00a0\u00bbAssistance &#8211; Fantini Italia\u00a0\u00bb _builder_version=\u00a0\u00bb4.27.4&Prime; _module_preset=\u00a0\u00bbdefault\u00a0\u00bb width=\u00a0\u00bb79%\u00a0\u00bb max_width=\u00a0\u00bb100%\u00a0\u00bb module_alignment=\u00a0\u00bbcenter\u00a0\u00bb global_colors_info=\u00a0\u00bb{}\u00a0\u00bb][\/et_pb_image][et_pb_text _builder_version=\u00a0\u00bb4.27.4&Prime; _module_preset=\u00a0\u00bb8a0f1850-b44a-4393-8617-449d523fde65&Prime; text_orientation=\u00a0\u00bbcenter\u00a0\u00bb width=\u00a0\u00bb100%\u00a0\u00bb min_height=\u00a0\u00bb27px\u00a0\u00bb custom_margin=\u00a0\u00bb|30px||30px|false|true\u00a0\u00bb custom_margin_tablet=\u00a0\u00bb|0px||0px|false|true\u00a0\u00bb custom_margin_phone=\u00a0\u00bb|0px||0px|false|true\u00a0\u00bb custom_margin_last_edited=\u00a0\u00bbon|desktop\u00a0\u00bb custom_padding=\u00a0\u00bb||50px||false|false\u00a0\u00bb custom_padding_tablet=\u00a0\u00bb||0px||false|false\u00a0\u00bb custom_padding_phone=\u00a0\u00bb||0px||false|false\u00a0\u00bb custom_padding_last_edited=\u00a0\u00bbon|phone\u00a0\u00bb hover_enabled=\u00a0\u00bb0&Prime; header_3_font_size_phone=\u00a0\u00bb24px\u00a0\u00bb global_colors_info=\u00a0\u00bb{}\u00a0\u00bb sticky_enabled=\u00a0\u00bb0&Prime;]<\/p>\n<h3>Laissez vos coordonn\u00e9es pour \u00eatre contact\u00e9!<\/h3>\n<p>[\/et_pb_text][\/et_pb_column][et_pb_column type=\u00a0\u00bb2_5&Prime; _builder_version=\u00a0\u00bb4.27.4&Prime; _module_preset=\u00a0\u00bbdefault\u00a0\u00bb background_color=\u00a0\u00bbgcid-a93f2103-1d8b-43bb-b21d-81d84bba8b15&Prime; custom_padding=\u00a0\u00bb40px|40px|40px|40px|true|true\u00a0\u00bb custom_padding_tablet=\u00a0\u00bb|10px||10px|true|true\u00a0\u00bb custom_padding_phone=\u00a0\u00bb10px|0px|10px|0px|true|true\u00a0\u00bb custom_padding_last_edited=\u00a0\u00bbon|desktop\u00a0\u00bb border_radii=\u00a0\u00bbon|30px|30px|30px|30px\u00a0\u00bb global_colors_info=\u00a0\u00bb{%22gcid-a93f2103-1d8b-43bb-b21d-81d84bba8b15%22:%91%22background_color%22%93}\u00a0\u00bb][et_pb_text _builder_version=\u00a0\u00bb4.27.4&Prime; _module_preset=\u00a0\u00bb10b7994b-832b-4b6f-93a9-4150aed9475f\u00a0\u00bb text_text_color=\u00a0\u00bb#003976&Prime; text_font_size=\u00a0\u00bb37px\u00a0\u00bb text_line_height=\u00a0\u00bb1.2em\u00a0\u00bb custom_margin=\u00a0\u00bb70px||||false|false\u00a0\u00bb text_font_size_tablet=\u00a0\u00bb37px\u00a0\u00bb text_font_size_phone=\u00a0\u00bb24px\u00a0\u00bb text_font_size_last_edited=\u00a0\u00bbon|phone\u00a0\u00bb global_colors_info=\u00a0\u00bb{}\u00a0\u00bb]<\/p>\n<p>La qualit\u00e9 de notre service \u00e0 votre disposition!<\/p>\n<p>[\/et_pb_text][et_pb_blurb title=\u00a0\u00bbAdresse\u00a0\u00bb use_icon=\u00a0\u00bbon\u00a0\u00bb font_icon=\u00a0\u00bb&#xe081;||divi||400&Prime; image_icon_background_color=\u00a0\u00bb#003976&Prime; _builder_version=\u00a0\u00bb4.27.4&Prime; _module_preset=\u00a0\u00bb9cd991c2-05d7-4342-8601-7377c95d8329&Prime; locked=\u00a0\u00bboff\u00a0\u00bb global_colors_info=\u00a0\u00bb{%22gcid-779a3d53-700b-4950-9fae-611323b51b16%22:%91%22body_link_text_color%22,%22body_link_text_color%22%93}\u00a0\u00bb]<\/p>\n<p>Via Brigoni 2\/6 &#8211; 46046 Medole, Mantova, Italie<\/p>\n<p>[\/et_pb_blurb][et_pb_blurb title=\u00a0\u00bbT\u00e9l\u00e9phone\u00a0\u00bb use_icon=\u00a0\u00bbon\u00a0\u00bb font_icon=\u00a0\u00bb&#xf879;||fa||900&Prime; image_icon_background_color=\u00a0\u00bb#003976&Prime; _builder_version=\u00a0\u00bb4.27.4&Prime; _module_preset=\u00a0\u00bb9cd991c2-05d7-4342-8601-7377c95d8329&Prime; locked=\u00a0\u00bboff\u00a0\u00bb global_colors_info=\u00a0\u00bb{%22gcid-779a3d53-700b-4950-9fae-611323b51b16%22:%91%22body_link_text_color%22%93}\u00a0\u00bb]<\/p>\n<p>+39 0376 868 202<\/p>\n<p>[\/et_pb_blurb][et_pb_blurb title=\u00a0\u00bbCourriel\u00a0\u00bb use_icon=\u00a0\u00bbon\u00a0\u00bb font_icon=\u00a0\u00bb&#xe076;||divi||400&Prime; image_icon_background_color=\u00a0\u00bb#003976&Prime; _builder_version=\u00a0\u00bb4.27.4&Prime; _module_preset=\u00a0\u00bb9cd991c2-05d7-4342-8601-7377c95d8329&Prime; locked=\u00a0\u00bboff\u00a0\u00bb global_colors_info=\u00a0\u00bb{%22gcid-779a3d53-700b-4950-9fae-611323b51b16%22:%91%22body_link_text_color%22,%22body_link_text_color%22,%22body_link_text_color%22%93}\u00a0\u00bb]<\/p>\n<p><a href=\"mailto:info@fantiniworld.com\">info@fantiniworld.com<\/a><\/p>\n<p>[\/et_pb_blurb][\/et_pb_column][\/et_pb_row][\/et_pb_section]<\/p>\n","protected":false},"excerpt":{"rendered":"<p>Contactez nousLaissez vos coordonn\u00e9es pour \u00eatre contact\u00e9!La qualit\u00e9 de notre service \u00e0 votre disposition!Via Brigoni 2\/6 &#8211; 46046 Medole, Mantova, Italie+39 0376 868 202info@fantiniworld.com<\/p>\n","protected":false},"author":1,"featured_media":0,"parent":0,"menu_order":0,"comment_status":"closed","ping_status":"closed","template":"","meta":{"_et_pb_use_builder":"on","_et_pb_old_content":"","_et_gb_content_width":"","footnotes":""},"class_list":["post-1114","page","type-page","status-publish","hentry"],"yoast_head":"<!-- This site is optimized with the Yoast SEO plugin v26.7 - https:\/\/yoast.com\/wordpress\/plugins\/seo\/ -->\n<title>Contact - Fantini Italia<\/title>\n<meta name=\"description\" content=\"Fantini Italia est pr\u00e9sent dans le monde entier gr\u00e2ce \u00e0 un r\u00e9seau de distributeurs couvrant les march\u00e9s nationaux et internationaux.\" \/>\n<meta name=\"robots\" content=\"index, follow, max-snippet:-1, max-image-preview:large, max-video-preview:-1\" \/>\n<link rel=\"canonical\" href=\"https:\/\/www.fantiniworld.com\/fr\/contact\/\" \/>\n<meta property=\"og:locale\" content=\"fr_FR\" \/>\n<meta property=\"og:type\" content=\"article\" \/>\n<meta property=\"og:title\" content=\"Contact - Fantini Italia\" \/>\n<meta property=\"og:description\" content=\"Fantini Italia est pr\u00e9sent dans le monde entier gr\u00e2ce \u00e0 un r\u00e9seau de distributeurs couvrant les march\u00e9s nationaux et internationaux.\" \/>\n<meta property=\"og:url\" content=\"https:\/\/www.fantiniworld.com\/fr\/contact\/\" \/>\n<meta property=\"og:site_name\" content=\"Fantini Italia\" \/>\n<meta property=\"article:publisher\" content=\"https:\/\/www.facebook.com\/FantiniHarvestingHeaders\/\" \/>\n<meta property=\"article:modified_time\" content=\"2025-07-07T15:47:01+00:00\" \/>\n<meta property=\"og:image\" content=\"https:\/\/www.fantiniworld.com\/wp-content\/uploads\/2025\/07\/fantini-website-image-1024x489.png\" \/>\n\t<meta property=\"og:image:width\" content=\"1024\" \/>\n\t<meta property=\"og:image:height\" content=\"489\" \/>\n\t<meta property=\"og:image:type\" content=\"image\/png\" \/>\n<meta name=\"twitter:card\" content=\"summary_large_image\" \/>\n<meta name=\"twitter:label1\" content=\"Dur\u00e9e de lecture estim\u00e9e\" \/>\n\t<meta name=\"twitter:data1\" content=\"1 minute\" \/>\n<script type=\"application\/ld+json\" class=\"yoast-schema-graph\">{\"@context\":\"https:\/\/schema.org\",\"@graph\":[{\"@type\":\"WebPage\",\"@id\":\"https:\/\/www.fantiniworld.com\/fr\/contact\/\",\"url\":\"https:\/\/www.fantiniworld.com\/fr\/contact\/\",\"name\":\"Contact - Fantini Italia\",\"isPartOf\":{\"@id\":\"https:\/\/www.fantiniworld.com\/fr\/?lang=hr\/#website\"},\"datePublished\":\"2025-01-29T17:06:19+00:00\",\"dateModified\":\"2025-07-07T15:47:01+00:00\",\"description\":\"Fantini Italia est pr\u00e9sent dans le monde entier gr\u00e2ce \u00e0 un r\u00e9seau de distributeurs couvrant les march\u00e9s nationaux et internationaux.\",\"breadcrumb\":{\"@id\":\"https:\/\/www.fantiniworld.com\/fr\/contact\/#breadcrumb\"},\"inLanguage\":\"fr-FR\",\"potentialAction\":[{\"@type\":\"ReadAction\",\"target\":[\"https:\/\/www.fantiniworld.com\/fr\/contact\/\"]}]},{\"@type\":\"BreadcrumbList\",\"@id\":\"https:\/\/www.fantiniworld.com\/fr\/contact\/#breadcrumb\",\"itemListElement\":[{\"@type\":\"ListItem\",\"position\":1,\"name\":\"Home\",\"item\":\"https:\/\/www.fantiniworld.com\/fr\/accueil\/\"},{\"@type\":\"ListItem\",\"position\":2,\"name\":\"Contact\"}]},{\"@type\":\"WebSite\",\"@id\":\"https:\/\/www.fantiniworld.com\/fr\/?lang=hr\/#website\",\"url\":\"https:\/\/www.fantiniworld.com\/fr\/?lang=hr\/\",\"name\":\"Fantini Italia S.r.L\",\"description\":\"I migliori raccolti dal 1968\",\"publisher\":{\"@id\":\"https:\/\/www.fantiniworld.com\/fr\/?lang=hr\/#organization\"},\"potentialAction\":[{\"@type\":\"SearchAction\",\"target\":{\"@type\":\"EntryPoint\",\"urlTemplate\":\"https:\/\/www.fantiniworld.com\/fr\/?lang=hr\/?s={search_term_string}\"},\"query-input\":{\"@type\":\"PropertyValueSpecification\",\"valueRequired\":true,\"valueName\":\"search_term_string\"}}],\"inLanguage\":\"fr-FR\"},{\"@type\":\"Organization\",\"@id\":\"https:\/\/www.fantiniworld.com\/fr\/?lang=hr\/#organization\",\"name\":\"Fantini Italia S.r.L\",\"alternateName\":\"Fantini Italia\",\"url\":\"https:\/\/www.fantiniworld.com\/fr\/?lang=hr\/\",\"logo\":{\"@type\":\"ImageObject\",\"inLanguage\":\"fr-FR\",\"@id\":\"https:\/\/www.fantiniworld.com\/fr\/?lang=hr\/#\/schema\/logo\/image\/\",\"url\":\"https:\/\/www.fantiniworld.com\/wp-content\/uploads\/2025\/06\/Risorsa-1logo.png\",\"contentUrl\":\"https:\/\/www.fantiniworld.com\/wp-content\/uploads\/2025\/06\/Risorsa-1logo.png\",\"width\":510,\"height\":167,\"caption\":\"Fantini Italia S.r.L\"},\"image\":{\"@id\":\"https:\/\/www.fantiniworld.com\/fr\/?lang=hr\/#\/schema\/logo\/image\/\"},\"sameAs\":[\"https:\/\/www.facebook.com\/FantiniHarvestingHeaders\/\"]}]}<\/script>\n<!-- \/ Yoast SEO plugin. -->","yoast_head_json":{"title":"Contact - Fantini Italia","description":"Fantini Italia est pr\u00e9sent dans le monde entier gr\u00e2ce \u00e0 un r\u00e9seau de distributeurs couvrant les march\u00e9s nationaux et internationaux.","robots":{"index":"index","follow":"follow","max-snippet":"max-snippet:-1","max-image-preview":"max-image-preview:large","max-video-preview":"max-video-preview:-1"},"canonical":"https:\/\/www.fantiniworld.com\/fr\/contact\/","og_locale":"fr_FR","og_type":"article","og_title":"Contact - Fantini Italia","og_description":"Fantini Italia est pr\u00e9sent dans le monde entier gr\u00e2ce \u00e0 un r\u00e9seau de distributeurs couvrant les march\u00e9s nationaux et internationaux.","og_url":"https:\/\/www.fantiniworld.com\/fr\/contact\/","og_site_name":"Fantini Italia","article_publisher":"https:\/\/www.facebook.com\/FantiniHarvestingHeaders\/","article_modified_time":"2025-07-07T15:47:01+00:00","og_image":[{"width":1024,"height":489,"url":"https:\/\/www.fantiniworld.com\/wp-content\/uploads\/2025\/07\/fantini-website-image-1024x489.png","type":"image\/png"}],"twitter_card":"summary_large_image","twitter_misc":{"Dur\u00e9e de lecture estim\u00e9e":"1 minute"},"schema":{"@context":"https:\/\/schema.org","@graph":[{"@type":"WebPage","@id":"https:\/\/www.fantiniworld.com\/fr\/contact\/","url":"https:\/\/www.fantiniworld.com\/fr\/contact\/","name":"Contact - Fantini Italia","isPartOf":{"@id":"https:\/\/www.fantiniworld.com\/fr\/?lang=hr\/#website"},"datePublished":"2025-01-29T17:06:19+00:00","dateModified":"2025-07-07T15:47:01+00:00","description":"Fantini Italia est pr\u00e9sent dans le monde entier gr\u00e2ce \u00e0 un r\u00e9seau de distributeurs couvrant les march\u00e9s nationaux et internationaux.","breadcrumb":{"@id":"https:\/\/www.fantiniworld.com\/fr\/contact\/#breadcrumb"},"inLanguage":"fr-FR","potentialAction":[{"@type":"ReadAction","target":["https:\/\/www.fantiniworld.com\/fr\/contact\/"]}]},{"@type":"BreadcrumbList","@id":"https:\/\/www.fantiniworld.com\/fr\/contact\/#breadcrumb","itemListElement":[{"@type":"ListItem","position":1,"name":"Home","item":"https:\/\/www.fantiniworld.com\/fr\/accueil\/"},{"@type":"ListItem","position":2,"name":"Contact"}]},{"@type":"WebSite","@id":"https:\/\/www.fantiniworld.com\/fr\/?lang=hr\/#website","url":"https:\/\/www.fantiniworld.com\/fr\/?lang=hr\/","name":"Fantini Italia S.r.L","description":"I migliori raccolti dal 1968","publisher":{"@id":"https:\/\/www.fantiniworld.com\/fr\/?lang=hr\/#organization"},"potentialAction":[{"@type":"SearchAction","target":{"@type":"EntryPoint","urlTemplate":"https:\/\/www.fantiniworld.com\/fr\/?lang=hr\/?s={search_term_string}"},"query-input":{"@type":"PropertyValueSpecification","valueRequired":true,"valueName":"search_term_string"}}],"inLanguage":"fr-FR"},{"@type":"Organization","@id":"https:\/\/www.fantiniworld.com\/fr\/?lang=hr\/#organization","name":"Fantini Italia S.r.L","alternateName":"Fantini Italia","url":"https:\/\/www.fantiniworld.com\/fr\/?lang=hr\/","logo":{"@type":"ImageObject","inLanguage":"fr-FR","@id":"https:\/\/www.fantiniworld.com\/fr\/?lang=hr\/#\/schema\/logo\/image\/","url":"https:\/\/www.fantiniworld.com\/wp-content\/uploads\/2025\/06\/Risorsa-1logo.png","contentUrl":"https:\/\/www.fantiniworld.com\/wp-content\/uploads\/2025\/06\/Risorsa-1logo.png","width":510,"height":167,"caption":"Fantini Italia S.r.L"},"image":{"@id":"https:\/\/www.fantiniworld.com\/fr\/?lang=hr\/#\/schema\/logo\/image\/"},"sameAs":["https:\/\/www.facebook.com\/FantiniHarvestingHeaders\/"]}]}},"_links":{"self":[{"href":"https:\/\/www.fantiniworld.com\/fr\/wp-json\/wp\/v2\/pages\/1114","targetHints":{"allow":["GET"]}}],"collection":[{"href":"https:\/\/www.fantiniworld.com\/fr\/wp-json\/wp\/v2\/pages"}],"about":[{"href":"https:\/\/www.fantiniworld.com\/fr\/wp-json\/wp\/v2\/types\/page"}],"author":[{"embeddable":true,"href":"https:\/\/www.fantiniworld.com\/fr\/wp-json\/wp\/v2\/users\/1"}],"replies":[{"embeddable":true,"href":"https:\/\/www.fantiniworld.com\/fr\/wp-json\/wp\/v2\/comments?post=1114"}],"version-history":[{"count":0,"href":"https:\/\/www.fantiniworld.com\/fr\/wp-json\/wp\/v2\/pages\/1114\/revisions"}],"wp:attachment":[{"href":"https:\/\/www.fantiniworld.com\/fr\/wp-json\/wp\/v2\/media?parent=1114"}],"curies":[{"name":"wp","href":"https:\/\/api.w.org\/{rel}","templated":true}]}}