{"id":2398,"date":"2025-05-13T14:41:53","date_gmt":"2025-05-13T12:41:53","guid":{"rendered":"https:\/\/www.fantinisrl.it\/produits\/accessoires\/"},"modified":"2025-07-07T17:49:23","modified_gmt":"2025-07-07T15:49:23","slug":"accessoires","status":"publish","type":"page","link":"https:\/\/www.fantiniworld.com\/fr\/produits\/accessoires\/","title":{"rendered":"Accessoires"},"content":{"rendered":"<p>[et_pb_section fb_built=\u00a0\u00bb1&Prime; _builder_version=\u00a0\u00bb4.27.4&Prime; _module_preset=\u00a0\u00bbdefault\u00a0\u00bb background_enable_image=\u00a0\u00bboff\u00a0\u00bb parallax=\u00a0\u00bbon\u00a0\u00bb custom_padding=\u00a0\u00bb0px|||||\u00a0\u00bb locked=\u00a0\u00bboff\u00a0\u00bb global_colors_info=\u00a0\u00bb{}\u00a0\u00bb][et_pb_row _builder_version=\u00a0\u00bb4.27.4&Prime; _module_preset=\u00a0\u00bbdefault\u00a0\u00bb background_image=\u00a0\u00bbhttps:\/\/www.fantiniworld.com\/wp-content\/uploads\/2025\/02\/servizi-bg.jpg\u00a0\u00bb custom_margin=\u00a0\u00bb||100px||false|false\u00a0\u00bb custom_padding=\u00a0\u00bb100px||100px||false|false\u00a0\u00bb hover_enabled=\u00a0\u00bb0&Prime; global_colors_info=\u00a0\u00bb{}\u00a0\u00bb custom_margin_last_edited=\u00a0\u00bbon|phone\u00a0\u00bb sticky_enabled=\u00a0\u00bb0&Prime; custom_margin_tablet=\u00a0\u00bb||50px||false|false\u00a0\u00bb custom_margin_phone=\u00a0\u00bb||50px||false|false\u00a0\u00bb][et_pb_column type=\u00a0\u00bb4_4&Prime; _builder_version=\u00a0\u00bb4.27.4&Prime; _module_preset=\u00a0\u00bbdefault\u00a0\u00bb global_colors_info=\u00a0\u00bb{}\u00a0\u00bb][et_pb_text _builder_version=\u00a0\u00bb4.27.4&Prime; _module_preset=\u00a0\u00bbf350a3c8-387a-4560-8809-bd98f681dd18&Prime; text_text_color=\u00a0\u00bb#003976&Prime; header_font=\u00a0\u00bbInter|800|||||||\u00a0\u00bb header_text_color=\u00a0\u00bb#003976&Prime; header_font_size=\u00a0\u00bb100px\u00a0\u00bb text_orientation=\u00a0\u00bbcenter\u00a0\u00bb module_alignment=\u00a0\u00bbcenter\u00a0\u00bb custom_margin=\u00a0\u00bb||20px||false|false\u00a0\u00bb custom_padding_tablet=\u00a0\u00bb\u00a0\u00bb custom_padding_phone=\u00a0\u00bb|20px||20px|false|true\u00a0\u00bb custom_padding_last_edited=\u00a0\u00bbon|phone\u00a0\u00bb header_font_size_tablet=\u00a0\u00bb70px\u00a0\u00bb header_font_size_phone=\u00a0\u00bb40px\u00a0\u00bb locked=\u00a0\u00bboff\u00a0\u00bb global_colors_info=\u00a0\u00bb{}\u00a0\u00bb header_letter_spacing__hover_enabled=\u00a0\u00bbon|desktop\u00a0\u00bb]<\/p>\n<h1>Accessoires pour Cueilleurs<\/h1>\n<p>[\/et_pb_text][\/et_pb_column][\/et_pb_row][et_pb_row column_structure=\u00a0\u00bb1_3,1_3,1_3&Prime; make_equal=\u00a0\u00bbon\u00a0\u00bb _builder_version=\u00a0\u00bb4.27.4&Prime; _module_preset=\u00a0\u00bbdefault\u00a0\u00bb custom_margin=\u00a0\u00bb|auto||auto|false|false\u00a0\u00bb custom_padding=\u00a0\u00bb|40px|0px|40px|false|true\u00a0\u00bb hover_enabled=\u00a0\u00bb0&Prime; locked=\u00a0\u00bboff\u00a0\u00bb global_colors_info=\u00a0\u00bb{}\u00a0\u00bb custom_padding_last_edited=\u00a0\u00bbon|tablet\u00a0\u00bb sticky_enabled=\u00a0\u00bb0&Prime; custom_padding_tablet=\u00a0\u00bb|20px||20px|false|true\u00a0\u00bb custom_padding_phone=\u00a0\u00bb|20px||20px|false|true\u00a0\u00bb][et_pb_column type=\u00a0\u00bb1_3&Prime; _builder_version=\u00a0\u00bb4.27.4&Prime; _module_preset=\u00a0\u00bbdefault\u00a0\u00bb custom_padding_tablet=\u00a0\u00bb||100px||false|false\u00a0\u00bb custom_padding_phone=\u00a0\u00bb||100px||false|false\u00a0\u00bb custom_padding_last_edited=\u00a0\u00bbon|desktop\u00a0\u00bb global_colors_info=\u00a0\u00bb{}\u00a0\u00bb][et_pb_text _builder_version=\u00a0\u00bb4.27.4&Prime; _module_preset=\u00a0\u00bbaff0df58-08d0-493c-a906-94ea2aab1db9&Prime; header_2_font_size=\u00a0\u00bb48px\u00a0\u00bb header_3_font_size=\u00a0\u00bb55px\u00a0\u00bb custom_margin=\u00a0\u00bb||14px||false|false\u00a0\u00bb header_3_font_size_phone=\u00a0\u00bb21px\u00a0\u00bb global_colors_info=\u00a0\u00bb{}\u00a0\u00bb]<\/p>\n<h3>Les accessoires de la ligne Fantini, pour optimiser votre r\u00e9colte.<\/h3>\n<p>[\/et_pb_text][et_pb_text _builder_version=\u00a0\u00bb4.27.4&Prime; _module_preset=\u00a0\u00bbaff0df58-08d0-493c-a906-94ea2aab1db9&Prime; header_2_font_size=\u00a0\u00bb48px\u00a0\u00bb header_3_font=\u00a0\u00bbInter||||||||\u00a0\u00bb header_3_font_size=\u00a0\u00bb23px\u00a0\u00bb custom_margin=\u00a0\u00bb||14px||false|false\u00a0\u00bb global_colors_info=\u00a0\u00bb{}\u00a0\u00bb]<\/p>\n<h3>Sp\u00e9cialis\u00e9e dans la r\u00e9colte et le traitement de diff\u00e9rents types de cultures, la ligne d&rsquo;accessoires supportant les cueilleurs garantit l&rsquo;efficacit\u00e9 et les performances reconnues des produits Fantini.<\/h3>\n<p>[\/et_pb_text][et_pb_button button_url=\u00a0\u00bb@ET-DC@eyJkeW5hbWljIjp0cnVlLCJjb250ZW50IjoicG9zdF9saW5rX3VybF9wYWdlIiwic2V0dGluZ3MiOnsicG9zdF9pZCI6IjQxIiwiZW5hYmxlX2h0bWwiOiJvZmYifX0=@\u00a0\u00bb button_text=\u00a0\u00bbDemandez d&rsquo;information\u00a0\u00bb _builder_version=\u00a0\u00bb4.27.4&Prime; _dynamic_attributes=\u00a0\u00bbbutton_url\u00a0\u00bb _module_preset=\u00a0\u00bb92d4cd12-12ff-43b2-b1aa-08759a0e0ebb\u00a0\u00bb hover_enabled=\u00a0\u00bb0&Prime; global_colors_info=\u00a0\u00bb{}\u00a0\u00bb button_text_color__hover_enabled=\u00a0\u00bbon|desktop\u00a0\u00bb button_text_color__hover=\u00a0\u00bb#003976&Prime; button_bg_color__hover_enabled=\u00a0\u00bbon|desktop\u00a0\u00bb button_bg_color__hover=\u00a0\u00bb#FCFCFC\u00a0\u00bb button_bg_enable_color__hover=\u00a0\u00bbon\u00a0\u00bb button_border_color__hover_enabled=\u00a0\u00bbon|desktop\u00a0\u00bb button_border_color__hover=\u00a0\u00bb#003976&Prime; button_alignment_last_edited=\u00a0\u00bbon|phone\u00a0\u00bb sticky_enabled=\u00a0\u00bb0&Prime; button_alignment_phone=\u00a0\u00bbcenter\u00a0\u00bb][\/et_pb_button][\/et_pb_column][et_pb_column type=\u00a0\u00bb1_3&Prime; _builder_version=\u00a0\u00bb4.24.0&Prime; _module_preset=\u00a0\u00bbdefault\u00a0\u00bb custom_padding=\u00a0\u00bb30px|30px|30px|30px|true|true\u00a0\u00bb border_radii=\u00a0\u00bbon|30px|30px|30px|30px\u00a0\u00bb border_width_all=\u00a0\u00bb2px\u00a0\u00bb border_color_all=\u00a0\u00bbrgba(0,0,0,0.12)\u00a0\u00bb global_colors_info=\u00a0\u00bb{}\u00a0\u00bb][et_pb_text _builder_version=\u00a0\u00bb4.27.4&Prime; _module_preset=\u00a0\u00bb1fb1b074-c260-470e-a823-4339da8423b5&Prime; custom_margin=\u00a0\u00bb||0px||false|false\u00a0\u00bb header_5_font_size_phone=\u00a0\u00bb18px\u00a0\u00bb global_colors_info=\u00a0\u00bb{}\u00a0\u00bb]<\/p>\n<h5>Broyeur pour Cueilleur \u00e0 Tournesol<\/h5>\n<p>[\/et_pb_text][et_pb_text _builder_version=\u00a0\u00bb4.27.4&Prime; _module_preset=\u00a0\u00bbc233261e-9b1d-4983-9f25-dd026450b3a9&Prime; global_colors_info=\u00a0\u00bb{}\u00a0\u00bb]<\/p>\n<p>Nous pouvons vous fournir le broyeur de tiges pour vos tournesols \u00e0 rangs (G03) ou \u00e0 r\u00e9colte libre (GP). V\u00e9rifiez si ce dont vous avez besoin est disponible!  <\/p>\n<p>[\/et_pb_text][et_pb_image src=\u00a0\u00bbhttps:\/\/www.fantiniworld.com\/wp-content\/uploads\/2025\/06\/TRincia-03-scaled.png\u00a0\u00bb alt=\u00a0\u00bbBroyeur\u00a0\u00bb title_text=\u00a0\u00bbBroyeur\u00a0\u00bb _builder_version=\u00a0\u00bb4.27.4&Prime; _module_preset=\u00a0\u00bbdefault\u00a0\u00bb custom_margin=\u00a0\u00bb-10px||||false|false\u00a0\u00bb global_colors_info=\u00a0\u00bb{}\u00a0\u00bb][\/et_pb_image][\/et_pb_column][et_pb_column type=\u00a0\u00bb1_3&Prime; admin_label=\u00a0\u00bbColonne\u00a0\u00bb _builder_version=\u00a0\u00bb4.24.0&Prime; _module_preset=\u00a0\u00bbdefault\u00a0\u00bb custom_padding=\u00a0\u00bb30px|30px|30px|30px|true|true\u00a0\u00bb border_radii=\u00a0\u00bbon|30px|30px|30px|30px\u00a0\u00bb border_width_all=\u00a0\u00bb2px\u00a0\u00bb border_color_all=\u00a0\u00bbrgba(0,0,0,0.12)\u00a0\u00bb global_colors_info=\u00a0\u00bb{}\u00a0\u00bb][et_pb_text _builder_version=\u00a0\u00bb4.27.4&Prime; _module_preset=\u00a0\u00bb1fb1b074-c260-470e-a823-4339da8423b5&Prime; custom_margin=\u00a0\u00bb||0px||false|false\u00a0\u00bb header_5_font_size_phone=\u00a0\u00bb18px\u00a0\u00bb global_colors_info=\u00a0\u00bb{}\u00a0\u00bb]<\/p>\n<h5>Remorques de Transport<\/h5>\n<p>[\/et_pb_text][et_pb_text _builder_version=\u00a0\u00bb4.27.4&Prime; _module_preset=\u00a0\u00bbc233261e-9b1d-4983-9f25-dd026450b3a9&Prime; global_colors_info=\u00a0\u00bb{}\u00a0\u00bb]<\/p>\n<p>Nous pouvons vous fournir des remorques de transport pour votre barre de coupe directe (DC01) et toutes les autres cueilleurs \u00e0 ma\u00efs ou de \u00e0 tournesol. Il existe de nombreux mod\u00e8les avec des capacit\u00e9s diff\u00e9rentes : demandez-nous des informations et il nous fera plaisir de vous aider! <\/p>\n<p>[\/et_pb_text][et_pb_image src=\u00a0\u00bbhttps:\/\/www.fantiniworld.com\/wp-content\/uploads\/2025\/06\/carelli.png\u00a0\u00bb alt=\u00a0\u00bbRemorque\u00a0\u00bb title_text=\u00a0\u00bbRemorque\u00a0\u00bb force_fullwidth=\u00a0\u00bbon\u00a0\u00bb _builder_version=\u00a0\u00bb4.27.4&Prime; _module_preset=\u00a0\u00bbdefault\u00a0\u00bb min_height=\u00a0\u00bb264.6px\u00a0\u00bb custom_margin=\u00a0\u00bb-100px||||false|false\u00a0\u00bb custom_margin_tablet=\u00a0\u00bb||-100px||false|false\u00a0\u00bb custom_margin_phone=\u00a0\u00bb-50px||-50px||false|false\u00a0\u00bb custom_margin_last_edited=\u00a0\u00bbon|desktop\u00a0\u00bb custom_padding=\u00a0\u00bb0px||0px||false|false\u00a0\u00bb global_colors_info=\u00a0\u00bb{}\u00a0\u00bb][\/et_pb_image][\/et_pb_column][\/et_pb_row][et_pb_row column_structure=\u00a0\u00bb1_2,1_2&Prime; make_equal=\u00a0\u00bbon\u00a0\u00bb _builder_version=\u00a0\u00bb4.27.4&Prime; _module_preset=\u00a0\u00bbdefault\u00a0\u00bb custom_padding=\u00a0\u00bb|40px||40px|false|true\u00a0\u00bb hover_enabled=\u00a0\u00bb0&Prime; locked=\u00a0\u00bboff\u00a0\u00bb global_colors_info=\u00a0\u00bb{}\u00a0\u00bb custom_padding_last_edited=\u00a0\u00bbon|tablet\u00a0\u00bb sticky_enabled=\u00a0\u00bb0&Prime; custom_padding_tablet=\u00a0\u00bb|20px||20px|false|true\u00a0\u00bb custom_padding_phone=\u00a0\u00bb|20px||20px|false|true\u00a0\u00bb][et_pb_column type=\u00a0\u00bb1_2&Prime; admin_label=\u00a0\u00bbColonne\u00a0\u00bb _builder_version=\u00a0\u00bb4.27.4&Prime; _module_preset=\u00a0\u00bbdefault\u00a0\u00bb custom_padding=\u00a0\u00bb30px|30px|30px|30px|true|true\u00a0\u00bb border_radii=\u00a0\u00bbon|30px|30px|30px|30px\u00a0\u00bb border_width_all=\u00a0\u00bb2px\u00a0\u00bb border_color_all=\u00a0\u00bbrgba(0,0,0,0.12)\u00a0\u00bb global_colors_info=\u00a0\u00bb{}\u00a0\u00bb][et_pb_text _builder_version=\u00a0\u00bb4.27.4&Prime; _module_preset=\u00a0\u00bb1fb1b074-c260-470e-a823-4339da8423b5&Prime; custom_margin=\u00a0\u00bb||0px||false|false\u00a0\u00bb header_5_font_size_phone=\u00a0\u00bb18px\u00a0\u00bb global_colors_info=\u00a0\u00bb{}\u00a0\u00bb]<\/p>\n<h5>Adaptateurs pour Ensileuses<\/h5>\n<p>[\/et_pb_text][et_pb_text _builder_version=\u00a0\u00bb4.27.4&Prime; _module_preset=\u00a0\u00bbc233261e-9b1d-4983-9f25-dd026450b3a9&Prime; global_colors_info=\u00a0\u00bb{}\u00a0\u00bb]<\/p>\n<p>L\u2019adaptateur s\u2019utilise pour connecter votre cueilleur Fantini a une ensileuse. Pour faire \u00e7a, on doit d\u00e9monter le ch\u00e2ssis d\u2019accrochage original et monter le nouveau adaptateur. Il y a des mod\u00e8les diff\u00e9rents, donc v\u00e9rifiez si vous trouvez ce dont vous avez besoin, sinon demandez-nous des information et il nous fera plaisir de vous aider!  <\/p>\n<p>[\/et_pb_text][et_pb_image src=\u00a0\u00bbhttps:\/\/www.fantiniworld.com\/wp-content\/uploads\/2025\/06\/kit_accessori.png\u00a0\u00bb alt=\u00a0\u00bbAdaptateur pour ensileuses\u00a0\u00bb title_text=\u00a0\u00bbAdaptateur pour ensileuses\u00a0\u00bb align=\u00a0\u00bbcenter\u00a0\u00bb _builder_version=\u00a0\u00bb4.27.4&Prime; _module_preset=\u00a0\u00bbdefault\u00a0\u00bb module_alignment=\u00a0\u00bbcenter\u00a0\u00bb max_height=\u00a0\u00bb436px\u00a0\u00bb max_height_tablet=\u00a0\u00bb436px\u00a0\u00bb max_height_phone=\u00a0\u00bb436px\u00a0\u00bb max_height_last_edited=\u00a0\u00bbon|tablet\u00a0\u00bb global_colors_info=\u00a0\u00bb{}\u00a0\u00bb][\/et_pb_image][\/et_pb_column][et_pb_column type=\u00a0\u00bb1_2&Prime; admin_label=\u00a0\u00bbColonne\u00a0\u00bb disabled_on=\u00a0\u00bbon|on|off\u00a0\u00bb _builder_version=\u00a0\u00bb4.27.4&Prime; _module_preset=\u00a0\u00bbdefault\u00a0\u00bb background_enable_image=\u00a0\u00bboff\u00a0\u00bb background_size=\u00a0\u00bbcontain\u00a0\u00bb custom_padding=\u00a0\u00bb30px|30px|30px|30px|true|true\u00a0\u00bb border_radii=\u00a0\u00bbon|30px|30px|30px|30px\u00a0\u00bb border_color_all=\u00a0\u00bbrgba(0,0,0,0.12)\u00a0\u00bb global_colors_info=\u00a0\u00bb{}\u00a0\u00bb][et_pb_image src=\u00a0\u00bbhttps:\/\/www.fantiniworld.com\/wp-content\/uploads\/2025\/06\/accessori_testate-scaled.jpg\u00a0\u00bb alt=\u00a0\u00bbAccessoires pour Cueilleurs Fantini Italia\u00a0\u00bb title_text=\u00a0\u00bbAccessoires pour Cueilleurs &#8211; Fantini Italia\u00a0\u00bb _builder_version=\u00a0\u00bb4.27.4&Prime; _module_preset=\u00a0\u00bbdefault\u00a0\u00bb custom_margin=\u00a0\u00bb70px||||false|false\u00a0\u00bb custom_margin_tablet=\u00a0\u00bb0px||||false|false\u00a0\u00bb custom_margin_phone=\u00a0\u00bb0px||||false|false\u00a0\u00bb custom_margin_last_edited=\u00a0\u00bbon|phone\u00a0\u00bb hover_enabled=\u00a0\u00bb0&Prime; border_radii=\u00a0\u00bbon|25px|25px|25px|25px\u00a0\u00bb global_colors_info=\u00a0\u00bb{}\u00a0\u00bb sticky_enabled=\u00a0\u00bb0&Prime;][\/et_pb_image][\/et_pb_column][\/et_pb_row][\/et_pb_section]<\/p>\n","protected":false},"excerpt":{"rendered":"<p>Accessoires pour CueilleursLes accessoires de la ligne Fantini, pour optimiser votre r\u00e9colte.Sp\u00e9cialis\u00e9e dans la r\u00e9colte et le traitement de diff\u00e9rents types de cultures, la ligne d&rsquo;accessoires supportant les cueilleurs garantit l&rsquo;efficacit\u00e9 et les performances reconnues des produits Fantini.Broyeur pour Cueilleur \u00e0 TournesolNous pouvons vous fournir le broyeur de tiges pour vos tournesols \u00e0 rangs (G03) [&hellip;]<\/p>\n","protected":false},"author":1,"featured_media":0,"parent":1024,"menu_order":0,"comment_status":"closed","ping_status":"closed","template":"","meta":{"_et_pb_use_builder":"on","_et_pb_old_content":"","_et_gb_content_width":"","footnotes":""},"class_list":["post-2398","page","type-page","status-publish","hentry"],"yoast_head":"<!-- This site is optimized with the Yoast SEO plugin v26.7 - https:\/\/yoast.com\/wordpress\/plugins\/seo\/ -->\n<title>Accessoires - Fantini Italia<\/title>\n<meta name=\"description\" content=\"D\u00e9couvrez les accessoires pour les cueilleurs Fantini: kit feux, remorques et solutions d\u00e9di\u00e9es pour optimiser les performances et le transport dans le champ.\" \/>\n<meta name=\"robots\" content=\"index, follow, max-snippet:-1, max-image-preview:large, max-video-preview:-1\" \/>\n<link rel=\"canonical\" href=\"https:\/\/www.fantiniworld.com\/fr\/produits\/accessoires\/\" \/>\n<meta property=\"og:locale\" content=\"fr_FR\" \/>\n<meta property=\"og:type\" content=\"article\" \/>\n<meta property=\"og:title\" content=\"Accessoires - Fantini Italia\" \/>\n<meta property=\"og:description\" content=\"D\u00e9couvrez les accessoires pour les cueilleurs Fantini: kit feux, remorques et solutions d\u00e9di\u00e9es pour optimiser les performances et le transport dans le champ.\" \/>\n<meta property=\"og:url\" content=\"https:\/\/www.fantiniworld.com\/fr\/produits\/accessoires\/\" \/>\n<meta property=\"og:site_name\" content=\"Fantini Italia\" \/>\n<meta property=\"article:publisher\" content=\"https:\/\/www.facebook.com\/FantiniHarvestingHeaders\/\" \/>\n<meta property=\"article:modified_time\" content=\"2025-07-07T15:49:23+00:00\" \/>\n<meta property=\"og:image\" content=\"https:\/\/www.fantiniworld.com\/wp-content\/uploads\/2025\/07\/fantini-website-image-1024x489.png\" \/>\n\t<meta property=\"og:image:width\" content=\"1024\" \/>\n\t<meta property=\"og:image:height\" content=\"489\" \/>\n\t<meta property=\"og:image:type\" content=\"image\/png\" \/>\n<meta name=\"twitter:card\" content=\"summary_large_image\" \/>\n<meta name=\"twitter:label1\" content=\"Dur\u00e9e de lecture estim\u00e9e\" \/>\n\t<meta name=\"twitter:data1\" content=\"2 minutes\" \/>\n<script type=\"application\/ld+json\" class=\"yoast-schema-graph\">{\"@context\":\"https:\/\/schema.org\",\"@graph\":[{\"@type\":\"WebPage\",\"@id\":\"https:\/\/www.fantiniworld.com\/fr\/produits\/accessoires\/\",\"url\":\"https:\/\/www.fantiniworld.com\/fr\/produits\/accessoires\/\",\"name\":\"Accessoires - Fantini Italia\",\"isPartOf\":{\"@id\":\"https:\/\/www.fantiniworld.com\/fr\/?lang=hr\/#website\"},\"datePublished\":\"2025-05-13T12:41:53+00:00\",\"dateModified\":\"2025-07-07T15:49:23+00:00\",\"description\":\"D\u00e9couvrez les accessoires pour les cueilleurs Fantini: kit feux, remorques et solutions d\u00e9di\u00e9es pour optimiser les performances et le transport dans le champ.\",\"breadcrumb\":{\"@id\":\"https:\/\/www.fantiniworld.com\/fr\/produits\/accessoires\/#breadcrumb\"},\"inLanguage\":\"fr-FR\",\"potentialAction\":[{\"@type\":\"ReadAction\",\"target\":[\"https:\/\/www.fantiniworld.com\/fr\/produits\/accessoires\/\"]}]},{\"@type\":\"BreadcrumbList\",\"@id\":\"https:\/\/www.fantiniworld.com\/fr\/produits\/accessoires\/#breadcrumb\",\"itemListElement\":[{\"@type\":\"ListItem\",\"position\":1,\"name\":\"Home\",\"item\":\"https:\/\/www.fantiniworld.com\/fr\/accueil\/\"},{\"@type\":\"ListItem\",\"position\":2,\"name\":\"Produits\",\"item\":\"https:\/\/www.fantiniworld.com\/fr\/produits\/\"},{\"@type\":\"ListItem\",\"position\":3,\"name\":\"Accessoires\"}]},{\"@type\":\"WebSite\",\"@id\":\"https:\/\/www.fantiniworld.com\/fr\/?lang=hr\/#website\",\"url\":\"https:\/\/www.fantiniworld.com\/fr\/?lang=hr\/\",\"name\":\"Fantini Italia S.r.L\",\"description\":\"I migliori raccolti dal 1968\",\"publisher\":{\"@id\":\"https:\/\/www.fantiniworld.com\/fr\/?lang=hr\/#organization\"},\"potentialAction\":[{\"@type\":\"SearchAction\",\"target\":{\"@type\":\"EntryPoint\",\"urlTemplate\":\"https:\/\/www.fantiniworld.com\/fr\/?lang=hr\/?s={search_term_string}\"},\"query-input\":{\"@type\":\"PropertyValueSpecification\",\"valueRequired\":true,\"valueName\":\"search_term_string\"}}],\"inLanguage\":\"fr-FR\"},{\"@type\":\"Organization\",\"@id\":\"https:\/\/www.fantiniworld.com\/fr\/?lang=hr\/#organization\",\"name\":\"Fantini Italia S.r.L\",\"alternateName\":\"Fantini Italia\",\"url\":\"https:\/\/www.fantiniworld.com\/fr\/?lang=hr\/\",\"logo\":{\"@type\":\"ImageObject\",\"inLanguage\":\"fr-FR\",\"@id\":\"https:\/\/www.fantiniworld.com\/fr\/?lang=hr\/#\/schema\/logo\/image\/\",\"url\":\"https:\/\/www.fantiniworld.com\/wp-content\/uploads\/2025\/06\/Risorsa-1logo.png\",\"contentUrl\":\"https:\/\/www.fantiniworld.com\/wp-content\/uploads\/2025\/06\/Risorsa-1logo.png\",\"width\":510,\"height\":167,\"caption\":\"Fantini Italia S.r.L\"},\"image\":{\"@id\":\"https:\/\/www.fantiniworld.com\/fr\/?lang=hr\/#\/schema\/logo\/image\/\"},\"sameAs\":[\"https:\/\/www.facebook.com\/FantiniHarvestingHeaders\/\"]}]}<\/script>\n<!-- \/ Yoast SEO plugin. -->","yoast_head_json":{"title":"Accessoires - Fantini Italia","description":"D\u00e9couvrez les accessoires pour les cueilleurs Fantini: kit feux, remorques et solutions d\u00e9di\u00e9es pour optimiser les performances et le transport dans le champ.","robots":{"index":"index","follow":"follow","max-snippet":"max-snippet:-1","max-image-preview":"max-image-preview:large","max-video-preview":"max-video-preview:-1"},"canonical":"https:\/\/www.fantiniworld.com\/fr\/produits\/accessoires\/","og_locale":"fr_FR","og_type":"article","og_title":"Accessoires - Fantini Italia","og_description":"D\u00e9couvrez les accessoires pour les cueilleurs Fantini: kit feux, remorques et solutions d\u00e9di\u00e9es pour optimiser les performances et le transport dans le champ.","og_url":"https:\/\/www.fantiniworld.com\/fr\/produits\/accessoires\/","og_site_name":"Fantini Italia","article_publisher":"https:\/\/www.facebook.com\/FantiniHarvestingHeaders\/","article_modified_time":"2025-07-07T15:49:23+00:00","og_image":[{"width":1024,"height":489,"url":"https:\/\/www.fantiniworld.com\/wp-content\/uploads\/2025\/07\/fantini-website-image-1024x489.png","type":"image\/png"}],"twitter_card":"summary_large_image","twitter_misc":{"Dur\u00e9e de lecture estim\u00e9e":"2 minutes"},"schema":{"@context":"https:\/\/schema.org","@graph":[{"@type":"WebPage","@id":"https:\/\/www.fantiniworld.com\/fr\/produits\/accessoires\/","url":"https:\/\/www.fantiniworld.com\/fr\/produits\/accessoires\/","name":"Accessoires - Fantini Italia","isPartOf":{"@id":"https:\/\/www.fantiniworld.com\/fr\/?lang=hr\/#website"},"datePublished":"2025-05-13T12:41:53+00:00","dateModified":"2025-07-07T15:49:23+00:00","description":"D\u00e9couvrez les accessoires pour les cueilleurs Fantini: kit feux, remorques et solutions d\u00e9di\u00e9es pour optimiser les performances et le transport dans le champ.","breadcrumb":{"@id":"https:\/\/www.fantiniworld.com\/fr\/produits\/accessoires\/#breadcrumb"},"inLanguage":"fr-FR","potentialAction":[{"@type":"ReadAction","target":["https:\/\/www.fantiniworld.com\/fr\/produits\/accessoires\/"]}]},{"@type":"BreadcrumbList","@id":"https:\/\/www.fantiniworld.com\/fr\/produits\/accessoires\/#breadcrumb","itemListElement":[{"@type":"ListItem","position":1,"name":"Home","item":"https:\/\/www.fantiniworld.com\/fr\/accueil\/"},{"@type":"ListItem","position":2,"name":"Produits","item":"https:\/\/www.fantiniworld.com\/fr\/produits\/"},{"@type":"ListItem","position":3,"name":"Accessoires"}]},{"@type":"WebSite","@id":"https:\/\/www.fantiniworld.com\/fr\/?lang=hr\/#website","url":"https:\/\/www.fantiniworld.com\/fr\/?lang=hr\/","name":"Fantini Italia S.r.L","description":"I migliori raccolti dal 1968","publisher":{"@id":"https:\/\/www.fantiniworld.com\/fr\/?lang=hr\/#organization"},"potentialAction":[{"@type":"SearchAction","target":{"@type":"EntryPoint","urlTemplate":"https:\/\/www.fantiniworld.com\/fr\/?lang=hr\/?s={search_term_string}"},"query-input":{"@type":"PropertyValueSpecification","valueRequired":true,"valueName":"search_term_string"}}],"inLanguage":"fr-FR"},{"@type":"Organization","@id":"https:\/\/www.fantiniworld.com\/fr\/?lang=hr\/#organization","name":"Fantini Italia S.r.L","alternateName":"Fantini Italia","url":"https:\/\/www.fantiniworld.com\/fr\/?lang=hr\/","logo":{"@type":"ImageObject","inLanguage":"fr-FR","@id":"https:\/\/www.fantiniworld.com\/fr\/?lang=hr\/#\/schema\/logo\/image\/","url":"https:\/\/www.fantiniworld.com\/wp-content\/uploads\/2025\/06\/Risorsa-1logo.png","contentUrl":"https:\/\/www.fantiniworld.com\/wp-content\/uploads\/2025\/06\/Risorsa-1logo.png","width":510,"height":167,"caption":"Fantini Italia S.r.L"},"image":{"@id":"https:\/\/www.fantiniworld.com\/fr\/?lang=hr\/#\/schema\/logo\/image\/"},"sameAs":["https:\/\/www.facebook.com\/FantiniHarvestingHeaders\/"]}]}},"_links":{"self":[{"href":"https:\/\/www.fantiniworld.com\/fr\/wp-json\/wp\/v2\/pages\/2398","targetHints":{"allow":["GET"]}}],"collection":[{"href":"https:\/\/www.fantiniworld.com\/fr\/wp-json\/wp\/v2\/pages"}],"about":[{"href":"https:\/\/www.fantiniworld.com\/fr\/wp-json\/wp\/v2\/types\/page"}],"author":[{"embeddable":true,"href":"https:\/\/www.fantiniworld.com\/fr\/wp-json\/wp\/v2\/users\/1"}],"replies":[{"embeddable":true,"href":"https:\/\/www.fantiniworld.com\/fr\/wp-json\/wp\/v2\/comments?post=2398"}],"version-history":[{"count":0,"href":"https:\/\/www.fantiniworld.com\/fr\/wp-json\/wp\/v2\/pages\/2398\/revisions"}],"up":[{"embeddable":true,"href":"https:\/\/www.fantiniworld.com\/fr\/wp-json\/wp\/v2\/pages\/1024"}],"wp:attachment":[{"href":"https:\/\/www.fantiniworld.com\/fr\/wp-json\/wp\/v2\/media?parent=2398"}],"curies":[{"name":"wp","href":"https:\/\/api.w.org\/{rel}","templated":true}]}}