{"id":881,"date":"2025-02-13T12:56:23","date_gmt":"2025-02-13T11:56:23","guid":{"rendered":"https:\/\/www.fantinisrl.it\/?page_id=881"},"modified":"2025-07-07T17:57:30","modified_gmt":"2025-07-07T15:57:30","slug":"cultures-en-andains","status":"publish","type":"page","link":"https:\/\/www.fantiniworld.com\/fr\/produits\/moissonneuses-batteuses\/cultures-en-andains\/","title":{"rendered":"Cultures en Andains"},"content":{"rendered":"<p>[et_pb_section fb_built=\u00a0\u00bb1&Prime; disabled_on=\u00a0\u00bboff|off|off\u00a0\u00bb admin_label=\u00a0\u00bbHeader\u00a0\u00bb _builder_version=\u00a0\u00bb4.27.4&Prime; _module_preset=\u00a0\u00bbdefault\u00a0\u00bb background_enable_color=\u00a0\u00bboff\u00a0\u00bb use_background_color_gradient=\u00a0\u00bbon\u00a0\u00bb background_color_gradient_stops=\u00a0\u00bbrgba(7,7,7,0.92) 0%|rgba(7,7,7,0) 97%\u00a0\u00bb background_color_gradient_overlays_image=\u00a0\u00bbon\u00a0\u00bb background_image=\u00a0\u00bbhttps:\/\/www.fantiniworld.com\/wp-content\/uploads\/2025\/06\/Foto-di-campo-per-sfondo-andana-2.jpg\u00a0\u00bb min_height=\u00a0\u00bb1144.3px\u00a0\u00bb custom_padding=\u00a0\u00bb8vh||4vh||false|false\u00a0\u00bb border_radii=\u00a0\u00bboff|||3vw|3vw\u00a0\u00bb locked=\u00a0\u00bboff\u00a0\u00bb collapsed=\u00a0\u00bbon\u00a0\u00bb global_colors_info=\u00a0\u00bb{}\u00a0\u00bb][et_pb_row column_structure=\u00a0\u00bb3_5,2_5&Prime; custom_padding_last_edited=\u00a0\u00bbon|tablet\u00a0\u00bb admin_label=\u00a0\u00bbLigne\u00a0\u00bb _builder_version=\u00a0\u00bb4.27.4&Prime; _module_preset=\u00a0\u00bbdefault\u00a0\u00bb background_enable_color=\u00a0\u00bboff\u00a0\u00bb custom_padding=\u00a0\u00bb|100px||100px|false|true\u00a0\u00bb custom_padding_tablet=\u00a0\u00bb|0px||0px|false|true\u00a0\u00bb custom_padding_phone=\u00a0\u00bb|0px||0px|false|true\u00a0\u00bb custom_css_free_form=\u00a0\u00bb#colonna-home{||  clip-path: polygon(0px 30%, 100% 0%, 100% 100%, 0% 100%);||}\u00a0\u00bb global_colors_info=\u00a0\u00bb{}\u00a0\u00bb][et_pb_column type=\u00a0\u00bb3_5&Prime; _builder_version=\u00a0\u00bb4.22.0&Prime; _module_preset=\u00a0\u00bbdefault\u00a0\u00bb global_colors_info=\u00a0\u00bb{}\u00a0\u00bb][et_pb_image src=\u00a0\u00bbhttps:\/\/www.fantiniworld.com\/wp-content\/uploads\/2025\/03\/PICKUP-main-img-3.png\u00a0\u00bb alt=\u00a0\u00bbFantini Italia \u2013 Pickup \u2013 Cultures en Andains\u00a0\u00bb title_text=\u00a0\u00bbFantini Italia \u2013 Pickup \u2013 Cultures en Andains\u00a0\u00bb admin_label=\u00a0\u00bbImmagine\u00a0\u00bb _builder_version=\u00a0\u00bb4.27.4&Prime; _module_preset=\u00a0\u00bbdefault\u00a0\u00bb background_enable_color=\u00a0\u00bboff\u00a0\u00bb use_background_color_gradient=\u00a0\u00bbon\u00a0\u00bb background_color_gradient_type=\u00a0\u00bbelliptical\u00a0\u00bb background_color_gradient_stops=\u00a0\u00bb#f2ad00 29%|rgba(242,173,0,0) 72%\u00a0\u00bb global_colors_info=\u00a0\u00bb{}\u00a0\u00bb][\/et_pb_image][et_pb_text _builder_version=\u00a0\u00bb4.27.4&Prime; _module_preset=\u00a0\u00bbf350a3c8-387a-4560-8809-bd98f681dd18&Prime; header_text_color=\u00a0\u00bb#FCFCFC\u00a0\u00bb header_font_size=\u00a0\u00bb150px\u00a0\u00bb max_width=\u00a0\u00bb1546px\u00a0\u00bb custom_margin=\u00a0\u00bb||||false|false\u00a0\u00bb custom_padding=\u00a0\u00bb|||0px|false|false\u00a0\u00bb custom_padding_tablet=\u00a0\u00bb|50px||50px|false|true\u00a0\u00bb custom_padding_phone=\u00a0\u00bb|30px||30px|false|true\u00a0\u00bb custom_padding_last_edited=\u00a0\u00bbon|phone\u00a0\u00bb header_font_size_tablet=\u00a0\u00bb80px\u00a0\u00bb header_font_size_phone=\u00a0\u00bb40px\u00a0\u00bb header_font_size_last_edited=\u00a0\u00bbon|phone\u00a0\u00bb global_colors_info=\u00a0\u00bb{}\u00a0\u00bb]<\/p>\n<h1>Collecteurs de pick-up<\/h1>\n<p>[\/et_pb_text][et_pb_button button_url=\u00a0\u00bb@ET-DC@eyJkeW5hbWljIjp0cnVlLCJjb250ZW50IjoicG9zdF9saW5rX3VybF9wcm9qZWN0Iiwic2V0dGluZ3MiOnsicG9zdF9pZCI6IjM3OCIsImVuYWJsZV9odG1sIjoib2ZmIn19@\u00a0\u00bb button_text=\u00a0\u00bbD\u00c9COUVRIR\u00a0\u00bb disabled_on=\u00a0\u00bbon|on|on\u00a0\u00bb _builder_version=\u00a0\u00bb4.27.4&Prime; _dynamic_attributes=\u00a0\u00bbbutton_url\u00a0\u00bb _module_preset=\u00a0\u00bbdefault\u00a0\u00bb custom_button=\u00a0\u00bbon\u00a0\u00bb button_text_size=\u00a0\u00bb28px\u00a0\u00bb button_text_color=\u00a0\u00bb#003976&Prime; button_bg_color=\u00a0\u00bb#F2AD00&Prime; button_border_width=\u00a0\u00bb2px\u00a0\u00bb button_border_color=\u00a0\u00bb#F2AD00&Prime; button_use_icon=\u00a0\u00bboff\u00a0\u00bb custom_padding=\u00a0\u00bb|30px||30px|false|true\u00a0\u00bb disabled=\u00a0\u00bbon\u00a0\u00bb global_colors_info=\u00a0\u00bb{}\u00a0\u00bb button_bg_color__hover_enabled=\u00a0\u00bbon|desktop\u00a0\u00bb button_bg_color__hover=\u00a0\u00bb#003976&Prime; button_bg_enable_color__hover=\u00a0\u00bbon\u00a0\u00bb button_text_color__hover_enabled=\u00a0\u00bbon|desktop\u00a0\u00bb button_text_color__hover=\u00a0\u00bb#F2AD00&Prime; button_text_size__hover_enabled=\u00a0\u00bbon|desktop\u00a0\u00bb button_text_size__hover=\u00a0\u00bb30px\u00a0\u00bb][\/et_pb_button][\/et_pb_column][et_pb_column type=\u00a0\u00bb2_5&Prime; _builder_version=\u00a0\u00bb4.27.4&Prime; _module_preset=\u00a0\u00bbdefault\u00a0\u00bb background_color=\u00a0\u00bb#003976&Prime; custom_padding=\u00a0\u00bb300px|20px|100px|20px|false|true\u00a0\u00bb custom_padding_tablet=\u00a0\u00bb50px|0px|50px|0px|false|true\u00a0\u00bb custom_padding_phone=\u00a0\u00bb|20px||20px|false|true\u00a0\u00bb custom_padding_last_edited=\u00a0\u00bbon|phone\u00a0\u00bb border_radii=\u00a0\u00bbon|3px|3px|3px|3px\u00a0\u00bb global_colors_info=\u00a0\u00bb{}\u00a0\u00bb][et_pb_text _builder_version=\u00a0\u00bb4.27.4&Prime; _module_preset=\u00a0\u00bbdefault\u00a0\u00bb text_text_color=\u00a0\u00bb#FCFCFC\u00a0\u00bb text_font_size=\u00a0\u00bb20px\u00a0\u00bb text_line_height=\u00a0\u00bb1.4em\u00a0\u00bb text_orientation=\u00a0\u00bbjustified\u00a0\u00bb custom_padding=\u00a0\u00bb|100px||100px|false|true\u00a0\u00bb custom_padding_tablet=\u00a0\u00bb|50px||50px|false|true\u00a0\u00bb custom_padding_phone=\u00a0\u00bb|10px||10px|false|true\u00a0\u00bb custom_padding_last_edited=\u00a0\u00bbon|phone\u00a0\u00bb text_font_size_tablet=\u00a0\u00bb20px\u00a0\u00bb text_font_size_phone=\u00a0\u00bb20px\u00a0\u00bb text_font_size_last_edited=\u00a0\u00bbon|tablet\u00a0\u00bb global_colors_info=\u00a0\u00bb{}\u00a0\u00bb]<\/p>\n<p>Fantini garantit la disponibilit\u00e9 des pi\u00e8ces de rechange d&rsquo;origine originaux et une assistance technique continue pour les concessionnaires et les clients, gr\u00e2ce aux nombreuses ann\u00e9es d&rsquo;exp\u00e9rience de ses techniciens sp\u00e9cialis\u00e9s.<\/p>\n<p>[\/et_pb_text][et_pb_image src=\u00a0\u00bbhttps:\/\/www.fantiniworld.com\/wp-content\/uploads\/2025\/06\/pickup_in_campo-scaled.jpg\u00a0\u00bb alt=\u00a0\u00bbPickup dans le champs &#8211; Fantini Italia\u00a0\u00bb title_text=\u00a0\u00bbPickup dans le champs &#8211; Fantini Italia\u00a0\u00bb admin_label=\u00a0\u00bbImmagine\u00a0\u00bb _builder_version=\u00a0\u00bb4.27.4&Prime; _module_preset=\u00a0\u00bbdefault\u00a0\u00bb custom_margin=\u00a0\u00bb||||false|false\u00a0\u00bb custom_padding=\u00a0\u00bb|100px||100px|false|true\u00a0\u00bb custom_padding_tablet=\u00a0\u00bb|50px||50px|false|true\u00a0\u00bb custom_padding_phone=\u00a0\u00bb|10px||10px|false|true\u00a0\u00bb custom_padding_last_edited=\u00a0\u00bbon|tablet\u00a0\u00bb border_radii=\u00a0\u00bbon|20px|20px|20px|20px\u00a0\u00bb border_width_all=\u00a0\u00bb2px\u00a0\u00bb border_color_all=\u00a0\u00bb#F2AD00&Prime; border_style_all=\u00a0\u00bbgroove\u00a0\u00bb global_colors_info=\u00a0\u00bb{}\u00a0\u00bb][\/et_pb_image][\/et_pb_column][\/et_pb_row][\/et_pb_section][et_pb_section fb_built=\u00a0\u00bb1&Prime; _builder_version=\u00a0\u00bb4.27.4&Prime; _module_preset=\u00a0\u00bbdefault\u00a0\u00bb background_color=\u00a0\u00bb#F2AD00&Prime; min_height=\u00a0\u00bb643.6px\u00a0\u00bb custom_margin=\u00a0\u00bb||||false|false\u00a0\u00bb custom_padding=\u00a0\u00bb||1px|||\u00a0\u00bb global_colors_info=\u00a0\u00bb{}\u00a0\u00bb][et_pb_row column_structure=\u00a0\u00bb1_2,1_2&Prime; custom_padding_last_edited=\u00a0\u00bbon|tablet\u00a0\u00bb admin_label=\u00a0\u00bbLigne\u00a0\u00bb _builder_version=\u00a0\u00bb4.27.4&Prime; _module_preset=\u00a0\u00bbdefault\u00a0\u00bb background_enable_color=\u00a0\u00bboff\u00a0\u00bb max_width=\u00a0\u00bb1800px\u00a0\u00bb custom_padding_tablet=\u00a0\u00bb|50px||50px|false|true\u00a0\u00bb custom_padding_phone=\u00a0\u00bb|30px||30px|false|true\u00a0\u00bb global_colors_info=\u00a0\u00bb{}\u00a0\u00bb][et_pb_column type=\u00a0\u00bb1_2&Prime; _builder_version=\u00a0\u00bb4.27.4&Prime; _module_preset=\u00a0\u00bbdefault\u00a0\u00bb custom_padding_tablet=\u00a0\u00bb\u00a0\u00bb custom_padding_phone=\u00a0\u00bb|0px||0px|false|true\u00a0\u00bb custom_padding_last_edited=\u00a0\u00bbon|phone\u00a0\u00bb global_colors_info=\u00a0\u00bb{}\u00a0\u00bb][et_pb_text _builder_version=\u00a0\u00bb4.27.4&Prime; _module_preset=\u00a0\u00bbfded0ccd-9934-4b21-b8a2-be0c998c7df6&Prime; header_text_align=\u00a0\u00bbleft\u00a0\u00bb text_orientation=\u00a0\u00bbcenter\u00a0\u00bb custom_margin=\u00a0\u00bb||30px|30px|false|false\u00a0\u00bb custom_margin_tablet=\u00a0\u00bb|||0px|false|false\u00a0\u00bb custom_margin_phone=\u00a0\u00bb||30px|0px|false|false\u00a0\u00bb custom_margin_last_edited=\u00a0\u00bbon|desktop\u00a0\u00bb global_colors_info=\u00a0\u00bb{}\u00a0\u00bb]<\/p>\n<h1>Cueilleur pick-up<\/h1>\n<p>[\/et_pb_text][et_pb_text _builder_version=\u00a0\u00bb4.27.4&Prime; _module_preset=\u00a0\u00bb0343ab31-f259-4082-b1f3-5cabd33d9786&Prime; custom_margin=\u00a0\u00bb|||30px|false|false\u00a0\u00bb custom_margin_tablet=\u00a0\u00bb|||0px|false|false\u00a0\u00bb custom_margin_phone=\u00a0\u00bb|||0px|false|false\u00a0\u00bb custom_margin_last_edited=\u00a0\u00bbon|desktop\u00a0\u00bb locked=\u00a0\u00bboff\u00a0\u00bb global_colors_info=\u00a0\u00bb{}\u00a0\u00bb]<\/p>\n<p><span>Le ramasseur d\u2019andains Pickup est disponible avec une transmission m\u00e9canique ou hydraulique si la moissonneuse-batteuse n&rsquo;est pas \u00e9quip\u00e9e d&rsquo;un syst\u00e8me hydraulique et peut \u00eatre mont\u00e9e sur toutes les moissonneuses-batteuses. La vis d&rsquo;alimentation r\u00e9glable de 650 mm avec embrayage est \u00e9quip\u00e9e de doigts r\u00e9tractables. Le tapis de r\u00e9colte a une largeur de 1 m\u00e8tre et une coupe utile totale de 3 \u00e0 6 m\u00e8tres.   <\/span><\/p>\n<p>[\/et_pb_text][et_pb_button button_url=\u00a0\u00bbhttps:\/\/www.myfantini.cloud\/doc\/074c2b57bf9fd1112dc12e1794b214ab\u00a0\u00bb url_new_window=\u00a0\u00bbon\u00a0\u00bb button_text=\u00a0\u00bbBrochures \u2193\u00a0\u00bb disabled_on=\u00a0\u00bboff|off|off\u00a0\u00bb _builder_version=\u00a0\u00bb4.27.4&Prime; _module_preset=\u00a0\u00bbdefault\u00a0\u00bb custom_button=\u00a0\u00bbon\u00a0\u00bb button_text_size=\u00a0\u00bb22px\u00a0\u00bb button_text_color=\u00a0\u00bb#003976&Prime; button_use_icon=\u00a0\u00bboff\u00a0\u00bb custom_margin=\u00a0\u00bb|||30px|false|false\u00a0\u00bb custom_margin_tablet=\u00a0\u00bb|||0px|false|false\u00a0\u00bb custom_margin_phone=\u00a0\u00bb|||0px|false|false\u00a0\u00bb custom_margin_last_edited=\u00a0\u00bbon|desktop\u00a0\u00bb hover_enabled=\u00a0\u00bb0&Prime; locked=\u00a0\u00bboff\u00a0\u00bb global_colors_info=\u00a0\u00bb{}\u00a0\u00bb button_bg_color__hover_enabled=\u00a0\u00bbon|desktop\u00a0\u00bb button_bg_color__hover=\u00a0\u00bb#003976&Prime; button_bg_enable_color__hover=\u00a0\u00bbon\u00a0\u00bb button_text_color__hover_enabled=\u00a0\u00bbon|desktop\u00a0\u00bb button_text_color__hover=\u00a0\u00bb#FCFCFC\u00a0\u00bb button_border_radius__hover_enabled=\u00a0\u00bbon|hover\u00a0\u00bb button_border_radius__hover=\u00a0\u00bb3px\u00a0\u00bb sticky_enabled=\u00a0\u00bb0&Prime;][\/et_pb_button][inftnc_dual_buttons button_left_text=\u00a0\u00bbScopri di pi\u00f9\u00a0\u00bb button_right_text=\u00a0\u00bbBrochure \u2193\u00a0\u00bb button_url_left=\u00a0\u00bbhttps:\/\/www.fantiniworld.com\/project\/testata-girasole-g03\/\u00a0\u00bb button_url_right=\u00a0\u00bbhttps:\/\/www.myfantini.cloud\/doc\/64991ea23a357434ad98b1cdf982fb84&Prime; button_url_left_new_window=\u00a0\u00bb1&Prime; button_url_right_new_window=\u00a0\u00bbon\u00a0\u00bb button_alignment=\u00a0\u00bbleft\u00a0\u00bb button_gap=\u00a0\u00bb10px\u00a0\u00bb disabled_on=\u00a0\u00bbon|on|on\u00a0\u00bb _builder_version=\u00a0\u00bb4.27.4&Prime; _module_preset=\u00a0\u00bbdefault\u00a0\u00bb custom_button_left=\u00a0\u00bbon\u00a0\u00bb button_left_text_size=\u00a0\u00bb20px\u00a0\u00bb button_left_text_color=\u00a0\u00bb#FCFCFC\u00a0\u00bb button_left_bg_color=\u00a0\u00bb#003976&Prime; button_left_border_color=\u00a0\u00bb#003976&Prime; button_left_use_icon=\u00a0\u00bboff\u00a0\u00bb custom_button_right=\u00a0\u00bbon\u00a0\u00bb button_right_text_color=\u00a0\u00bb#003976&Prime; button_right_bg_color=\u00a0\u00bbRGBA(255,255,255,0)\u00a0\u00bb button_right_border_color=\u00a0\u00bb#003976&Prime; button_right_use_icon=\u00a0\u00bboff\u00a0\u00bb custom_padding=\u00a0\u00bb||||false|false\u00a0\u00bb disabled=\u00a0\u00bbon\u00a0\u00bb locked=\u00a0\u00bboff\u00a0\u00bb global_colors_info=\u00a0\u00bb{}\u00a0\u00bb button_left_text_color__hover_enabled=\u00a0\u00bbon|desktop\u00a0\u00bb button_left_text_color__hover=\u00a0\u00bb#003976&Prime; button_left_bg_color__hover_enabled=\u00a0\u00bbon|desktop\u00a0\u00bb button_left_bg_color__hover=\u00a0\u00bb#F2AD00&Prime; button_left_bg_enable_color__hover=\u00a0\u00bbon\u00a0\u00bb button_left_border_color__hover_enabled=\u00a0\u00bbon|desktop\u00a0\u00bb button_right_text_color__hover_enabled=\u00a0\u00bbon|desktop\u00a0\u00bb button_right_text_color__hover=\u00a0\u00bb#F2AD00&Prime; button_right_bg_color__hover_enabled=\u00a0\u00bbon|desktop\u00a0\u00bb button_right_bg_color__hover=\u00a0\u00bb#003976&Prime; button_right_bg_enable_color__hover=\u00a0\u00bbon\u00a0\u00bb button_left_border_color__hover=\u00a0\u00bb#003976&Prime;][\/inftnc_dual_buttons][\/et_pb_column][et_pb_column type=\u00a0\u00bb1_2&Prime; _builder_version=\u00a0\u00bb4.22.0&Prime; _module_preset=\u00a0\u00bbdefault\u00a0\u00bb global_colors_info=\u00a0\u00bb{}\u00a0\u00bb][et_pb_image src=\u00a0\u00bbhttps:\/\/www.fantiniworld.com\/wp-content\/uploads\/2025\/03\/PICKUP-main-img-3.png\u00a0\u00bb alt=\u00a0\u00bbFantini Italie &#8211; Pickup\u00a0\u00bb title_text=\u00a0\u00bbFantini Italie &#8211; Pickup\u00a0\u00bb _builder_version=\u00a0\u00bb4.27.4&Prime; _module_preset=\u00a0\u00bbdefault\u00a0\u00bb global_colors_info=\u00a0\u00bb{}\u00a0\u00bb][\/et_pb_image][\/et_pb_column][\/et_pb_row][\/et_pb_section]<\/p>\n","protected":false},"excerpt":{"rendered":"<p>Collecteurs de pick-upFantini garantit la disponibilit\u00e9 des pi\u00e8ces de rechange d&rsquo;origine originaux et une assistance technique continue pour les concessionnaires et les clients, gr\u00e2ce aux nombreuses ann\u00e9es d&rsquo;exp\u00e9rience de ses techniciens sp\u00e9cialis\u00e9s.Cueilleur pick-upLe ramasseur d\u2019andains Pickup est disponible avec une transmission m\u00e9canique ou hydraulique si la moissonneuse-batteuse n&rsquo;est pas \u00e9quip\u00e9e d&rsquo;un syst\u00e8me hydraulique et peut [&hellip;]<\/p>\n","protected":false},"author":1,"featured_media":0,"parent":2407,"menu_order":0,"comment_status":"closed","ping_status":"closed","template":"","meta":{"_et_pb_use_builder":"on","_et_pb_old_content":"","_et_gb_content_width":"","footnotes":""},"class_list":["post-881","page","type-page","status-publish","hentry"],"yoast_head":"<!-- This site is optimized with the Yoast SEO plugin v26.7 - https:\/\/yoast.com\/wordpress\/plugins\/seo\/ -->\n<title>Cultures en Andains - Fantini Italia<\/title>\n<meta name=\"description\" content=\"T\u00eates de ramassage pour r\u00e9colte en andain Fantini : 3 \u00e0 5 m, transmission m\u00e9canique ou hydraulique, compatible avec toutes les moissonneuses-batteuses.\" \/>\n<meta name=\"robots\" content=\"index, follow, max-snippet:-1, max-image-preview:large, max-video-preview:-1\" \/>\n<link rel=\"canonical\" href=\"https:\/\/www.fantiniworld.com\/fr\/produits\/moissonneuses-batteuses\/cultures-en-andains\/\" \/>\n<meta property=\"og:locale\" content=\"fr_FR\" \/>\n<meta property=\"og:type\" content=\"article\" \/>\n<meta property=\"og:title\" content=\"Cultures en Andains - Fantini Italia\" \/>\n<meta property=\"og:description\" content=\"T\u00eates de ramassage pour r\u00e9colte en andain Fantini : 3 \u00e0 5 m, transmission m\u00e9canique ou hydraulique, compatible avec toutes les moissonneuses-batteuses.\" \/>\n<meta property=\"og:url\" content=\"https:\/\/www.fantiniworld.com\/fr\/produits\/moissonneuses-batteuses\/cultures-en-andains\/\" \/>\n<meta property=\"og:site_name\" content=\"Fantini Italia\" \/>\n<meta property=\"article:publisher\" content=\"https:\/\/www.facebook.com\/FantiniHarvestingHeaders\/\" \/>\n<meta property=\"article:modified_time\" content=\"2025-07-07T15:57:30+00:00\" \/>\n<meta property=\"og:image\" content=\"https:\/\/www.fantiniworld.com\/wp-content\/uploads\/2025\/07\/fantini-website-image-1024x489.png\" \/>\n\t<meta property=\"og:image:width\" content=\"1024\" \/>\n\t<meta property=\"og:image:height\" content=\"489\" \/>\n\t<meta property=\"og:image:type\" content=\"image\/png\" \/>\n<meta name=\"twitter:card\" content=\"summary_large_image\" \/>\n<meta name=\"twitter:label1\" content=\"Dur\u00e9e de lecture estim\u00e9e\" \/>\n\t<meta name=\"twitter:data1\" content=\"2 minutes\" \/>\n<script type=\"application\/ld+json\" class=\"yoast-schema-graph\">{\"@context\":\"https:\/\/schema.org\",\"@graph\":[{\"@type\":\"WebPage\",\"@id\":\"https:\/\/www.fantiniworld.com\/fr\/produits\/moissonneuses-batteuses\/cultures-en-andains\/\",\"url\":\"https:\/\/www.fantiniworld.com\/fr\/produits\/moissonneuses-batteuses\/cultures-en-andains\/\",\"name\":\"Cultures en Andains - Fantini Italia\",\"isPartOf\":{\"@id\":\"https:\/\/www.fantiniworld.com\/fr\/?lang=hr\/#website\"},\"datePublished\":\"2025-02-13T11:56:23+00:00\",\"dateModified\":\"2025-07-07T15:57:30+00:00\",\"description\":\"T\u00eates de ramassage pour r\u00e9colte en andain Fantini : 3 \u00e0 5 m, transmission m\u00e9canique ou hydraulique, compatible avec toutes les moissonneuses-batteuses.\",\"breadcrumb\":{\"@id\":\"https:\/\/www.fantiniworld.com\/fr\/produits\/moissonneuses-batteuses\/cultures-en-andains\/#breadcrumb\"},\"inLanguage\":\"fr-FR\",\"potentialAction\":[{\"@type\":\"ReadAction\",\"target\":[\"https:\/\/www.fantiniworld.com\/fr\/produits\/moissonneuses-batteuses\/cultures-en-andains\/\"]}]},{\"@type\":\"BreadcrumbList\",\"@id\":\"https:\/\/www.fantiniworld.com\/fr\/produits\/moissonneuses-batteuses\/cultures-en-andains\/#breadcrumb\",\"itemListElement\":[{\"@type\":\"ListItem\",\"position\":1,\"name\":\"Home\",\"item\":\"https:\/\/www.fantiniworld.com\/fr\/accueil\/\"},{\"@type\":\"ListItem\",\"position\":2,\"name\":\"Produits\",\"item\":\"https:\/\/www.fantiniworld.com\/fr\/produits\/\"},{\"@type\":\"ListItem\",\"position\":3,\"name\":\"Moissonneuses-batteuses\",\"item\":\"https:\/\/www.fantiniworld.com\/fr\/produits\/moissonneuses-batteuses\/\"},{\"@type\":\"ListItem\",\"position\":4,\"name\":\"Cultures en Andains\"}]},{\"@type\":\"WebSite\",\"@id\":\"https:\/\/www.fantiniworld.com\/fr\/?lang=hr\/#website\",\"url\":\"https:\/\/www.fantiniworld.com\/fr\/?lang=hr\/\",\"name\":\"Fantini Italia S.r.L\",\"description\":\"I migliori raccolti dal 1968\",\"publisher\":{\"@id\":\"https:\/\/www.fantiniworld.com\/fr\/?lang=hr\/#organization\"},\"potentialAction\":[{\"@type\":\"SearchAction\",\"target\":{\"@type\":\"EntryPoint\",\"urlTemplate\":\"https:\/\/www.fantiniworld.com\/fr\/?lang=hr\/?s={search_term_string}\"},\"query-input\":{\"@type\":\"PropertyValueSpecification\",\"valueRequired\":true,\"valueName\":\"search_term_string\"}}],\"inLanguage\":\"fr-FR\"},{\"@type\":\"Organization\",\"@id\":\"https:\/\/www.fantiniworld.com\/fr\/?lang=hr\/#organization\",\"name\":\"Fantini Italia S.r.L\",\"alternateName\":\"Fantini Italia\",\"url\":\"https:\/\/www.fantiniworld.com\/fr\/?lang=hr\/\",\"logo\":{\"@type\":\"ImageObject\",\"inLanguage\":\"fr-FR\",\"@id\":\"https:\/\/www.fantiniworld.com\/fr\/?lang=hr\/#\/schema\/logo\/image\/\",\"url\":\"https:\/\/www.fantiniworld.com\/wp-content\/uploads\/2025\/06\/Risorsa-1logo.png\",\"contentUrl\":\"https:\/\/www.fantiniworld.com\/wp-content\/uploads\/2025\/06\/Risorsa-1logo.png\",\"width\":510,\"height\":167,\"caption\":\"Fantini Italia S.r.L\"},\"image\":{\"@id\":\"https:\/\/www.fantiniworld.com\/fr\/?lang=hr\/#\/schema\/logo\/image\/\"},\"sameAs\":[\"https:\/\/www.facebook.com\/FantiniHarvestingHeaders\/\"]}]}<\/script>\n<!-- \/ Yoast SEO plugin. -->","yoast_head_json":{"title":"Cultures en Andains - Fantini Italia","description":"T\u00eates de ramassage pour r\u00e9colte en andain Fantini : 3 \u00e0 5 m, transmission m\u00e9canique ou hydraulique, compatible avec toutes les moissonneuses-batteuses.","robots":{"index":"index","follow":"follow","max-snippet":"max-snippet:-1","max-image-preview":"max-image-preview:large","max-video-preview":"max-video-preview:-1"},"canonical":"https:\/\/www.fantiniworld.com\/fr\/produits\/moissonneuses-batteuses\/cultures-en-andains\/","og_locale":"fr_FR","og_type":"article","og_title":"Cultures en Andains - Fantini Italia","og_description":"T\u00eates de ramassage pour r\u00e9colte en andain Fantini : 3 \u00e0 5 m, transmission m\u00e9canique ou hydraulique, compatible avec toutes les moissonneuses-batteuses.","og_url":"https:\/\/www.fantiniworld.com\/fr\/produits\/moissonneuses-batteuses\/cultures-en-andains\/","og_site_name":"Fantini Italia","article_publisher":"https:\/\/www.facebook.com\/FantiniHarvestingHeaders\/","article_modified_time":"2025-07-07T15:57:30+00:00","og_image":[{"width":1024,"height":489,"url":"https:\/\/www.fantiniworld.com\/wp-content\/uploads\/2025\/07\/fantini-website-image-1024x489.png","type":"image\/png"}],"twitter_card":"summary_large_image","twitter_misc":{"Dur\u00e9e de lecture estim\u00e9e":"2 minutes"},"schema":{"@context":"https:\/\/schema.org","@graph":[{"@type":"WebPage","@id":"https:\/\/www.fantiniworld.com\/fr\/produits\/moissonneuses-batteuses\/cultures-en-andains\/","url":"https:\/\/www.fantiniworld.com\/fr\/produits\/moissonneuses-batteuses\/cultures-en-andains\/","name":"Cultures en Andains - Fantini Italia","isPartOf":{"@id":"https:\/\/www.fantiniworld.com\/fr\/?lang=hr\/#website"},"datePublished":"2025-02-13T11:56:23+00:00","dateModified":"2025-07-07T15:57:30+00:00","description":"T\u00eates de ramassage pour r\u00e9colte en andain Fantini : 3 \u00e0 5 m, transmission m\u00e9canique ou hydraulique, compatible avec toutes les moissonneuses-batteuses.","breadcrumb":{"@id":"https:\/\/www.fantiniworld.com\/fr\/produits\/moissonneuses-batteuses\/cultures-en-andains\/#breadcrumb"},"inLanguage":"fr-FR","potentialAction":[{"@type":"ReadAction","target":["https:\/\/www.fantiniworld.com\/fr\/produits\/moissonneuses-batteuses\/cultures-en-andains\/"]}]},{"@type":"BreadcrumbList","@id":"https:\/\/www.fantiniworld.com\/fr\/produits\/moissonneuses-batteuses\/cultures-en-andains\/#breadcrumb","itemListElement":[{"@type":"ListItem","position":1,"name":"Home","item":"https:\/\/www.fantiniworld.com\/fr\/accueil\/"},{"@type":"ListItem","position":2,"name":"Produits","item":"https:\/\/www.fantiniworld.com\/fr\/produits\/"},{"@type":"ListItem","position":3,"name":"Moissonneuses-batteuses","item":"https:\/\/www.fantiniworld.com\/fr\/produits\/moissonneuses-batteuses\/"},{"@type":"ListItem","position":4,"name":"Cultures en Andains"}]},{"@type":"WebSite","@id":"https:\/\/www.fantiniworld.com\/fr\/?lang=hr\/#website","url":"https:\/\/www.fantiniworld.com\/fr\/?lang=hr\/","name":"Fantini Italia S.r.L","description":"I migliori raccolti dal 1968","publisher":{"@id":"https:\/\/www.fantiniworld.com\/fr\/?lang=hr\/#organization"},"potentialAction":[{"@type":"SearchAction","target":{"@type":"EntryPoint","urlTemplate":"https:\/\/www.fantiniworld.com\/fr\/?lang=hr\/?s={search_term_string}"},"query-input":{"@type":"PropertyValueSpecification","valueRequired":true,"valueName":"search_term_string"}}],"inLanguage":"fr-FR"},{"@type":"Organization","@id":"https:\/\/www.fantiniworld.com\/fr\/?lang=hr\/#organization","name":"Fantini Italia S.r.L","alternateName":"Fantini Italia","url":"https:\/\/www.fantiniworld.com\/fr\/?lang=hr\/","logo":{"@type":"ImageObject","inLanguage":"fr-FR","@id":"https:\/\/www.fantiniworld.com\/fr\/?lang=hr\/#\/schema\/logo\/image\/","url":"https:\/\/www.fantiniworld.com\/wp-content\/uploads\/2025\/06\/Risorsa-1logo.png","contentUrl":"https:\/\/www.fantiniworld.com\/wp-content\/uploads\/2025\/06\/Risorsa-1logo.png","width":510,"height":167,"caption":"Fantini Italia S.r.L"},"image":{"@id":"https:\/\/www.fantiniworld.com\/fr\/?lang=hr\/#\/schema\/logo\/image\/"},"sameAs":["https:\/\/www.facebook.com\/FantiniHarvestingHeaders\/"]}]}},"_links":{"self":[{"href":"https:\/\/www.fantiniworld.com\/fr\/wp-json\/wp\/v2\/pages\/881","targetHints":{"allow":["GET"]}}],"collection":[{"href":"https:\/\/www.fantiniworld.com\/fr\/wp-json\/wp\/v2\/pages"}],"about":[{"href":"https:\/\/www.fantiniworld.com\/fr\/wp-json\/wp\/v2\/types\/page"}],"author":[{"embeddable":true,"href":"https:\/\/www.fantiniworld.com\/fr\/wp-json\/wp\/v2\/users\/1"}],"replies":[{"embeddable":true,"href":"https:\/\/www.fantiniworld.com\/fr\/wp-json\/wp\/v2\/comments?post=881"}],"version-history":[{"count":0,"href":"https:\/\/www.fantiniworld.com\/fr\/wp-json\/wp\/v2\/pages\/881\/revisions"}],"up":[{"embeddable":true,"href":"https:\/\/www.fantiniworld.com\/fr\/wp-json\/wp\/v2\/pages\/2407"}],"wp:attachment":[{"href":"https:\/\/www.fantiniworld.com\/fr\/wp-json\/wp\/v2\/media?parent=881"}],"curies":[{"name":"wp","href":"https:\/\/api.w.org\/{rel}","templated":true}]}}